{"id":13477,"date":"2026-02-27T00:18:05","date_gmt":"2026-02-27T00:18:05","guid":{"rendered":"https:\/\/nordicmart.andreevmaster.com\/product\/vasagle-6-hylligt-bokhyllestall-fristaende-hyllstall-kontorshyllestall-for-presentation\/"},"modified":"2026-02-27T08:11:16","modified_gmt":"2026-02-27T08:11:16","slug":"vasagle-6-hylligt-bokhyllestall-fristaende-hyllstall-kontorshyllestall-for-presentation","status":"publish","type":"product","link":"https:\/\/nordicmart.andreevmaster.com\/sv\/produkt\/vasagle-6-hylligt-bokhyllestall-fristaende-hyllstall-kontorshyllestall-for-presentation\/","title":{"rendered":"VASAGLE 6-hylligt bokhyllest\u00e4ll, frist\u00e5ende hyllst\u00e4ll, kontorshyllest\u00e4ll f\u00f6r presentation"},"content":{"rendered":"<p>En bra bokhylla ska maximera f\u00f6rvaringsutrymmet, men ta upp minimalt med plats i ditt arbetsrum eller din l\u00e4sh\u00f6rna. Denna eleganta S-formade bokhylla fr\u00e5n VASAGLE erbjuder flera niv\u00e5er f\u00f6r f\u00f6rvaring av dina b\u00f6cker eller mappar, utan att vara klumpig eller skrymmande. En dr\u00f6m f\u00f6r alla inredningsexperter. Tillverkad av stabil sp\u00e5nskiva och dekorativt f\u00f6rsedd med greigefan\u00e9r, kan denna hylla anv\u00e4ndas f\u00f6r b\u00f6cker, DVD-skivor, kontorsartiklar eller leksaker. F\u00f6rsk\u00f6na den dessutom med n\u00e5gra v\u00e4xter, bilder eller semesterminnen och l\u00e5t ditt vardagsrum eller kontor str\u00e5la i ny glans. Produktdetaljer: &#8211; F\u00e4rg: Greige &#8211; Material: Sp\u00e5nskiva med melaminfan\u00e9r &#8211; Storlek: 70 x 24 x 190,5 cm (L x B x H) &#8211; Vikt: 22 kg &#8211; Max. statisk belastningskapacitet per hylla: 10 kg Leveransomfattning: &#8211; 1 x bokhylla &#8211; 2 x tippskydd &#8211; 1 x tillbeh\u00f6rspaket &#8211; 1 x instruktioner (DE, EN, FR, ES, IT) VASAGLE Anm\u00e4rkningar:- Reng\u00f6r bokhyllan med en fuktig trasa och torka sedan av den.<\/p>\n","protected":false},"excerpt":{"rendered":"<p>VASAGLE bokhylla, hylla, stativhylla f\u00f6r presentation, frist\u00e5ende sk\u00e5p, dekorhylla med 6 niv\u00e5er, greige LBC061M01<\/p>\n","protected":false},"featured_media":41609,"comment_status":"open","ping_status":"closed","template":"","meta":[],"product_brand":[],"product_cat":[33],"product_tag":[],"class_list":{"0":"post-13477","1":"product","2":"type-product","3":"status-publish","4":"has-post-thumbnail","6":"product_cat-okategoriserad","8":"first","9":"instock","10":"shipping-taxable","11":"purchasable","12":"product-type-simple"},"_links":{"self":[{"href":"https:\/\/nordicmart.andreevmaster.com\/sv\/wp-json\/wp\/v2\/product\/13477","targetHints":{"allow":["GET"]}}],"collection":[{"href":"https:\/\/nordicmart.andreevmaster.com\/sv\/wp-json\/wp\/v2\/product"}],"about":[{"href":"https:\/\/nordicmart.andreevmaster.com\/sv\/wp-json\/wp\/v2\/types\/product"}],"replies":[{"embeddable":true,"href":"https:\/\/nordicmart.andreevmaster.com\/sv\/wp-json\/wp\/v2\/comments?post=13477"}],"wp:featuredmedia":[{"embeddable":true,"href":"https:\/\/nordicmart.andreevmaster.com\/sv\/wp-json\/wp\/v2\/media\/41609"}],"wp:attachment":[{"href":"https:\/\/nordicmart.andreevmaster.com\/sv\/wp-json\/wp\/v2\/media?parent=13477"}],"wp:term":[{"taxonomy":"product_brand","embeddable":true,"href":"https:\/\/nordicmart.andreevmaster.com\/sv\/wp-json\/wp\/v2\/product_brand?post=13477"},{"taxonomy":"product_cat","embeddable":true,"href":"https:\/\/nordicmart.andreevmaster.com\/sv\/wp-json\/wp\/v2\/product_cat?post=13477"},{"taxonomy":"product_tag","embeddable":true,"href":"https:\/\/nordicmart.andreevmaster.com\/sv\/wp-json\/wp\/v2\/product_tag?post=13477"}],"curies":[{"name":"wp","href":"https:\/\/api.w.org\/{rel}","templated":true}]}}