{"id":13472,"date":"2026-02-27T00:18:04","date_gmt":"2026-02-27T00:18:04","guid":{"rendered":"https:\/\/nordicmart.andreevmaster.com\/product\/vasagle-barstolar-2-pack-barstolar-65-cm-hoga-koksstolar-med-metallstativ\/"},"modified":"2026-02-27T08:11:15","modified_gmt":"2026-02-27T08:11:15","slug":"vasagle-barstolar-2-pack-barstolar-65-cm-hoga-koksstolar-med-metallstativ","status":"publish","type":"product","link":"https:\/\/nordicmart.andreevmaster.com\/sv\/produkt\/vasagle-barstolar-2-pack-barstolar-65-cm-hoga-koksstolar-med-metallstativ\/","title":{"rendered":"VASAGLE Barstolar 2-pack, barstolar 65 cm h\u00f6ga, k\u00f6ksstolar med metallstativ"},"content":{"rendered":"<p>VASAGLE barstolar, 2-pack barstolar, k\u00f6ksstolar med stabil st\u00e5lram, h\u00f6jd 65 cm, runda, enkel montering, industriell stil, greige-svart LBC032B02<\/p>\n<p>Specifikationer:<\/p>\n<p>&#8211; M\u00e5tt per pall: 32 cm djup, 65 cm h\u00f6jd<br \/>\n&#8211; Totalvikt: 7,5 kg<br \/>\n&#8211; Max. statisk b\u00e4rf\u00f6rm\u00e5ga per pall: 110 kg<br \/>\n&#8211; Material: sp\u00e5nskiva, st\u00e5l<br \/>\n&#8211; F\u00e4rg: svart<\/p>\n","protected":false},"excerpt":{"rendered":"<p>VASAGLE barstolar, 2-pack barstolar, k\u00f6ksstolar med stabil st\u00e5lram, h\u00f6jd 65 cm, runda, enkel montering, industriell stil, greige-svart LBC032B02<\/p>\n","protected":false},"featured_media":41604,"comment_status":"open","ping_status":"closed","template":"","meta":[],"product_brand":[],"product_cat":[33],"product_tag":[],"class_list":{"0":"post-13472","1":"product","2":"type-product","3":"status-publish","4":"has-post-thumbnail","6":"product_cat-okategoriserad","8":"first","9":"instock","10":"shipping-taxable","11":"purchasable","12":"product-type-simple"},"_links":{"self":[{"href":"https:\/\/nordicmart.andreevmaster.com\/sv\/wp-json\/wp\/v2\/product\/13472","targetHints":{"allow":["GET"]}}],"collection":[{"href":"https:\/\/nordicmart.andreevmaster.com\/sv\/wp-json\/wp\/v2\/product"}],"about":[{"href":"https:\/\/nordicmart.andreevmaster.com\/sv\/wp-json\/wp\/v2\/types\/product"}],"replies":[{"embeddable":true,"href":"https:\/\/nordicmart.andreevmaster.com\/sv\/wp-json\/wp\/v2\/comments?post=13472"}],"wp:featuredmedia":[{"embeddable":true,"href":"https:\/\/nordicmart.andreevmaster.com\/sv\/wp-json\/wp\/v2\/media\/41604"}],"wp:attachment":[{"href":"https:\/\/nordicmart.andreevmaster.com\/sv\/wp-json\/wp\/v2\/media?parent=13472"}],"wp:term":[{"taxonomy":"product_brand","embeddable":true,"href":"https:\/\/nordicmart.andreevmaster.com\/sv\/wp-json\/wp\/v2\/product_brand?post=13472"},{"taxonomy":"product_cat","embeddable":true,"href":"https:\/\/nordicmart.andreevmaster.com\/sv\/wp-json\/wp\/v2\/product_cat?post=13472"},{"taxonomy":"product_tag","embeddable":true,"href":"https:\/\/nordicmart.andreevmaster.com\/sv\/wp-json\/wp\/v2\/product_tag?post=13472"}],"curies":[{"name":"wp","href":"https:\/\/api.w.org\/{rel}","templated":true}]}}