{"id":13470,"date":"2026-02-27T00:18:04","date_gmt":"2026-02-27T00:18:04","guid":{"rendered":"https:\/\/nordicmart.andreevmaster.com\/product\/vasagle-skoskap-skokommod-med-2-luckor-justerbara-skiljevaggar\/"},"modified":"2026-02-27T08:11:15","modified_gmt":"2026-02-27T08:11:15","slug":"vasagle-skoskap-skokommod-med-2-luckor-justerbara-skiljevaggar","status":"publish","type":"product","link":"https:\/\/nordicmart.andreevmaster.com\/sv\/produkt\/vasagle-skoskap-skokommod-med-2-luckor-justerbara-skiljevaggar\/","title":{"rendered":"VASAGLE skosk\u00e5p, skokommod med 2 luckor, justerbara skiljev\u00e4ggar"},"content":{"rendered":"<p>\u00c4ntligen kan du f\u00e5 ordning p\u00e5 skokoset genom att f\u00f6rvara alla skor snyggt och prydligt i v\u00e5rt skosk\u00e5p! Med sin vita yta skapar skokommoden en diskret atmosf\u00e4r i din l\u00e4genhet. De 2 robusta luckorna \u00e4r l\u00e4tta att \u00f6ppna och avsl\u00f6jar gott om f\u00f6rvaringsutrymme f\u00f6r dina skor. Oavsett om det \u00e4r sm\u00e5 pumps, stora k\u00e4ngor eller till och med ankelskor, kan du f\u00f6rvara alla dina favoritskor tack vare de justerbara och avtagbara skiljev\u00e4ggarna. \u00c4ven modeller upp till skostorlek 46 f\u00f6rsvinner helt i facken. Skosk\u00e5pet \u00e4r tillr\u00e4ckligt smalt f\u00f6r att f\u00e5 plats \u00e4ven i en liten hall. Du kan sedan f\u00f6rsk\u00f6na den genom att placera vackra dekorationer eller en v\u00e4xt p\u00e5 skosk\u00e5pet. Eftersom v\u00e5r skokommod har en bakv\u00e4gg kan skorna inte smutsiga ner din v\u00e4gg. De medf\u00f6ljande fotglidarna skyddar dessutom ditt golv fr\u00e5n repor. F\u00f6r att skokommoden ska st\u00e5 stadigt \u00e4ven n\u00e4r den \u00e4r fullastad ing\u00e5r ett tippskydd i leveransen. K\u00f6p v\u00e5rt dekorativa skost\u00e4ll och skapa ordning i den l\u00f6sa skoh\u00f6gen bredvid din ytterd\u00f6rr! Produktdetaljer: &#8211; F\u00e4rg: vit &#8211; Material: sp\u00e5nskiva (klass E1) med melaminbel\u00e4ggning &#8211; Max. belastningskapacitet per lucka: 10 kg &#8211; M\u00e5tt: 60 x 83,5 x 24 cm (B x H x D) &#8211; Vikt: 15 kg Leveransomfattning: &#8211; 1 x skosk\u00e5p &#8211; 1 x monteringsanvisning (DE, EN, FR, IT, ES) &#8211; 1 x tillbeh\u00f6rsp\u00e5se VASAGLE Anm\u00e4rkningar: &#8211; Skosk\u00e5pet m\u00e5ste absolut f\u00e4stas p\u00e5 v\u00e4ggen. &#8211; Montera produkten enligt monteringsanvisningarna.<\/p>\n","protected":false},"excerpt":{"rendered":"<p>VASAGLE skosk\u00e5p med 2 luckor, vit skotippare, justerbar skokommod f\u00f6r 12 par damskor eller 8 par herrskor, f\u00f6r smala hallar, 60 x 83,5 x 24 cm (B x H x D) Vit LBC02WT<\/p>\n","protected":false},"featured_media":41602,"comment_status":"open","ping_status":"closed","template":"","meta":[],"product_brand":[],"product_cat":[33],"product_tag":[],"class_list":{"0":"post-13470","1":"product","2":"type-product","3":"status-publish","4":"has-post-thumbnail","6":"product_cat-okategoriserad","8":"first","9":"instock","10":"shipping-taxable","11":"purchasable","12":"product-type-simple"},"_links":{"self":[{"href":"https:\/\/nordicmart.andreevmaster.com\/sv\/wp-json\/wp\/v2\/product\/13470","targetHints":{"allow":["GET"]}}],"collection":[{"href":"https:\/\/nordicmart.andreevmaster.com\/sv\/wp-json\/wp\/v2\/product"}],"about":[{"href":"https:\/\/nordicmart.andreevmaster.com\/sv\/wp-json\/wp\/v2\/types\/product"}],"replies":[{"embeddable":true,"href":"https:\/\/nordicmart.andreevmaster.com\/sv\/wp-json\/wp\/v2\/comments?post=13470"}],"wp:featuredmedia":[{"embeddable":true,"href":"https:\/\/nordicmart.andreevmaster.com\/sv\/wp-json\/wp\/v2\/media\/41602"}],"wp:attachment":[{"href":"https:\/\/nordicmart.andreevmaster.com\/sv\/wp-json\/wp\/v2\/media?parent=13470"}],"wp:term":[{"taxonomy":"product_brand","embeddable":true,"href":"https:\/\/nordicmart.andreevmaster.com\/sv\/wp-json\/wp\/v2\/product_brand?post=13470"},{"taxonomy":"product_cat","embeddable":true,"href":"https:\/\/nordicmart.andreevmaster.com\/sv\/wp-json\/wp\/v2\/product_cat?post=13470"},{"taxonomy":"product_tag","embeddable":true,"href":"https:\/\/nordicmart.andreevmaster.com\/sv\/wp-json\/wp\/v2\/product_tag?post=13470"}],"curies":[{"name":"wp","href":"https:\/\/api.w.org\/{rel}","templated":true}]}}