{"id":13468,"date":"2026-02-27T00:18:03","date_gmt":"2026-02-27T00:18:03","guid":{"rendered":"https:\/\/nordicmart.andreevmaster.com\/product\/vasagle-bokhylla-bokskap-med-5-fack\/"},"modified":"2026-02-27T08:11:15","modified_gmt":"2026-02-27T08:11:15","slug":"vasagle-bokhylla-bokskap-med-5-fack","status":"publish","type":"product","link":"https:\/\/nordicmart.andreevmaster.com\/sv\/produkt\/vasagle-bokhylla-bokskap-med-5-fack\/","title":{"rendered":"VASAGLE bokhylla, boksk\u00e5p, med 5 fack"},"content":{"rendered":"<p>Ge dina favoritb\u00f6cker en hedersplats i din l\u00e4genhet! V\u00e5r bokhylla passar harmoniskt in i olika inredningsstilar \u2013 oavsett om det \u00e4r lantlig stil, vintage, industriell stil eller shabby chic. St\u00e4ll hyllan i barnrummet f\u00f6r att ordna dina sm\u00e5 \u00e4lsklingars skolb\u00f6cker. Placera den i vardagsrummet bredvid din l\u00e4sf\u00e5t\u00f6lj och skapa en bekv\u00e4m l\u00e4sh\u00f6rna. Den passar ocks\u00e5 bra som TV-b\u00e4nk. Vad? Saknar du f\u00f6rvaringsutrymme i sovrummet? Ingen fara, den h\u00e4r hyllan \u00e4r precis vad du beh\u00f6ver!  Den h\u00e4r st\u00e5ende hyllan \u00e4r mycket enkel att montera, \u00e4ven f\u00f6r personer som inte \u00e4r s\u00e5 h\u00e4ndiga, tack vare den medf\u00f6ljande monteringsanvisningen p\u00e5 flera spr\u00e5k. Alla delar \u00e4r tydligt m\u00e4rkta s\u00e5 att du snabbt hittar r\u00e4tt. Dessutom har sidopanelerna f\u00f6rdjupningar d\u00e4r bakpanelen enkelt kan skjutas in. Oroar du dig fortfarande f\u00f6r hyllans stabilitet? Bakpanelen f\u00e4sts dessutom med skruvar, vilket \u00f6kar stabiliteten avsev\u00e4rt. En reservskruv f\u00f6r framtida behov medf\u00f6ljer ocks\u00e5. Dessutom \u00e4r v\u00e5r bokhylla utrustad med ett tippskydd som ger \u00f6kad s\u00e4kerhet. Vad mer? Vi tillhandah\u00e5ller praktiska fotkuddar f\u00f6r att skydda ditt golv fr\u00e5n repor.  Unna dig denna multifunktionella hylla och njut av mysiga l\u00e4sstunder efter jobbet! Produktdetaljer: &#8211; F\u00e4rg: Vintagebrun &#8211; Material: Sp\u00e5nskiva &#8211; Max. statisk belastningskapacitet per hylla: 8 kg &#8211; Storlek: 50 x 24 x 80 cm (L x B x H) &#8211; Vikt: 10,5 kg Leveransomfattning: &#8211; 1 x bokhylla &#8211; 1 x tillbeh\u00f6rspaket &#8211; 1 x instruktioner (DE, EN, FR, ES, IT)<\/p>\n","protected":false},"excerpt":{"rendered":"<p>VASAGLE bokhylla med 5 fack, boksk\u00e5p, displayhylla, 50 x 80 x 24 cm (B x H x D) (vintage) LBC025X01<\/p>\n","protected":false},"featured_media":41600,"comment_status":"open","ping_status":"closed","template":"","meta":[],"product_brand":[],"product_cat":[33],"product_tag":[],"class_list":{"0":"post-13468","1":"product","2":"type-product","3":"status-publish","4":"has-post-thumbnail","6":"product_cat-okategoriserad","8":"first","9":"instock","10":"shipping-taxable","11":"purchasable","12":"product-type-simple"},"_links":{"self":[{"href":"https:\/\/nordicmart.andreevmaster.com\/sv\/wp-json\/wp\/v2\/product\/13468","targetHints":{"allow":["GET"]}}],"collection":[{"href":"https:\/\/nordicmart.andreevmaster.com\/sv\/wp-json\/wp\/v2\/product"}],"about":[{"href":"https:\/\/nordicmart.andreevmaster.com\/sv\/wp-json\/wp\/v2\/types\/product"}],"replies":[{"embeddable":true,"href":"https:\/\/nordicmart.andreevmaster.com\/sv\/wp-json\/wp\/v2\/comments?post=13468"}],"wp:featuredmedia":[{"embeddable":true,"href":"https:\/\/nordicmart.andreevmaster.com\/sv\/wp-json\/wp\/v2\/media\/41600"}],"wp:attachment":[{"href":"https:\/\/nordicmart.andreevmaster.com\/sv\/wp-json\/wp\/v2\/media?parent=13468"}],"wp:term":[{"taxonomy":"product_brand","embeddable":true,"href":"https:\/\/nordicmart.andreevmaster.com\/sv\/wp-json\/wp\/v2\/product_brand?post=13468"},{"taxonomy":"product_cat","embeddable":true,"href":"https:\/\/nordicmart.andreevmaster.com\/sv\/wp-json\/wp\/v2\/product_cat?post=13468"},{"taxonomy":"product_tag","embeddable":true,"href":"https:\/\/nordicmart.andreevmaster.com\/sv\/wp-json\/wp\/v2\/product_tag?post=13468"}],"curies":[{"name":"wp","href":"https:\/\/api.w.org\/{rel}","templated":true}]}}