{"id":13465,"date":"2026-02-27T00:18:02","date_gmt":"2026-02-27T00:18:02","guid":{"rendered":"https:\/\/nordicmart.andreevmaster.com\/product\/vasagle-bokhylla-4-oppna-hyllplan-bokskap\/"},"modified":"2026-02-27T08:11:14","modified_gmt":"2026-02-27T08:11:14","slug":"vasagle-bokhylla-4-oppna-hyllplan-bokskap","status":"publish","type":"product","link":"https:\/\/nordicmart.andreevmaster.com\/sv\/produkt\/vasagle-bokhylla-4-oppna-hyllplan-bokskap\/","title":{"rendered":"VASAGLE bokhylla, 4 \u00f6ppna hyllplan, boksk\u00e5p"},"content":{"rendered":"<p>VASAGLE bokhylla, boksk\u00e5p med 4 \u00f6ppna hyllplan, rymligt vardagsrumssk\u00e5p, k\u00f6k, kontor, stabilt st\u00e5lstativ, industriell design, vintagebrun-svart LBC022B01<br \/>\n&#8211; F\u00e4rg: kamelbrun-bl\u00e4ksvart<br \/>\n&#8211; Material: sp\u00e5nskiva, st\u00e5l<br \/>\n&#8211; Storlek: 30 x 74 x 154,5 cm (D x B x H)<br \/>\n&#8211; Vikt: 25,7 kg<br \/>\n&#8211; Max. statisk belastningskapacitet per hyllplan: 20 kg<\/p>\n","protected":false},"excerpt":{"rendered":"<p>VASAGLE bokhylla, boksk\u00e5p med 4 \u00f6ppna hyllplan, rymligt vardagsrumssk\u00e5p, k\u00f6k, kontor, stabilt st\u00e5lstativ, industriell design, vintagebrun-svart LBC022B01<\/p>\n","protected":false},"featured_media":41597,"comment_status":"open","ping_status":"closed","template":"","meta":[],"product_brand":[],"product_cat":[33],"product_tag":[],"class_list":{"0":"post-13465","1":"product","2":"type-product","3":"status-publish","4":"has-post-thumbnail","6":"product_cat-okategoriserad","8":"first","9":"instock","10":"shipping-taxable","11":"purchasable","12":"product-type-simple"},"_links":{"self":[{"href":"https:\/\/nordicmart.andreevmaster.com\/sv\/wp-json\/wp\/v2\/product\/13465","targetHints":{"allow":["GET"]}}],"collection":[{"href":"https:\/\/nordicmart.andreevmaster.com\/sv\/wp-json\/wp\/v2\/product"}],"about":[{"href":"https:\/\/nordicmart.andreevmaster.com\/sv\/wp-json\/wp\/v2\/types\/product"}],"replies":[{"embeddable":true,"href":"https:\/\/nordicmart.andreevmaster.com\/sv\/wp-json\/wp\/v2\/comments?post=13465"}],"wp:featuredmedia":[{"embeddable":true,"href":"https:\/\/nordicmart.andreevmaster.com\/sv\/wp-json\/wp\/v2\/media\/41597"}],"wp:attachment":[{"href":"https:\/\/nordicmart.andreevmaster.com\/sv\/wp-json\/wp\/v2\/media?parent=13465"}],"wp:term":[{"taxonomy":"product_brand","embeddable":true,"href":"https:\/\/nordicmart.andreevmaster.com\/sv\/wp-json\/wp\/v2\/product_brand?post=13465"},{"taxonomy":"product_cat","embeddable":true,"href":"https:\/\/nordicmart.andreevmaster.com\/sv\/wp-json\/wp\/v2\/product_cat?post=13465"},{"taxonomy":"product_tag","embeddable":true,"href":"https:\/\/nordicmart.andreevmaster.com\/sv\/wp-json\/wp\/v2\/product_tag?post=13465"}],"curies":[{"name":"wp","href":"https:\/\/api.w.org\/{rel}","templated":true}]}}