{"id":13461,"date":"2026-02-27T00:18:01","date_gmt":"2026-02-27T00:18:01","guid":{"rendered":"https:\/\/nordicmart.andreevmaster.com\/product\/vasagle-ekho-kollektion-barstolar-2-pack-med-ryggstod-vridbara-skogsgrona\/"},"modified":"2026-02-27T08:11:13","modified_gmt":"2026-02-27T08:11:13","slug":"vasagle-ekho-kollektion-barstolar-2-pack-med-ryggstod-vridbara-skogsgrona","status":"publish","type":"product","link":"https:\/\/nordicmart.andreevmaster.com\/sv\/produkt\/vasagle-ekho-kollektion-barstolar-2-pack-med-ryggstod-vridbara-skogsgrona\/","title":{"rendered":"VASAGLE EKHO-kollektion \u2013 Barstolar, 2-pack, med ryggst\u00f6d, vridbara, skogsgr\u00f6na"},"content":{"rendered":"<p>VASAGLE EKHO-kollektion \u2013 2-pack barstolar, vridbara barstolar med ryggst\u00f6d, konstl\u00e4der, med s\u00f6mmar, mid-century modern stil, 65 cm h\u00f6ga, k\u00f6k, hembar<br \/>\n&#8211; F\u00e4rg: skogsgr\u00f6n<br \/>\n&#8211; Material: st\u00e5l, 58D formskum, PU-konstl\u00e4der (polyuretan), plywood<br \/>\n&#8211; Storlek per pall: 57 x 57 x 101 cm (D x B x H\uff09<br \/>\n&#8211; Sitth\u00f6jd: 76 cm<br \/>\n&#8211; Totalvikt: 14,2 kg<br \/>\n&#8211; Max. statisk belastningskapacitet per pall: 120 kg<\/p>\n","protected":false},"excerpt":{"rendered":"<p>VASAGLE EKHO-kollektion \u2013 2-pack barstolar, vridbara barstolar med ryggst\u00f6d, konstl\u00e4der, med s\u00f6mmar, mid-century modern stil, 65 cm h\u00f6ga, k\u00f6k, hembar<\/p>\n","protected":false},"featured_media":0,"comment_status":"open","ping_status":"closed","template":"","meta":[],"product_brand":[],"product_cat":[33],"product_tag":[],"class_list":{"0":"post-13461","1":"product","2":"type-product","3":"status-publish","5":"product_cat-okategoriserad","7":"first","8":"instock","9":"shipping-taxable","10":"purchasable","11":"product-type-simple"},"_links":{"self":[{"href":"https:\/\/nordicmart.andreevmaster.com\/sv\/wp-json\/wp\/v2\/product\/13461","targetHints":{"allow":["GET"]}}],"collection":[{"href":"https:\/\/nordicmart.andreevmaster.com\/sv\/wp-json\/wp\/v2\/product"}],"about":[{"href":"https:\/\/nordicmart.andreevmaster.com\/sv\/wp-json\/wp\/v2\/types\/product"}],"replies":[{"embeddable":true,"href":"https:\/\/nordicmart.andreevmaster.com\/sv\/wp-json\/wp\/v2\/comments?post=13461"}],"wp:attachment":[{"href":"https:\/\/nordicmart.andreevmaster.com\/sv\/wp-json\/wp\/v2\/media?parent=13461"}],"wp:term":[{"taxonomy":"product_brand","embeddable":true,"href":"https:\/\/nordicmart.andreevmaster.com\/sv\/wp-json\/wp\/v2\/product_brand?post=13461"},{"taxonomy":"product_cat","embeddable":true,"href":"https:\/\/nordicmart.andreevmaster.com\/sv\/wp-json\/wp\/v2\/product_cat?post=13461"},{"taxonomy":"product_tag","embeddable":true,"href":"https:\/\/nordicmart.andreevmaster.com\/sv\/wp-json\/wp\/v2\/product_tag?post=13461"}],"curies":[{"name":"wp","href":"https:\/\/api.w.org\/{rel}","templated":true}]}}