{"id":13458,"date":"2026-02-27T00:18:01","date_gmt":"2026-02-27T00:18:01","guid":{"rendered":"https:\/\/nordicmart.andreevmaster.com\/product\/vasagle-barstolar-2-pack-73-cm-hoga-black-svarta\/"},"modified":"2026-02-27T08:11:13","modified_gmt":"2026-02-27T08:11:13","slug":"vasagle-barstolar-2-pack-73-cm-hoga-black-svarta","status":"publish","type":"product","link":"https:\/\/nordicmart.andreevmaster.com\/sv\/produkt\/vasagle-barstolar-2-pack-73-cm-hoga-black-svarta\/","title":{"rendered":"VASAGLE barstolar, 2-pack, 73 cm h\u00f6ga, bl\u00e4ck svarta"},"content":{"rendered":"<p>VASAGLE barstolar, 2-pack, ergonomiskt ryggst\u00f6d, konstl\u00e4der, metallben med justerbara universalf\u00f6tter, hembar, enkel montering<br \/>\nF\u00e4rg: bl\u00e4ck svart<br \/>\nMaterial: Kautschuktr\u00e4, st\u00e5l, skumplast, PU-konstl\u00e4der (polyuretan)<br \/>\nStorlek: 49,5 x 50 x 98,5 cm (D x B x H)<br \/>\nSitsh\u00f6jd (fr\u00e5n golvet): 73 cm<br \/>\nTotalvikt: 14,4 kg<br \/>\nMax. statisk belastningskapacitet per pall: 120 kg<\/p>\n","protected":false},"excerpt":{"rendered":"<p>VASAGLE barstolar, 2-pack, ergonomiskt ryggst\u00f6d, konstl\u00e4der, metallben med justerbara universalf\u00f6tter, hembar, enkel montering<\/p>\n","protected":false},"featured_media":41593,"comment_status":"open","ping_status":"closed","template":"","meta":[],"product_brand":[],"product_cat":[33],"product_tag":[],"class_list":{"0":"post-13458","1":"product","2":"type-product","3":"status-publish","4":"has-post-thumbnail","6":"product_cat-okategoriserad","8":"first","9":"instock","10":"shipping-taxable","11":"purchasable","12":"product-type-simple"},"_links":{"self":[{"href":"https:\/\/nordicmart.andreevmaster.com\/sv\/wp-json\/wp\/v2\/product\/13458","targetHints":{"allow":["GET"]}}],"collection":[{"href":"https:\/\/nordicmart.andreevmaster.com\/sv\/wp-json\/wp\/v2\/product"}],"about":[{"href":"https:\/\/nordicmart.andreevmaster.com\/sv\/wp-json\/wp\/v2\/types\/product"}],"replies":[{"embeddable":true,"href":"https:\/\/nordicmart.andreevmaster.com\/sv\/wp-json\/wp\/v2\/comments?post=13458"}],"wp:featuredmedia":[{"embeddable":true,"href":"https:\/\/nordicmart.andreevmaster.com\/sv\/wp-json\/wp\/v2\/media\/41593"}],"wp:attachment":[{"href":"https:\/\/nordicmart.andreevmaster.com\/sv\/wp-json\/wp\/v2\/media?parent=13458"}],"wp:term":[{"taxonomy":"product_brand","embeddable":true,"href":"https:\/\/nordicmart.andreevmaster.com\/sv\/wp-json\/wp\/v2\/product_brand?post=13458"},{"taxonomy":"product_cat","embeddable":true,"href":"https:\/\/nordicmart.andreevmaster.com\/sv\/wp-json\/wp\/v2\/product_cat?post=13458"},{"taxonomy":"product_tag","embeddable":true,"href":"https:\/\/nordicmart.andreevmaster.com\/sv\/wp-json\/wp\/v2\/product_tag?post=13458"}],"curies":[{"name":"wp","href":"https:\/\/api.w.org\/{rel}","templated":true}]}}