{"id":13457,"date":"2026-02-27T00:18:00","date_gmt":"2026-02-27T00:18:00","guid":{"rendered":"https:\/\/nordicmart.andreevmaster.com\/product\/vasagle-bokhylla-med-13-fack\/"},"modified":"2026-02-27T08:11:13","modified_gmt":"2026-02-27T08:11:13","slug":"vasagle-bokhylla-med-13-fack","status":"publish","type":"product","link":"https:\/\/nordicmart.andreevmaster.com\/sv\/produkt\/vasagle-bokhylla-med-13-fack\/","title":{"rendered":"VASAGLE bokhylla med 13 fack"},"content":{"rendered":"<p>En plats full av avkoppling och lugn St\u00e4ll denna bokhylla bredvid ett f\u00f6nster, s\u00e4tt dig i en stol, \u00f6ppna din favoritroman och f\u00f6rdjupa dig i en fascinerande v\u00e4rld medan du omges av behagligt solljus. Denna bokhylla g\u00f6r det m\u00f6jligt f\u00f6r dig att utforska fr\u00e4mmande platser och tider utan att beh\u00f6va l\u00e4mna ditt rum. Sm\u00e5 detaljer g\u00f6r stor skillnad Titta noga p\u00e5 denna bokhylla! Den \u00e4r belagd med melaminfan\u00e9r, vilket g\u00f6r ytan behagligt sl\u00e4t och ger ingen obehaglig lukt. Ta hem denna eleganta f\u00f6rvaringshylla och visa upp din alldeles egna stil! Produktdetaljer: &#8211; F\u00e4rg: Vintagebrun &#8211; Material: Sp\u00e5nskiva, melaminfan\u00e9r &#8211; Storlek: 86 x 25 x 140 cm (L x B x H) &#8211; Vikt: 18,9 kg &#8211; Max. statisk belastningskapacitet per hylla: 10 kg &#8211; Max. statisk belastningskapacitet totalt: 80 kg Leveransomfattning:- 1 x bokhylla &#8211; 1 x tippskydd &#8211; 1 x tillbeh\u00f6rsp\u00e5se &#8211; 1 x bruksanvisning (DE, EN, FR, ES, IT) VASAGLE Anvisningar: &#8211; Av s\u00e4kerhetssk\u00e4l \u00e4r det f\u00f6rbjudet f\u00f6r barn att kl\u00e4ttra p\u00e5 eller leka med produkten. &#8211; Den maximala statiska belastningen per fack \u00e4r 10 kg. \u00d6verskrid inte denna maximala vikt. &#8211; F\u00e4st produkten p\u00e5 v\u00e4ggen med det medf\u00f6ljande tippskyddet f\u00f6r att garantera s\u00e4ker anv\u00e4ndning. &#8211; Lyft hyllan om du vill flytta den. Dra den inte \u00f6ver golvet.<\/p>\n","protected":false},"excerpt":{"rendered":"<p>VASAGLE bokhylla i tr\u00e4dform, stativhylla med 13 fack, f\u00f6rvaringshylla, 86 x 25 x 140 cm, med rundade h\u00f6rn, vintagebrun LBC67BXV1<\/p>\n","protected":false},"featured_media":41592,"comment_status":"open","ping_status":"closed","template":"","meta":[],"product_brand":[],"product_cat":[33],"product_tag":[],"class_list":{"0":"post-13457","1":"product","2":"type-product","3":"status-publish","4":"has-post-thumbnail","6":"product_cat-okategoriserad","8":"first","9":"instock","10":"shipping-taxable","11":"purchasable","12":"product-type-simple"},"_links":{"self":[{"href":"https:\/\/nordicmart.andreevmaster.com\/sv\/wp-json\/wp\/v2\/product\/13457","targetHints":{"allow":["GET"]}}],"collection":[{"href":"https:\/\/nordicmart.andreevmaster.com\/sv\/wp-json\/wp\/v2\/product"}],"about":[{"href":"https:\/\/nordicmart.andreevmaster.com\/sv\/wp-json\/wp\/v2\/types\/product"}],"replies":[{"embeddable":true,"href":"https:\/\/nordicmart.andreevmaster.com\/sv\/wp-json\/wp\/v2\/comments?post=13457"}],"wp:featuredmedia":[{"embeddable":true,"href":"https:\/\/nordicmart.andreevmaster.com\/sv\/wp-json\/wp\/v2\/media\/41592"}],"wp:attachment":[{"href":"https:\/\/nordicmart.andreevmaster.com\/sv\/wp-json\/wp\/v2\/media?parent=13457"}],"wp:term":[{"taxonomy":"product_brand","embeddable":true,"href":"https:\/\/nordicmart.andreevmaster.com\/sv\/wp-json\/wp\/v2\/product_brand?post=13457"},{"taxonomy":"product_cat","embeddable":true,"href":"https:\/\/nordicmart.andreevmaster.com\/sv\/wp-json\/wp\/v2\/product_cat?post=13457"},{"taxonomy":"product_tag","embeddable":true,"href":"https:\/\/nordicmart.andreevmaster.com\/sv\/wp-json\/wp\/v2\/product_tag?post=13457"}],"curies":[{"name":"wp","href":"https:\/\/api.w.org\/{rel}","templated":true}]}}