{"id":13456,"date":"2026-02-27T00:18:00","date_gmt":"2026-02-27T00:18:00","guid":{"rendered":"https:\/\/nordicmart.andreevmaster.com\/product\/bokhylla-traformad-bokhylla-med-13-forvaringshyllor-86-x-25-x-140-cm-med-rundade-horn-rustik-brun-lbc67bxv1\/"},"modified":"2026-02-27T08:11:12","modified_gmt":"2026-02-27T08:11:12","slug":"bokhylla-traformad-bokhylla-med-13-forvaringshyllor-86-x-25-x-140-cm-med-rundade-horn-rustik-brun-lbc67bxv1","status":"publish","type":"product","link":"https:\/\/nordicmart.andreevmaster.com\/sv\/produkt\/bokhylla-traformad-bokhylla-med-13-forvaringshyllor-86-x-25-x-140-cm-med-rundade-horn-rustik-brun-lbc67bxv1\/","title":{"rendered":"Bokhylla, tr\u00e4formad bokhylla med 13 f\u00f6rvaringshyllor, 86 x 25 x 140 cm, med rundade h\u00f6rn, rustik brun LBC67BXV1"},"content":{"rendered":"<p>En inbjudan till naturen: Som ett vackert, majest\u00e4tiskt tr\u00e4d med silkeslen, brun bark sprider denna stora bokhylla sina grenar i ditt vardagsrum f\u00f6r att f\u00f6rh\u00f6ja din l\u00e4sh\u00f6rna. L\u00e5t skogens fridfulla lugn komma in i ditt hem!<\/p>\n<p>Massor av f\u00f6rvaringsutrymme: St\u00e4ll dina b\u00f6cker p\u00e5 denna tr\u00e4dformade hylla f\u00f6r att f\u00f6rvandla den till ett storslaget frukttr\u00e4d. Den har 13 fack f\u00f6r f\u00f6rvaring av dina b\u00f6cker &#8230; men det \u00e4r inte allt! Placera cd-skivor, tidningar, dekorationer, krukv\u00e4xter och mycket mer p\u00e5 plats! Ingen besv\u00e4rlighet: Slappna av! Med rundade h\u00f6rn som f\u00f6rhindrar st\u00f6tar, tv\u00e5 bakpaneler och sidopaneler som h\u00e5ller b\u00f6ckerna s\u00e4kert p\u00e5 plats \u00e4r den s\u00e4ker att anv\u00e4nda. Dessutom levereras den med ett tippskydd.Rymlig men kompakt: Har du alltid dr\u00f6mt om att ha ett riktigt bibliotek hemma, men saknar utrymme? Denna kompakta hylla, som m\u00e4ter 86 x 25 x 140 cm (L x B x H), passar enkelt in i ett vardagsrum, sovrum eller kontor som du trodde var f\u00f6r litet.<\/p>\n<p>F\u00e4rdig med monteringen! Med VASAGLE f\u00e5r du inga obehagliga \u00f6verraskningar! L\u00e4ttf\u00f6rst\u00e5eliga, illustrerade instruktioner och numrerade delar g\u00f6r det enkelt att montera denna f\u00f6rvaringshylla. Du kanske \u00f6verraskar dig sj\u00e4lv!<\/p>\n<p>En plats f\u00f6r avkoppling och lugn Placera denna hylla bredvid ett f\u00f6nster, s\u00e4tt dig i en stol, \u00f6ppna din favoritroman och f\u00f6rdjupa dig i en fascinerande v\u00e4rld, omgiven av behagligt solljus. Denna hylla ger dig m\u00f6jlighet att utforska fr\u00e4mmande platser och tider utan att beh\u00f6va l\u00e4mna ditt rum. Sm\u00e5 detaljer g\u00f6r stor skillnad Titta n\u00e4rmare p\u00e5 denna bokhylla! Ytan \u00e4r gjord av melaminfan\u00e9r och \u00e4r behagligt sl\u00e4t att ta p\u00e5 och har ingen obehaglig lukt. Ta in denna eleganta f\u00f6rvaringshylla i ditt hem och visa din alldeles egna stil! Produktdetaljer:- F\u00e4rg: vintagebrun- Material: sp\u00e5nskiva, melaminfan\u00e9r- Storlek: 86 x 25 x 140 cm (L x B x H)- Vikt: 18,9 kg- Max. statisk belastningskapacitet per hylla: 10 kg- Max. statisk belastningskapacitet totalt: 80 kgLeveransomfattning:- 1 x bokhylla- 1 x tippskydd- 1 x tillbeh\u00f6rsv\u00e4ska- 1 x bruksanvisning (DE, EN, FR, ES, IT)VASAGLE Anm\u00e4rkningar:- Av s\u00e4kerhetssk\u00e4l f\u00e5r barn inte kl\u00e4ttra p\u00e5 eller leka med produkten. Den maximala statiska belastningskapaciteten per hylla \u00e4r 10 kg. \u00d6verskrid inte denna maximala vikt. F\u00e4st produkten p\u00e5 v\u00e4ggen med den medf\u00f6ljande tippskyddsbygeln f\u00f6r att s\u00e4kerst\u00e4lla s\u00e4ker anv\u00e4ndning. Lyft hyllan om du vill flytta den. Dra den inte \u00f6ver golvet.<\/p>\n","protected":false},"excerpt":{"rendered":"<p>En inbjudan till naturen: Som ett vackert, majest\u00e4tiskt tr\u00e4d med silkeslen, brun bark sprider denna stora bokhylla sina grenar i ditt vardagsrum f\u00f6r att f\u00f6rh\u00f6ja din l\u00e4sh\u00f6rna. L\u00e5t skogens fridfulla lugn komma in i ditt hem! Massor av f\u00f6rvaringsutrymme: St\u00e4ll dina b\u00f6cker p\u00e5 denna tr\u00e4dformade hylla f\u00f6r att f\u00f6rvandla den till ett storslaget frukttr\u00e4d. Den [&hellip;]<\/p>\n","protected":false},"featured_media":0,"comment_status":"open","ping_status":"closed","template":"","meta":[],"product_brand":[],"product_cat":[33],"product_tag":[],"class_list":{"0":"post-13456","1":"product","2":"type-product","3":"status-publish","5":"product_cat-okategoriserad","7":"first","8":"instock","9":"shipping-taxable","10":"product-type-simple"},"_links":{"self":[{"href":"https:\/\/nordicmart.andreevmaster.com\/sv\/wp-json\/wp\/v2\/product\/13456","targetHints":{"allow":["GET"]}}],"collection":[{"href":"https:\/\/nordicmart.andreevmaster.com\/sv\/wp-json\/wp\/v2\/product"}],"about":[{"href":"https:\/\/nordicmart.andreevmaster.com\/sv\/wp-json\/wp\/v2\/types\/product"}],"replies":[{"embeddable":true,"href":"https:\/\/nordicmart.andreevmaster.com\/sv\/wp-json\/wp\/v2\/comments?post=13456"}],"wp:attachment":[{"href":"https:\/\/nordicmart.andreevmaster.com\/sv\/wp-json\/wp\/v2\/media?parent=13456"}],"wp:term":[{"taxonomy":"product_brand","embeddable":true,"href":"https:\/\/nordicmart.andreevmaster.com\/sv\/wp-json\/wp\/v2\/product_brand?post=13456"},{"taxonomy":"product_cat","embeddable":true,"href":"https:\/\/nordicmart.andreevmaster.com\/sv\/wp-json\/wp\/v2\/product_cat?post=13456"},{"taxonomy":"product_tag","embeddable":true,"href":"https:\/\/nordicmart.andreevmaster.com\/sv\/wp-json\/wp\/v2\/product_tag?post=13456"}],"curies":[{"name":"wp","href":"https:\/\/api.w.org\/{rel}","templated":true}]}}