{"id":13454,"date":"2026-02-27T00:18:00","date_gmt":"2026-02-27T00:18:00","guid":{"rendered":"https:\/\/nordicmart.andreevmaster.com\/product\/13454\/"},"modified":"2026-02-27T08:11:12","modified_gmt":"2026-02-27T08:11:12","slug":"13454","status":"publish","type":"product","link":"https:\/\/nordicmart.andreevmaster.com\/sv\/produkt\/13454\/","title":{"rendered":""},"content":{"rendered":"<p>En inbjudan till naturen: Som ett vackert, majest\u00e4tiskt tr\u00e4d med silkeslen, brun bark sprider denna stora bokhylla sina grenar i ditt vardagsrum f\u00f6r att f\u00f6rh\u00f6ja din l\u00e4sh\u00f6rna. L\u00e5t skogens fridfulla lugn komma in i ditt hem! Ordentlig plats: F\u00e5 denna tr\u00e4dformade hylla att blomstra genom att placera alla dina skatter p\u00e5 dess grenar. Den har 8 fack f\u00f6r f\u00f6rvaring av dina b\u00f6cker &#8230; men det \u00e4r inte allt! Placera \u00e4ven cd-skivor, tidningar, dekorationer, krukv\u00e4xter och mycket mer p\u00e5 plats!<\/p>\n<p>Inga problem: Slappna av! Med rundade h\u00f6rn som f\u00f6rhindrar st\u00f6tar, 2 bakpaneler och sidopaneler som h\u00e5ller b\u00f6ckerna s\u00e4kert p\u00e5 plats \u00e4r den s\u00e4ker att anv\u00e4nda. Dessutom levereras den med ett tippskydd. <\/p>\n<p>Passar i sm\u00e5 utrymmen: Med sin kompakta storlek p\u00e5 50 x 25 x 140 cm (L x B x H) tar denna bokhylla mycket liten plats. Du kan enkelt skapa en l\u00e4sh\u00f6rna i ett vardagsrum, sovrum eller kontor som du trodde var f\u00f6r litet.<\/p>\n<p>F\u00e4rdig med monteringen! Med VASAGLE finns det inga obehagliga \u00f6verraskningar! L\u00e4ttf\u00f6rst\u00e5eliga, illustrerade instruktioner och numrerade delar g\u00f6r det enkelt att montera denna f\u00f6rvaringshylla. Du kommer kanske att \u00f6verraska dig sj\u00e4lv!<\/p>\n<p>Produktdetaljer: &#8211; F\u00e4rg: vintagebrun &#8211; Material: sp\u00e5nskiva &#8211; Storlek: 50 x 25 x 140 cm (L x B x H) &#8211; Vikt: 11,4 kg &#8211; Max. statisk belastningskapacitet pr. hylde: 10 kg &#8211; Maks. statisk belastningskapacitet i alt: 50 kg Leveringsomfang: &#8211; 1 x bogreol &#8211; 1 x tipsikring &#8211; 1 x tilbeh\u00f8rstaske &#8211; 1 x brugsanvisning (DE, EN, FR, ES, IT)VASAGLE Anm\u00e4rkningar:- Av s\u00e4kerhetssk\u00e4l f\u00e5r barn inte kl\u00e4ttra p\u00e5 eller leka med produkten. Den maximala statiska belastningskapaciteten per hylla \u00e4r 10 kg. \u00d6verskrid inte denna maximala vikt.- F\u00e4st produkten p\u00e5 v\u00e4ggen med den medf\u00f6ljande tippskyddsanordningen f\u00f6r att s\u00e4kerst\u00e4lla s\u00e4ker anv\u00e4ndning.- Lyft hyllan om du vill flytta den. Dra den inte \u00f6ver golvet.<\/p>\n","protected":false},"excerpt":{"rendered":"<p>En inbjudan till naturen: Som ett vackert, majest\u00e4tiskt tr\u00e4d med silkeslen, brun bark sprider denna stora bokhylla sina grenar i ditt vardagsrum f\u00f6r att f\u00f6rh\u00f6ja din l\u00e4sh\u00f6rna. L\u00e5t skogens fridfulla lugn komma in i ditt hem! Ordentlig plats: F\u00e5 denna tr\u00e4dformade hylla att blomstra genom att placera alla dina skatter p\u00e5 dess grenar. Den har [&hellip;]<\/p>\n","protected":false},"featured_media":0,"comment_status":"open","ping_status":"closed","template":"","meta":[],"product_brand":[],"product_cat":[33],"product_tag":[],"class_list":{"0":"post-13454","1":"product","2":"type-product","3":"status-publish","5":"product_cat-okategoriserad","7":"first","8":"instock","9":"shipping-taxable","10":"product-type-simple"},"_links":{"self":[{"href":"https:\/\/nordicmart.andreevmaster.com\/sv\/wp-json\/wp\/v2\/product\/13454","targetHints":{"allow":["GET"]}}],"collection":[{"href":"https:\/\/nordicmart.andreevmaster.com\/sv\/wp-json\/wp\/v2\/product"}],"about":[{"href":"https:\/\/nordicmart.andreevmaster.com\/sv\/wp-json\/wp\/v2\/types\/product"}],"replies":[{"embeddable":true,"href":"https:\/\/nordicmart.andreevmaster.com\/sv\/wp-json\/wp\/v2\/comments?post=13454"}],"wp:attachment":[{"href":"https:\/\/nordicmart.andreevmaster.com\/sv\/wp-json\/wp\/v2\/media?parent=13454"}],"wp:term":[{"taxonomy":"product_brand","embeddable":true,"href":"https:\/\/nordicmart.andreevmaster.com\/sv\/wp-json\/wp\/v2\/product_brand?post=13454"},{"taxonomy":"product_cat","embeddable":true,"href":"https:\/\/nordicmart.andreevmaster.com\/sv\/wp-json\/wp\/v2\/product_cat?post=13454"},{"taxonomy":"product_tag","embeddable":true,"href":"https:\/\/nordicmart.andreevmaster.com\/sv\/wp-json\/wp\/v2\/product_tag?post=13454"}],"curies":[{"name":"wp","href":"https:\/\/api.w.org\/{rel}","templated":true}]}}