{"id":13453,"date":"2026-02-27T00:18:00","date_gmt":"2026-02-27T00:18:00","guid":{"rendered":"https:\/\/nordicmart.andreevmaster.com\/product\/vasagle-barstolar-2-pack-industriell-stil\/"},"modified":"2026-02-27T08:11:12","modified_gmt":"2026-02-27T08:11:12","slug":"vasagle-barstolar-2-pack-industriell-stil","status":"publish","type":"product","link":"https:\/\/nordicmart.andreevmaster.com\/sv\/produkt\/vasagle-barstolar-2-pack-industriell-stil\/","title":{"rendered":"VASAGLE Barstolar 2-pack Industriell stil"},"content":{"rendered":"<p>S\u00e4kerheten g\u00e5r f\u00f6rst Barstolarna har genomg\u00e5tt SGS s\u00e4rskilda stabilitetstester enligt EN 12520:2015 (EN 1022:2018 7.3.1; EN 1022:2018 7.3.2; EN 1022:2018 7.3.4; EN 1022:2018 7.3.5; EN 1728:2012 6.15; EN 1728:2012 6.16) och har klarat dem alla (testrapport nr AJHL1904000743FT fr\u00e5n 3 april 2019).S\u00e5 du sitter s\u00e4kert \u00e4ven n\u00e4r du l\u00e4gger f\u00f6tterna p\u00e5 det praktiska fotst\u00f6det och lutar dig l\u00e4tt fram\u00e5t f\u00f6r att njuta av din sm\u00f6rg\u00e5s. Produktdetaljer: &#8211; F\u00e4rg: M\u00f6rkbrun\/vintage &#8211; Material: Sp\u00e5nskiva, j\u00e4rn &#8211; Storlek per stol: 40 x 30 x 65 cm (L x B x H) &#8211; Vikt: 8,4 kg &#8211; Max. statisk belastningskapacitet per stol: 120 kg Leveransomfattning: &#8211; 2 x barstolar &#8211; 1 x tillbeh\u00f6rsp\u00e5se &#8211; 1 x bruksanvisning (DE, EN, ES, FR, IT) VASAGLE Anm\u00e4rkningar:- Barn f\u00e5r inte kl\u00e4ttra p\u00e5 eller leka med produkten. &#8211; \u00d6verskrid inte stolarnas maximala belastningskapacitet (120 kg per stol). &#8211; Luta dig inte bak\u00e5t och gunga inte fram och tillbaka n\u00e4r du sitter p\u00e5 stolen.<\/p>\n","protected":false},"excerpt":{"rendered":"<p>VASAGLE barstolar, 2-pack, barstolar, k\u00f6ksstolar i industriell design, med fotst\u00f6d, f\u00f6r k\u00f6k, vardagsrum, festk\u00e4llare, vintage, m\u00f6rkbrun LBC65X<\/p>\n","protected":false},"featured_media":41590,"comment_status":"open","ping_status":"closed","template":"","meta":[],"product_brand":[],"product_cat":[33],"product_tag":[],"class_list":{"0":"post-13453","1":"product","2":"type-product","3":"status-publish","4":"has-post-thumbnail","6":"product_cat-okategoriserad","8":"first","9":"instock","10":"shipping-taxable","11":"purchasable","12":"product-type-simple"},"_links":{"self":[{"href":"https:\/\/nordicmart.andreevmaster.com\/sv\/wp-json\/wp\/v2\/product\/13453","targetHints":{"allow":["GET"]}}],"collection":[{"href":"https:\/\/nordicmart.andreevmaster.com\/sv\/wp-json\/wp\/v2\/product"}],"about":[{"href":"https:\/\/nordicmart.andreevmaster.com\/sv\/wp-json\/wp\/v2\/types\/product"}],"replies":[{"embeddable":true,"href":"https:\/\/nordicmart.andreevmaster.com\/sv\/wp-json\/wp\/v2\/comments?post=13453"}],"wp:featuredmedia":[{"embeddable":true,"href":"https:\/\/nordicmart.andreevmaster.com\/sv\/wp-json\/wp\/v2\/media\/41590"}],"wp:attachment":[{"href":"https:\/\/nordicmart.andreevmaster.com\/sv\/wp-json\/wp\/v2\/media?parent=13453"}],"wp:term":[{"taxonomy":"product_brand","embeddable":true,"href":"https:\/\/nordicmart.andreevmaster.com\/sv\/wp-json\/wp\/v2\/product_brand?post=13453"},{"taxonomy":"product_cat","embeddable":true,"href":"https:\/\/nordicmart.andreevmaster.com\/sv\/wp-json\/wp\/v2\/product_cat?post=13453"},{"taxonomy":"product_tag","embeddable":true,"href":"https:\/\/nordicmart.andreevmaster.com\/sv\/wp-json\/wp\/v2\/product_tag?post=13453"}],"curies":[{"name":"wp","href":"https:\/\/api.w.org\/{rel}","templated":true}]}}