{"id":13452,"date":"2026-02-27T00:17:59","date_gmt":"2026-02-27T00:17:59","guid":{"rendered":"https:\/\/nordicmart.andreevmaster.com\/product\/vasagle-trapphylla-6-oppna-fack-vit\/"},"modified":"2026-02-27T08:11:12","modified_gmt":"2026-02-27T08:11:12","slug":"vasagle-trapphylla-6-oppna-fack-vit","status":"publish","type":"product","link":"https:\/\/nordicmart.andreevmaster.com\/sv\/produkt\/vasagle-trapphylla-6-oppna-fack-vit\/","title":{"rendered":"VASAGLE trapphylla 6 \u00f6ppna fack Vit"},"content":{"rendered":"<p>6-kubigt trapphylling Unik design med funktionellt syfte \u00c4r du tr\u00f6tt p\u00e5 vanliga bokhyllor? D\u00e5 har du nu m\u00f6jlighet att ge ditt hem lite mer karakt\u00e4r med denna unika trappbokhylla. I de 6 facken finns gott om plats f\u00f6r dina \u00e4ventyrsromaner, actionspel och foton fr\u00e5n din senaste familjesemester. F\u00f6r att underl\u00e4tta monteringen har alla delar i detta sk\u00e5p numrerats. F\u00f6r \u00f6kad stabilitet medf\u00f6ljer dessutom ett tippskydd. Produktdetaljer:F\u00e4rg: vit Material: sp\u00e5nskiva med melaminfan\u00e9r Produktm\u00e5tt: 97,5 x 97,5 x 29 cm (B x H x D) Vikt: 18 kg B\u00e4rf\u00f6rm\u00e5ga per kub: 15 kg Leveransomfattning: 1 x bokhylla 1 x beslagsp\u00e5se 1 x instruktioner (DE, EN, FR, ES, IT) VASAGLE Anm\u00e4rkningar:Reng\u00f6r bokhyllan med en fuktig trasa och torka sedan av den. Montera s\u00e4kerhetsanordningen f\u00f6r barn och husdjur.<\/p>\n","protected":false},"excerpt":{"rendered":"<p>VASAGLE bokhylla, trapphylla med 6 fack, 6 kuber, utst\u00e4llningshylla i tr\u00e4, frist\u00e5ende hylla, rumsavdelare, 97,5 x 97,5 x 29 cm, vit LBC63WT<\/p>\n","protected":false},"featured_media":41589,"comment_status":"open","ping_status":"closed","template":"","meta":[],"product_brand":[],"product_cat":[33],"product_tag":[],"class_list":{"0":"post-13452","1":"product","2":"type-product","3":"status-publish","4":"has-post-thumbnail","6":"product_cat-okategoriserad","8":"first","9":"instock","10":"shipping-taxable","11":"purchasable","12":"product-type-simple"},"_links":{"self":[{"href":"https:\/\/nordicmart.andreevmaster.com\/sv\/wp-json\/wp\/v2\/product\/13452","targetHints":{"allow":["GET"]}}],"collection":[{"href":"https:\/\/nordicmart.andreevmaster.com\/sv\/wp-json\/wp\/v2\/product"}],"about":[{"href":"https:\/\/nordicmart.andreevmaster.com\/sv\/wp-json\/wp\/v2\/types\/product"}],"replies":[{"embeddable":true,"href":"https:\/\/nordicmart.andreevmaster.com\/sv\/wp-json\/wp\/v2\/comments?post=13452"}],"wp:featuredmedia":[{"embeddable":true,"href":"https:\/\/nordicmart.andreevmaster.com\/sv\/wp-json\/wp\/v2\/media\/41589"}],"wp:attachment":[{"href":"https:\/\/nordicmart.andreevmaster.com\/sv\/wp-json\/wp\/v2\/media?parent=13452"}],"wp:term":[{"taxonomy":"product_brand","embeddable":true,"href":"https:\/\/nordicmart.andreevmaster.com\/sv\/wp-json\/wp\/v2\/product_brand?post=13452"},{"taxonomy":"product_cat","embeddable":true,"href":"https:\/\/nordicmart.andreevmaster.com\/sv\/wp-json\/wp\/v2\/product_cat?post=13452"},{"taxonomy":"product_tag","embeddable":true,"href":"https:\/\/nordicmart.andreevmaster.com\/sv\/wp-json\/wp\/v2\/product_tag?post=13452"}],"curies":[{"name":"wp","href":"https:\/\/api.w.org\/{rel}","templated":true}]}}