{"id":13450,"date":"2026-02-27T00:17:59","date_gmt":"2026-02-27T00:17:59","guid":{"rendered":"https:\/\/nordicmart.andreevmaster.com\/product\/vasagle-fristaende-bokhylla-med-6-hyllplan\/"},"modified":"2026-02-27T08:11:11","modified_gmt":"2026-02-27T08:11:11","slug":"vasagle-fristaende-bokhylla-med-6-hyllplan","status":"publish","type":"product","link":"https:\/\/nordicmart.andreevmaster.com\/sv\/produkt\/vasagle-fristaende-bokhylla-med-6-hyllplan\/","title":{"rendered":"VASAGLE Frist\u00e5ende bokhylla med 6 hyllplan"},"content":{"rendered":"<p>Denna m\u00f6bel \u00e4r ett st\u00e5ende arkivsk\u00e5p eller bokhylla som ut\u00f6kar och maximerar f\u00f6rvaringsutrymmet utan att ta upp mycket plats i ditt kontor, bibliotek, p\u00e5 din arbetsplats eller i din l\u00e4sh\u00f6rna.   Denna bokhylla fr\u00e5n VASAGLE har flera hyllplan och en elegant S-formad design och ger dig den m\u00e5ngsidighet och bekv\u00e4mlighet som DIY-designers och inredare s\u00f6ker. Tillverkad av stabil sp\u00e5nskiva och dekorativ med en vit yta, kan v\u00e5r hylla anv\u00e4ndas som bokhylla, DVD-hylla, kontorshylla eller leksakshylla.  Den kan f\u00f6rsk\u00f6nas med souvenirer, smycken och skatter eller inneh\u00e5lla skolb\u00f6cker, romaner, tidskrifter och mycket mer. Varf\u00f6r v\u00e4nta? Best\u00e4ll din 4-\/6-stegs hylla idag.  Produktdetaljer: &#8211; F\u00e4rg: vit &#8211; Material: sp\u00e5nskivor, melaminfan\u00e9r &#8211; M\u00e5tt: 70 x 24 x 190,5 cm (B x D x H) &#8211; Vikt: 23,1 kg &#8211; Belastningskapacitet per hylla: 15 kg &#8211; Belastningskapacitet f\u00f6r den \u00f6vre hyllan: 50 kg  Leveransomfattning: &#8211; 1 x bokhylla &#8211; 1 x beslagsp\u00e5se &#8211; 1 x monteringsanvisning (DE, EN, FR, ES, IT)  VASAGLE Anm\u00e4rkningar: &#8211; Reng\u00f6r med en fuktig, mjuk trasa och torka av med en ren trasa.<\/p>\n","protected":false},"excerpt":{"rendered":"<p>VASAGLE bokhylla, hylla, stativhylla f\u00f6r presentation, frist\u00e5ende sk\u00e5p, dekorhylla med 6 hyllplan, vit LBC61WT<\/p>\n","protected":false},"featured_media":46602,"comment_status":"open","ping_status":"closed","template":"","meta":[],"product_brand":[],"product_cat":[33],"product_tag":[],"class_list":{"0":"post-13450","1":"product","2":"type-product","3":"status-publish","4":"has-post-thumbnail","6":"product_cat-okategoriserad","8":"first","9":"instock","10":"shipping-taxable","11":"purchasable","12":"product-type-simple"},"_links":{"self":[{"href":"https:\/\/nordicmart.andreevmaster.com\/sv\/wp-json\/wp\/v2\/product\/13450","targetHints":{"allow":["GET"]}}],"collection":[{"href":"https:\/\/nordicmart.andreevmaster.com\/sv\/wp-json\/wp\/v2\/product"}],"about":[{"href":"https:\/\/nordicmart.andreevmaster.com\/sv\/wp-json\/wp\/v2\/types\/product"}],"replies":[{"embeddable":true,"href":"https:\/\/nordicmart.andreevmaster.com\/sv\/wp-json\/wp\/v2\/comments?post=13450"}],"wp:featuredmedia":[{"embeddable":true,"href":"https:\/\/nordicmart.andreevmaster.com\/sv\/wp-json\/wp\/v2\/media\/46602"}],"wp:attachment":[{"href":"https:\/\/nordicmart.andreevmaster.com\/sv\/wp-json\/wp\/v2\/media?parent=13450"}],"wp:term":[{"taxonomy":"product_brand","embeddable":true,"href":"https:\/\/nordicmart.andreevmaster.com\/sv\/wp-json\/wp\/v2\/product_brand?post=13450"},{"taxonomy":"product_cat","embeddable":true,"href":"https:\/\/nordicmart.andreevmaster.com\/sv\/wp-json\/wp\/v2\/product_cat?post=13450"},{"taxonomy":"product_tag","embeddable":true,"href":"https:\/\/nordicmart.andreevmaster.com\/sv\/wp-json\/wp\/v2\/product_tag?post=13450"}],"curies":[{"name":"wp","href":"https:\/\/api.w.org\/{rel}","templated":true}]}}