{"id":13449,"date":"2026-02-27T00:17:59","date_gmt":"2026-02-27T00:17:59","guid":{"rendered":"https:\/\/nordicmart.andreevmaster.com\/product\/vasagle-staende-hyllor-for-presentation-morkbrun\/"},"modified":"2026-02-27T08:11:11","modified_gmt":"2026-02-27T08:11:11","slug":"vasagle-staende-hyllor-for-presentation-morkbrun","status":"publish","type":"product","link":"https:\/\/nordicmart.andreevmaster.com\/sv\/produkt\/vasagle-staende-hyllor-for-presentation-morkbrun\/","title":{"rendered":"VASAGLE St\u00e5ende hyllor f\u00f6r presentation M\u00f6rkbrun"},"content":{"rendered":"<p>Ett st\u00e5ende arkivsk\u00e5p eller bokhylla \u00e4r ett m\u00f6bel som ut\u00f6kar och maximerar f\u00f6rvaringsutrymmet utan att ta upp mycket plats i ditt kontor, bibliotek, p\u00e5 din arbetsplats eller i din l\u00e4sh\u00f6rna.Denna bokhylla fr\u00e5n VASAGLE har flera hyllplan och en elegant S-formad design och ger dig den m\u00e5ngsidighet och bekv\u00e4mlighet som DIY-designers och inredare s\u00f6ker. Tillverkad av stabil sp\u00e5nskiva och dekorativ med en m\u00f6rkbrun yta, kan v\u00e5r hylla anv\u00e4ndas som bokhylla, DVD-hylla, kontorshylla eller leksakshylla.Den kan dekoreras med souvenirer, smycken och skatter eller inneh\u00e5lla skolb\u00f6cker, romaner, tidskrifter och mycket mer. Varf\u00f6r v\u00e4nta? Best\u00e4ll din 6-hylliga bokhylla idag. Produktdetaljer: &#8211; F\u00e4rg: M\u00f6rkbrun\/vintage &#8211; Material: Sp\u00e5nskivor, melaminfan\u00e9r &#8211; Storlek: 70 x 24 x 190,5 cm (L x B x H) &#8211; Vikt: 22 kg &#8211; Belastningskapacitet per niv\u00e5: 15 kg Leveransomfattning: &#8211; 1 x bokhylla &#8211; 1 x tillbeh\u00f6rsp\u00e5se &#8211; 1 x instruktioner (DE, EN, FR, ES, IT) VASAGLE Anm\u00e4rkningar: &#8211; Reng\u00f6r med en fuktig, mjuk trasa och torka av med en ren trasa.<\/p>\n","protected":false},"excerpt":{"rendered":"<p>VASAGLE bokhylla, hylla, stativhylla f\u00f6r presentation, frist\u00e5ende sk\u00e5p, dekorhylla med 6 hyllplan, vit LBC61WT<\/p>\n","protected":false},"featured_media":41587,"comment_status":"open","ping_status":"closed","template":"","meta":[],"product_brand":[],"product_cat":[33],"product_tag":[],"class_list":{"0":"post-13449","1":"product","2":"type-product","3":"status-publish","4":"has-post-thumbnail","6":"product_cat-okategoriserad","8":"first","9":"instock","10":"shipping-taxable","11":"purchasable","12":"product-type-simple"},"_links":{"self":[{"href":"https:\/\/nordicmart.andreevmaster.com\/sv\/wp-json\/wp\/v2\/product\/13449","targetHints":{"allow":["GET"]}}],"collection":[{"href":"https:\/\/nordicmart.andreevmaster.com\/sv\/wp-json\/wp\/v2\/product"}],"about":[{"href":"https:\/\/nordicmart.andreevmaster.com\/sv\/wp-json\/wp\/v2\/types\/product"}],"replies":[{"embeddable":true,"href":"https:\/\/nordicmart.andreevmaster.com\/sv\/wp-json\/wp\/v2\/comments?post=13449"}],"wp:featuredmedia":[{"embeddable":true,"href":"https:\/\/nordicmart.andreevmaster.com\/sv\/wp-json\/wp\/v2\/media\/41587"}],"wp:attachment":[{"href":"https:\/\/nordicmart.andreevmaster.com\/sv\/wp-json\/wp\/v2\/media?parent=13449"}],"wp:term":[{"taxonomy":"product_brand","embeddable":true,"href":"https:\/\/nordicmart.andreevmaster.com\/sv\/wp-json\/wp\/v2\/product_brand?post=13449"},{"taxonomy":"product_cat","embeddable":true,"href":"https:\/\/nordicmart.andreevmaster.com\/sv\/wp-json\/wp\/v2\/product_cat?post=13449"},{"taxonomy":"product_tag","embeddable":true,"href":"https:\/\/nordicmart.andreevmaster.com\/sv\/wp-json\/wp\/v2\/product_tag?post=13449"}],"curies":[{"name":"wp","href":"https:\/\/api.w.org\/{rel}","templated":true}]}}