{"id":13447,"date":"2026-02-27T00:17:58","date_gmt":"2026-02-27T00:17:58","guid":{"rendered":"https:\/\/nordicmart.andreevmaster.com\/product\/vasagle-skoskap-2-luckor-traimitation\/"},"modified":"2026-02-27T08:11:11","modified_gmt":"2026-02-27T08:11:11","slug":"vasagle-skoskap-2-luckor-traimitation","status":"publish","type":"product","link":"https:\/\/nordicmart.andreevmaster.com\/sv\/produkt\/vasagle-skoskap-2-luckor-traimitation\/","title":{"rendered":"VASAGLE skosk\u00e5p 2 luckor tr\u00e4imitation"},"content":{"rendered":"<p>VASAGLE skosk\u00e5p \u00e4r tillverkat av h\u00f6gkvalitativa, milj\u00f6v\u00e4nliga sp\u00e5nskivor (klass E1) och \u00f6ppnas mycket smidigt. Det erbjuder f\u00f6rvaringsutrymme f\u00f6r 10 till 12 par platta skor. Tack vare sin djup p\u00e5 endast 24 cm passar detta sk\u00e5p \u00e4ven i ett smalt utrymme. Kombinera den med en garderob eller en byr\u00e5 s\u00e5 kommer din hall alltid att vara st\u00e4dad. Din entr\u00e9 kommer att bli \u00e4nnu finare. Med VASAGLE skosk\u00e5p kommer du att ha gl\u00e4dje av ditt k\u00f6p i m\u00e5nga \u00e5r. Leveransomfattning: &#8211; 1 x skosk\u00e5p &#8211; 1 x instruktioner &#8211; 1 x beslagsp\u00e5se Produktdetaljer: &#8211; M\u00e5tt: 60 x 83,5 x 24 cm (B x H x D) &#8211; Material: sp\u00e5nskiva (PB) + melaminbel\u00e4ggning &#8211; F\u00e4rg: ekf\u00e4rgad &#8211; F\u00f6rpackningsm\u00e5tt: 92 x 67 x 9,5 cm &#8211; Nettovikt: 17,5 kg &#8211; Bruttovikt: 18 kg<\/p>\n","protected":false},"excerpt":{"rendered":"<p>VASAGLE skosk\u00e5p Skokommod med 2 luckor av sp\u00e5nskiva, 60 x 83,5 x 24 cm (B x H x D), ek-look LBC602H<\/p>\n","protected":false},"featured_media":41585,"comment_status":"open","ping_status":"closed","template":"","meta":[],"product_brand":[],"product_cat":[33],"product_tag":[],"class_list":{"0":"post-13447","1":"product","2":"type-product","3":"status-publish","4":"has-post-thumbnail","6":"product_cat-okategoriserad","8":"first","9":"instock","10":"shipping-taxable","11":"purchasable","12":"product-type-simple"},"_links":{"self":[{"href":"https:\/\/nordicmart.andreevmaster.com\/sv\/wp-json\/wp\/v2\/product\/13447","targetHints":{"allow":["GET"]}}],"collection":[{"href":"https:\/\/nordicmart.andreevmaster.com\/sv\/wp-json\/wp\/v2\/product"}],"about":[{"href":"https:\/\/nordicmart.andreevmaster.com\/sv\/wp-json\/wp\/v2\/types\/product"}],"replies":[{"embeddable":true,"href":"https:\/\/nordicmart.andreevmaster.com\/sv\/wp-json\/wp\/v2\/comments?post=13447"}],"wp:featuredmedia":[{"embeddable":true,"href":"https:\/\/nordicmart.andreevmaster.com\/sv\/wp-json\/wp\/v2\/media\/41585"}],"wp:attachment":[{"href":"https:\/\/nordicmart.andreevmaster.com\/sv\/wp-json\/wp\/v2\/media?parent=13447"}],"wp:term":[{"taxonomy":"product_brand","embeddable":true,"href":"https:\/\/nordicmart.andreevmaster.com\/sv\/wp-json\/wp\/v2\/product_brand?post=13447"},{"taxonomy":"product_cat","embeddable":true,"href":"https:\/\/nordicmart.andreevmaster.com\/sv\/wp-json\/wp\/v2\/product_cat?post=13447"},{"taxonomy":"product_tag","embeddable":true,"href":"https:\/\/nordicmart.andreevmaster.com\/sv\/wp-json\/wp\/v2\/product_tag?post=13447"}],"curies":[{"name":"wp","href":"https:\/\/api.w.org\/{rel}","templated":true}]}}