{"id":13445,"date":"2026-02-27T00:17:58","date_gmt":"2026-02-27T00:17:58","guid":{"rendered":"https:\/\/nordicmart.andreevmaster.com\/product\/vasagle-hornhylla-med-5-hyllplan-och-led-belysning-ebenholts-svart\/"},"modified":"2026-02-27T08:11:10","modified_gmt":"2026-02-27T08:11:10","slug":"vasagle-hornhylla-med-5-hyllplan-och-led-belysning-ebenholts-svart","status":"publish","type":"product","link":"https:\/\/nordicmart.andreevmaster.com\/sv\/produkt\/vasagle-hornhylla-med-5-hyllplan-och-led-belysning-ebenholts-svart\/","title":{"rendered":"VASAGLE h\u00f6rnhylla med 5 hyllplan och LED-belysning ebenholts svart"},"content":{"rendered":"<p>F\u00e4rg: ebenholts<br \/>\nMaterial: St\u00e5l, sp\u00e5nskiva<br \/>\nStorlek: 24,8 x 48 x 146,6 cm (D x B x H)<br \/>\nVikt: 6,3 kg<br \/>\nMax. statisk belastningskapacitet per hylla: 5 kg<br \/>\nMax. statisk belastningskapacitet totalt: 25 kg<\/p>\n","protected":false},"excerpt":{"rendered":"<p>F\u00e4rg: ebenholts Material: St\u00e5l, sp\u00e5nskiva Storlek: 24,8 x 48 x 146,6 cm (D x B x H) Vikt: 6,3 kg Max. statisk belastningskapacitet per hylla: 5 kg Max. statisk belastningskapacitet totalt: 25 kg<\/p>\n","protected":false},"featured_media":41583,"comment_status":"open","ping_status":"closed","template":"","meta":[],"product_brand":[],"product_cat":[33],"product_tag":[],"class_list":{"0":"post-13445","1":"product","2":"type-product","3":"status-publish","4":"has-post-thumbnail","6":"product_cat-okategoriserad","8":"first","9":"instock","10":"shipping-taxable","11":"purchasable","12":"product-type-simple"},"_links":{"self":[{"href":"https:\/\/nordicmart.andreevmaster.com\/sv\/wp-json\/wp\/v2\/product\/13445","targetHints":{"allow":["GET"]}}],"collection":[{"href":"https:\/\/nordicmart.andreevmaster.com\/sv\/wp-json\/wp\/v2\/product"}],"about":[{"href":"https:\/\/nordicmart.andreevmaster.com\/sv\/wp-json\/wp\/v2\/types\/product"}],"replies":[{"embeddable":true,"href":"https:\/\/nordicmart.andreevmaster.com\/sv\/wp-json\/wp\/v2\/comments?post=13445"}],"wp:featuredmedia":[{"embeddable":true,"href":"https:\/\/nordicmart.andreevmaster.com\/sv\/wp-json\/wp\/v2\/media\/41583"}],"wp:attachment":[{"href":"https:\/\/nordicmart.andreevmaster.com\/sv\/wp-json\/wp\/v2\/media?parent=13445"}],"wp:term":[{"taxonomy":"product_brand","embeddable":true,"href":"https:\/\/nordicmart.andreevmaster.com\/sv\/wp-json\/wp\/v2\/product_brand?post=13445"},{"taxonomy":"product_cat","embeddable":true,"href":"https:\/\/nordicmart.andreevmaster.com\/sv\/wp-json\/wp\/v2\/product_cat?post=13445"},{"taxonomy":"product_tag","embeddable":true,"href":"https:\/\/nordicmart.andreevmaster.com\/sv\/wp-json\/wp\/v2\/product_tag?post=13445"}],"curies":[{"name":"wp","href":"https:\/\/api.w.org\/{rel}","templated":true}]}}