{"id":13443,"date":"2026-02-27T00:17:57","date_gmt":"2026-02-27T00:17:57","guid":{"rendered":"https:\/\/nordicmart.andreevmaster.com\/product\/vasagle-justerbar-bokhylla-vit\/"},"modified":"2026-02-27T08:11:10","modified_gmt":"2026-02-27T08:11:10","slug":"vasagle-justerbar-bokhylla-vit","status":"publish","type":"product","link":"https:\/\/nordicmart.andreevmaster.com\/sv\/produkt\/vasagle-justerbar-bokhylla-vit\/","title":{"rendered":"VASAGLE Justerbar bokhylla Vit"},"content":{"rendered":"<p>Ett m\u00e5ste i ditt hem Oavsett vilken stil som dominerar i din inredning, om det \u00e4r lantlig stil, vintage, industriell stil eller shabby chic \u2013 v\u00e5r enkla och moderna bokhylla kommer definitivt att komplettera den. H\u00e5llbar i m\u00e5nga \u00e5r H\u00f6gkvalitativa sp\u00e5nskivor erbjuder h\u00f6g belastningskapacitet. Den fanerade ytan \u00e4r rept\u00e5lig, slitstark och l\u00e4tt att reng\u00f6ra.  L\u00f6s ditt utrymmesproblem St\u00e4ll denna bokhylla i barnrummet f\u00f6r att f\u00f6rvara dina barns b\u00f6cker, placera den i vardagsrummet precis bredvid din l\u00e4sh\u00f6rna eller st\u00e4ll den helt enkelt i ditt sovrum. Produktdetaljer: -F\u00e4rg: ek\/vit -Material: sp\u00e5nskiva med melaminfan\u00e9r -M\u00e5tt: 90 x 91 x 24 cm (B x H x D) -Vikt: 18 kg -Max. belastningsf\u00f6rm\u00e5ga: \u00d6vre hyllplan: 15 kg Fast kort hylla i mitten (2 x): 15 kg Justerbar l\u00e5ng hylla i mitten (2 x): 10 kg Nedre hyllplan: 30 kg Leveransomfattning: -1 x bokhylla -1 x tillbeh\u00f6rsp\u00e5se -1 x tippskydd -1 x bruksanvisning (DE, EN, FR, IT, ES) VASAGLE Anvisningar: &#8211; Reng\u00f6r bokhyllan med en fuktig trasa och torka den torr. &#8211; F\u00f6r s\u00e4kerhets skull b\u00f6r produkten f\u00e4stas i v\u00e4ggen med det medf\u00f6ljande tippskyddet.<\/p>\n","protected":false},"excerpt":{"rendered":"<p>VASAGLE bokhylla, rumsavdelare, stativhylla i tr\u00e4 med \u00f6ppna fack, f\u00f6r vardagsrum, sovrum, barnrum och kontor, 90 x 91 x 24 cm (B x H x D), vit LBC53WT<\/p>\n","protected":false},"featured_media":41582,"comment_status":"open","ping_status":"closed","template":"","meta":[],"product_brand":[],"product_cat":[33],"product_tag":[],"class_list":{"0":"post-13443","1":"product","2":"type-product","3":"status-publish","4":"has-post-thumbnail","6":"product_cat-okategoriserad","8":"first","9":"instock","10":"shipping-taxable","11":"purchasable","12":"product-type-simple"},"_links":{"self":[{"href":"https:\/\/nordicmart.andreevmaster.com\/sv\/wp-json\/wp\/v2\/product\/13443","targetHints":{"allow":["GET"]}}],"collection":[{"href":"https:\/\/nordicmart.andreevmaster.com\/sv\/wp-json\/wp\/v2\/product"}],"about":[{"href":"https:\/\/nordicmart.andreevmaster.com\/sv\/wp-json\/wp\/v2\/types\/product"}],"replies":[{"embeddable":true,"href":"https:\/\/nordicmart.andreevmaster.com\/sv\/wp-json\/wp\/v2\/comments?post=13443"}],"wp:featuredmedia":[{"embeddable":true,"href":"https:\/\/nordicmart.andreevmaster.com\/sv\/wp-json\/wp\/v2\/media\/41582"}],"wp:attachment":[{"href":"https:\/\/nordicmart.andreevmaster.com\/sv\/wp-json\/wp\/v2\/media?parent=13443"}],"wp:term":[{"taxonomy":"product_brand","embeddable":true,"href":"https:\/\/nordicmart.andreevmaster.com\/sv\/wp-json\/wp\/v2\/product_brand?post=13443"},{"taxonomy":"product_cat","embeddable":true,"href":"https:\/\/nordicmart.andreevmaster.com\/sv\/wp-json\/wp\/v2\/product_cat?post=13443"},{"taxonomy":"product_tag","embeddable":true,"href":"https:\/\/nordicmart.andreevmaster.com\/sv\/wp-json\/wp\/v2\/product_tag?post=13443"}],"curies":[{"name":"wp","href":"https:\/\/api.w.org\/{rel}","templated":true}]}}