{"id":13434,"date":"2026-02-27T00:17:56","date_gmt":"2026-02-27T00:17:56","guid":{"rendered":"https:\/\/nordicmart.andreevmaster.com\/product\/vasagle-bokhylla-med-sex-oppna-hyllplan\/"},"modified":"2026-02-27T08:11:08","modified_gmt":"2026-02-27T08:11:08","slug":"vasagle-bokhylla-med-sex-oppna-hyllplan","status":"publish","type":"product","link":"https:\/\/nordicmart.andreevmaster.com\/sv\/produkt\/vasagle-bokhylla-med-sex-oppna-hyllplan\/","title":{"rendered":"VASAGLE bokhylla med sex \u00f6ppna hyllplan"},"content":{"rendered":"<p>VASAGLE bokhylla, hylla, stativhylla f\u00f6r presentation, frist\u00e5ende sk\u00e5p, dekorhylla med 6 hyllplan, greige LBC061M01<br \/>\nF\u00e4rg: Vintagebrun<br \/>\nMaterial: Sp\u00e5nskiva<br \/>\nStorlek: 24 x 40 x 191 cm (D x B x H)<br \/>\nVikt: 16 kg<br \/>\nMax. statisk belastningskapacitet per niv\u00e5: 10 kg<\/p>\n","protected":false},"excerpt":{"rendered":"<p>VASAGLE bokhylla, hylla, stativhylla f\u00f6r presentation, frist\u00e5ende sk\u00e5p, dekorhylla med 6 hyllplan, greige LBC061M01<\/p>\n","protected":false},"featured_media":41573,"comment_status":"open","ping_status":"closed","template":"","meta":[],"product_brand":[],"product_cat":[33],"product_tag":[],"class_list":{"0":"post-13434","1":"product","2":"type-product","3":"status-publish","4":"has-post-thumbnail","6":"product_cat-okategoriserad","8":"first","9":"instock","10":"shipping-taxable","11":"purchasable","12":"product-type-simple"},"_links":{"self":[{"href":"https:\/\/nordicmart.andreevmaster.com\/sv\/wp-json\/wp\/v2\/product\/13434","targetHints":{"allow":["GET"]}}],"collection":[{"href":"https:\/\/nordicmart.andreevmaster.com\/sv\/wp-json\/wp\/v2\/product"}],"about":[{"href":"https:\/\/nordicmart.andreevmaster.com\/sv\/wp-json\/wp\/v2\/types\/product"}],"replies":[{"embeddable":true,"href":"https:\/\/nordicmart.andreevmaster.com\/sv\/wp-json\/wp\/v2\/comments?post=13434"}],"wp:featuredmedia":[{"embeddable":true,"href":"https:\/\/nordicmart.andreevmaster.com\/sv\/wp-json\/wp\/v2\/media\/41573"}],"wp:attachment":[{"href":"https:\/\/nordicmart.andreevmaster.com\/sv\/wp-json\/wp\/v2\/media?parent=13434"}],"wp:term":[{"taxonomy":"product_brand","embeddable":true,"href":"https:\/\/nordicmart.andreevmaster.com\/sv\/wp-json\/wp\/v2\/product_brand?post=13434"},{"taxonomy":"product_cat","embeddable":true,"href":"https:\/\/nordicmart.andreevmaster.com\/sv\/wp-json\/wp\/v2\/product_cat?post=13434"},{"taxonomy":"product_tag","embeddable":true,"href":"https:\/\/nordicmart.andreevmaster.com\/sv\/wp-json\/wp\/v2\/product_tag?post=13434"}],"curies":[{"name":"wp","href":"https:\/\/api.w.org\/{rel}","templated":true}]}}