{"id":13433,"date":"2026-02-27T00:17:55","date_gmt":"2026-02-27T00:17:55","guid":{"rendered":"https:\/\/nordicmart.andreevmaster.com\/product\/vasagle-hornhylla-med-4-hyllplan-vit\/"},"modified":"2026-02-27T08:11:08","modified_gmt":"2026-02-27T08:11:08","slug":"vasagle-hornhylla-med-4-hyllplan-vit","status":"publish","type":"product","link":"https:\/\/nordicmart.andreevmaster.com\/sv\/produkt\/vasagle-hornhylla-med-4-hyllplan-vit\/","title":{"rendered":"VASAGLE h\u00f6rnhylla med 4 hyllplan Vit"},"content":{"rendered":"<p>Ett m\u00e5ste i ditt hem Denna eleganta och praktiska h\u00f6rnhylla fr\u00e5n VASAGLE har gott om plats f\u00f6r dina hush\u00e5llsartiklar och dekorationsf\u00f6rem\u00e5l och \u00e4r samtidigt ett vackert m\u00f6bel. Unik modern design  Denna st\u00e5ende hylla k\u00e4nnetecknas av sin konstn\u00e4rliga form och rundade hyllplan. F\u00f6rseglade kanter och dolda skruvh\u00e5l ger ett extra snyggt och stilfullt utseende. F\u00e5 mer plats i din l\u00e4genhet Anv\u00e4nd v\u00e4gghyllan i ditt arbetsrum f\u00f6r skrivmaterial, anv\u00e4nd den i vardagsrummet f\u00f6r dekorationer eller montera den helt enkelt i h\u00f6rnet av sovrummet f\u00f6r att f\u00f6rvara sm\u00e5 accessoarer. Produktdetaljer: &#8211; F\u00e4rg: vit &#8211; Material: sp\u00e5nskiva med melaminfan\u00e9r &#8211; M\u00e5tt: 30 x 129,5 x 30 cm (B x H x D) &#8211; Vikt: 11,3 kg &#8211; Max. belastning: 15 kg per hylla Leveransomfattning: &#8211; 1 x h\u00f6rnhylla &#8211; 1 x tillbeh\u00f6rsp\u00e5se &#8211; 1 x instruktioner (DE, EN, FR, IT, ES) VASAGLE Anm\u00e4rkningar: &#8211; Reng\u00f6r produkten med en fuktig trasa och torka den torr. &#8211; F\u00e4st produkten p\u00e5 v\u00e4ggen med tippskyddet f\u00f6r s\u00e4kerhets skull. <\/p>\n","protected":false},"excerpt":{"rendered":"<p>VASAGLE 4-hyllors h\u00f6rnhylla, frist\u00e5ende hylla, bokhylla i tr\u00e4, f\u00f6r k\u00f6k, sovrum, vardagsrum, kontor, vit LBC42WT<\/p>\n","protected":false},"featured_media":41572,"comment_status":"open","ping_status":"closed","template":"","meta":[],"product_brand":[],"product_cat":[33],"product_tag":[],"class_list":{"0":"post-13433","1":"product","2":"type-product","3":"status-publish","4":"has-post-thumbnail","6":"product_cat-okategoriserad","8":"first","9":"instock","10":"shipping-taxable","11":"purchasable","12":"product-type-simple"},"_links":{"self":[{"href":"https:\/\/nordicmart.andreevmaster.com\/sv\/wp-json\/wp\/v2\/product\/13433","targetHints":{"allow":["GET"]}}],"collection":[{"href":"https:\/\/nordicmart.andreevmaster.com\/sv\/wp-json\/wp\/v2\/product"}],"about":[{"href":"https:\/\/nordicmart.andreevmaster.com\/sv\/wp-json\/wp\/v2\/types\/product"}],"replies":[{"embeddable":true,"href":"https:\/\/nordicmart.andreevmaster.com\/sv\/wp-json\/wp\/v2\/comments?post=13433"}],"wp:featuredmedia":[{"embeddable":true,"href":"https:\/\/nordicmart.andreevmaster.com\/sv\/wp-json\/wp\/v2\/media\/41572"}],"wp:attachment":[{"href":"https:\/\/nordicmart.andreevmaster.com\/sv\/wp-json\/wp\/v2\/media?parent=13433"}],"wp:term":[{"taxonomy":"product_brand","embeddable":true,"href":"https:\/\/nordicmart.andreevmaster.com\/sv\/wp-json\/wp\/v2\/product_brand?post=13433"},{"taxonomy":"product_cat","embeddable":true,"href":"https:\/\/nordicmart.andreevmaster.com\/sv\/wp-json\/wp\/v2\/product_cat?post=13433"},{"taxonomy":"product_tag","embeddable":true,"href":"https:\/\/nordicmart.andreevmaster.com\/sv\/wp-json\/wp\/v2\/product_tag?post=13433"}],"curies":[{"name":"wp","href":"https:\/\/api.w.org\/{rel}","templated":true}]}}