{"id":13431,"date":"2026-02-27T00:17:55","date_gmt":"2026-02-27T00:17:55","guid":{"rendered":"https:\/\/nordicmart.andreevmaster.com\/product\/vasagle-bokhylla-av-spanskiva\/"},"modified":"2026-02-27T08:11:08","modified_gmt":"2026-02-27T08:11:08","slug":"vasagle-bokhylla-av-spanskiva","status":"publish","type":"product","link":"https:\/\/nordicmart.andreevmaster.com\/sv\/produkt\/vasagle-bokhylla-av-spanskiva\/","title":{"rendered":"VASAGLE bokhylla av sp\u00e5nskiva"},"content":{"rendered":"<p>En bra bokhylla ska maximera f\u00f6rvaringsutrymmet, men ta upp s\u00e5 lite plats som m\u00f6jligt i ditt arbetsrum eller din l\u00e4sh\u00f6rna. Denna eleganta S-formade bokhylla fr\u00e5n VASAGLE har flera hyllplan f\u00f6r dina b\u00f6cker eller mappar, men \u00e4r samtidigt inte alls klumpig eller skrymmande. En dr\u00f6m f\u00f6r alla inredningsexperter. Tillverkad av stabil sp\u00e5nskiva och dekorativt f\u00f6rsedd med ett vintagebrunt fan\u00e9r, kan denna hylla anv\u00e4ndas f\u00f6r b\u00f6cker, DVD-skivor, kontorsartiklar eller leksaker. F\u00f6rsk\u00f6na den dessutom med n\u00e5gra v\u00e4xter, bilder eller semesterminnen och l\u00e5t ditt vardagsrum eller kontor str\u00e5la i ny glans. Produktdetaljer: &#8211; F\u00e4rg: M\u00f6rkbrun\/vintage &#8211; Material: Sp\u00e5nskiva med melaminfan\u00e9r &#8211; Produktm\u00e5tt: 70 x 24 x 127 cm (L x B x H) &#8211; Vikt: 15 kg &#8211; Max. statisk belastningskapacitet per hylla: 15 kg &#8211; Max. statisk belastningskapacitet p\u00e5 ytan: 15 kgLeveransomfattning: &#8211; 1 x bokhylla &#8211; 1 x tillbeh\u00f6rspaket &#8211; 1 x instruktioner (DE, EN, FR, ES, IT) VASAGLE Anm\u00e4rkningar: &#8211; Reng\u00f6r bokhyllan med en fuktig trasa och torka sedan av den.<\/p>\n","protected":false},"excerpt":{"rendered":"<p>VASAGLE bokhylla, stativhylla, kubhylla, frist\u00e5ende hylla, rumsavdelare, 4 fack, f\u00f6r kontor, vardagsrum, sovrum, dekorativ, vintage, m\u00f6rkbrun LBC41BX<\/p>\n","protected":false},"featured_media":41570,"comment_status":"open","ping_status":"closed","template":"","meta":[],"product_brand":[],"product_cat":[33],"product_tag":[],"class_list":{"0":"post-13431","1":"product","2":"type-product","3":"status-publish","4":"has-post-thumbnail","6":"product_cat-okategoriserad","8":"first","9":"instock","10":"shipping-taxable","11":"purchasable","12":"product-type-simple"},"_links":{"self":[{"href":"https:\/\/nordicmart.andreevmaster.com\/sv\/wp-json\/wp\/v2\/product\/13431","targetHints":{"allow":["GET"]}}],"collection":[{"href":"https:\/\/nordicmart.andreevmaster.com\/sv\/wp-json\/wp\/v2\/product"}],"about":[{"href":"https:\/\/nordicmart.andreevmaster.com\/sv\/wp-json\/wp\/v2\/types\/product"}],"replies":[{"embeddable":true,"href":"https:\/\/nordicmart.andreevmaster.com\/sv\/wp-json\/wp\/v2\/comments?post=13431"}],"wp:featuredmedia":[{"embeddable":true,"href":"https:\/\/nordicmart.andreevmaster.com\/sv\/wp-json\/wp\/v2\/media\/41570"}],"wp:attachment":[{"href":"https:\/\/nordicmart.andreevmaster.com\/sv\/wp-json\/wp\/v2\/media?parent=13431"}],"wp:term":[{"taxonomy":"product_brand","embeddable":true,"href":"https:\/\/nordicmart.andreevmaster.com\/sv\/wp-json\/wp\/v2\/product_brand?post=13431"},{"taxonomy":"product_cat","embeddable":true,"href":"https:\/\/nordicmart.andreevmaster.com\/sv\/wp-json\/wp\/v2\/product_cat?post=13431"},{"taxonomy":"product_tag","embeddable":true,"href":"https:\/\/nordicmart.andreevmaster.com\/sv\/wp-json\/wp\/v2\/product_tag?post=13431"}],"curies":[{"name":"wp","href":"https:\/\/api.w.org\/{rel}","templated":true}]}}