{"id":13423,"date":"2026-02-27T00:17:53","date_gmt":"2026-02-27T00:17:53","guid":{"rendered":"https:\/\/nordicmart.andreevmaster.com\/product\/vasagle-custos-kollektion-hylla-med-6-hyllplan-molnvit\/"},"modified":"2026-02-27T08:11:06","modified_gmt":"2026-02-27T08:11:06","slug":"vasagle-custos-kollektion-hylla-med-6-hyllplan-molnvit","status":"publish","type":"product","link":"https:\/\/nordicmart.andreevmaster.com\/sv\/produkt\/vasagle-custos-kollektion-hylla-med-6-hyllplan-molnvit\/","title":{"rendered":"VASAGLE CUSTOS-kollektion Hylla med 6 hyllplan molnvit"},"content":{"rendered":"<p>VASAGLE Custos Collection \u2013 bokhylla, 6-hyllors h\u00f6g hylla, stativhylla med d\u00f6rr, \u00f6ppen f\u00f6rvaringshylla, 24 x 31,8 x 175 cm, f\u00f6r vardagsrum, hemmakontor, matsal, vintagebrun LBC401K01<br \/>\nF\u00e4rg: Molnvit<br \/>\nMaterial: Sp\u00e5nskiva, MDF (medeldensitetsfiberplatta)<br \/>\nStorlek: 24 x 31,8 x 175 cm (D x B x H)<br \/>\nVikt: 15,9 kg<br \/>\nMax. statisk belastningskapacitet per fack: 10 kg<br \/>\nMax. statisk belastningskapacitet totalt: 60 kg<\/p>\n","protected":false},"excerpt":{"rendered":"<p>VASAGLE Custos Collection \u2013 bokhylla, 6-hyllors h\u00f6g hylla, stativhylla med d\u00f6rr, \u00f6ppen f\u00f6rvaringshylla, 24 x 31,8 x 175 cm, f\u00f6r vardagsrum, hemmakontor, matsal, vintagebrun LBC401K01<\/p>\n","protected":false},"featured_media":41562,"comment_status":"open","ping_status":"closed","template":"","meta":[],"product_brand":[],"product_cat":[33],"product_tag":[],"class_list":{"0":"post-13423","1":"product","2":"type-product","3":"status-publish","4":"has-post-thumbnail","6":"product_cat-okategoriserad","8":"first","9":"instock","10":"shipping-taxable","11":"purchasable","12":"product-type-simple"},"_links":{"self":[{"href":"https:\/\/nordicmart.andreevmaster.com\/sv\/wp-json\/wp\/v2\/product\/13423","targetHints":{"allow":["GET"]}}],"collection":[{"href":"https:\/\/nordicmart.andreevmaster.com\/sv\/wp-json\/wp\/v2\/product"}],"about":[{"href":"https:\/\/nordicmart.andreevmaster.com\/sv\/wp-json\/wp\/v2\/types\/product"}],"replies":[{"embeddable":true,"href":"https:\/\/nordicmart.andreevmaster.com\/sv\/wp-json\/wp\/v2\/comments?post=13423"}],"wp:featuredmedia":[{"embeddable":true,"href":"https:\/\/nordicmart.andreevmaster.com\/sv\/wp-json\/wp\/v2\/media\/41562"}],"wp:attachment":[{"href":"https:\/\/nordicmart.andreevmaster.com\/sv\/wp-json\/wp\/v2\/media?parent=13423"}],"wp:term":[{"taxonomy":"product_brand","embeddable":true,"href":"https:\/\/nordicmart.andreevmaster.com\/sv\/wp-json\/wp\/v2\/product_brand?post=13423"},{"taxonomy":"product_cat","embeddable":true,"href":"https:\/\/nordicmart.andreevmaster.com\/sv\/wp-json\/wp\/v2\/product_cat?post=13423"},{"taxonomy":"product_tag","embeddable":true,"href":"https:\/\/nordicmart.andreevmaster.com\/sv\/wp-json\/wp\/v2\/product_tag?post=13423"}],"curies":[{"name":"wp","href":"https:\/\/api.w.org\/{rel}","templated":true}]}}