{"id":13421,"date":"2026-02-27T00:17:53","date_gmt":"2026-02-27T00:17:53","guid":{"rendered":"https:\/\/nordicmart.andreevmaster.com\/product\/vasagle-kubhylla-med-3-skapdorrar-vit\/"},"modified":"2026-02-27T08:11:06","modified_gmt":"2026-02-27T08:11:06","slug":"vasagle-kubhylla-med-3-skapdorrar-vit","status":"publish","type":"product","link":"https:\/\/nordicmart.andreevmaster.com\/sv\/produkt\/vasagle-kubhylla-med-3-skapdorrar-vit\/","title":{"rendered":"VASAGLE kubhylla med 3 sk\u00e5pd\u00f6rrar, vit"},"content":{"rendered":"<p>Som en viktig m\u00f6bel i kontor, klassrum och familjehem har VASAGLE stativhyllan designats f\u00f6r att ge dig den komfort och h\u00e5llbarhet du f\u00f6rtj\u00e4nar. V\u00e5r DVD-hylla \u00e4r tillverkad av slitstark sp\u00e5nskiva och vitt fan\u00e9r och \u00e4r b\u00e5de p\u00e5litlig och t\u00e5lig.   Varje hylla levereras med matchande klisterm\u00e4rken som d\u00f6ljer skruvarna, s\u00e5 att den st\u00e5r s\u00e4kert och stilfullt i ditt hem. Alla kanter har slipats och f\u00f6rseglats f\u00f6r att skapa ett enhetligt utseende som passar bra i kontor, hemmastudior, barnrum, lekrum, klassrum och mycket mer.   F\u00f6rvaringsm\u00f6jligheterna \u00e4r o\u00e4ndliga n\u00e4r du anv\u00e4nder ett VASAGLE-organisationshyllsystem. Tveka inte. G\u00f6r ditt riskfria k\u00f6p idag!  Produktdetaljer: &#8211; F\u00e4rg: vit &#8211; Material: sp\u00e5nskivor, melaminfan\u00e9r &#8211; M\u00e5tt: 97,5 x 30 x 97,5 cm (B x D x H) &#8211; Vikt: 28 kg &#8211; Belastningskapacitet per fack: 15 kg &#8211; Belastningskapacitet f\u00f6r den \u00f6vre hyllan: 50 kg  Leveransomfattning: &#8211; 1 x bokhylla &#8211; 1 x beslagsp\u00e5se &#8211; 1 x instruktionsbok (DE, EN, FR, ES, IT)  VASAGLE Anm\u00e4rkningar: &#8211; Reng\u00f6r med en fuktig, mjuk trasa och torka av med en ren trasa.<\/p>\n","protected":false},"excerpt":{"rendered":"<p>VASAGLE bokhylla i tr\u00e4, f\u00f6rvaringshylla, f\u00f6r hemmet eller kontoret, utst\u00e4llningshylla, frist\u00e5ende DVD-hylla, bokhylla med 3 d\u00f6rrar, vit LBC33WT<\/p>\n","protected":false},"featured_media":41560,"comment_status":"open","ping_status":"closed","template":"","meta":[],"product_brand":[],"product_cat":[33],"product_tag":[],"class_list":{"0":"post-13421","1":"product","2":"type-product","3":"status-publish","4":"has-post-thumbnail","6":"product_cat-okategoriserad","8":"first","9":"instock","10":"shipping-taxable","11":"purchasable","12":"product-type-simple"},"_links":{"self":[{"href":"https:\/\/nordicmart.andreevmaster.com\/sv\/wp-json\/wp\/v2\/product\/13421","targetHints":{"allow":["GET"]}}],"collection":[{"href":"https:\/\/nordicmart.andreevmaster.com\/sv\/wp-json\/wp\/v2\/product"}],"about":[{"href":"https:\/\/nordicmart.andreevmaster.com\/sv\/wp-json\/wp\/v2\/types\/product"}],"replies":[{"embeddable":true,"href":"https:\/\/nordicmart.andreevmaster.com\/sv\/wp-json\/wp\/v2\/comments?post=13421"}],"wp:featuredmedia":[{"embeddable":true,"href":"https:\/\/nordicmart.andreevmaster.com\/sv\/wp-json\/wp\/v2\/media\/41560"}],"wp:attachment":[{"href":"https:\/\/nordicmart.andreevmaster.com\/sv\/wp-json\/wp\/v2\/media?parent=13421"}],"wp:term":[{"taxonomy":"product_brand","embeddable":true,"href":"https:\/\/nordicmart.andreevmaster.com\/sv\/wp-json\/wp\/v2\/product_brand?post=13421"},{"taxonomy":"product_cat","embeddable":true,"href":"https:\/\/nordicmart.andreevmaster.com\/sv\/wp-json\/wp\/v2\/product_cat?post=13421"},{"taxonomy":"product_tag","embeddable":true,"href":"https:\/\/nordicmart.andreevmaster.com\/sv\/wp-json\/wp\/v2\/product_tag?post=13421"}],"curies":[{"name":"wp","href":"https:\/\/api.w.org\/{rel}","templated":true}]}}