{"id":13420,"date":"2026-02-27T00:17:52","date_gmt":"2026-02-27T00:17:52","guid":{"rendered":"https:\/\/nordicmart.andreevmaster.com\/product\/vasagle-barstol-med-stalstativ\/"},"modified":"2026-02-27T08:11:06","modified_gmt":"2026-02-27T08:11:06","slug":"vasagle-barstol-med-stalstativ","status":"publish","type":"product","link":"https:\/\/nordicmart.andreevmaster.com\/sv\/produkt\/vasagle-barstol-med-stalstativ\/","title":{"rendered":"VASAGLE barstol med st\u00e5lstativ"},"content":{"rendered":"<p>VASAGLE barstolar, 2-pack barstolar, k\u00f6ksstolar med stabil st\u00e5lram, h\u00f6jd 65 cm, runda, enkel montering, industriell stil, vintagebrun-svart LBC32X<br \/>\nF\u00e4rg: Vintagebrun-klassiskt svart<br \/>\nMaterial: sp\u00e5nskiva, st\u00e5l<br \/>\nStorlek: 32 x 65 cm (\u00d8 x H)<br \/>\nVikt: 5 kg<br \/>\nMax. statisk belastningskapacitet: 100 kg<\/p>\n","protected":false},"excerpt":{"rendered":"<p>VASAGLE barstolar, 2-pack barstolar, k\u00f6ksstolar med stabil st\u00e5lram, h\u00f6jd 65 cm, runda, enkel montering, industriell stil, vintagebrun-svart LBC32X<\/p>\n","protected":false},"featured_media":41559,"comment_status":"open","ping_status":"closed","template":"","meta":[],"product_brand":[],"product_cat":[33],"product_tag":[],"class_list":{"0":"post-13420","1":"product","2":"type-product","3":"status-publish","4":"has-post-thumbnail","6":"product_cat-okategoriserad","8":"first","9":"instock","10":"shipping-taxable","11":"purchasable","12":"product-type-simple"},"_links":{"self":[{"href":"https:\/\/nordicmart.andreevmaster.com\/sv\/wp-json\/wp\/v2\/product\/13420","targetHints":{"allow":["GET"]}}],"collection":[{"href":"https:\/\/nordicmart.andreevmaster.com\/sv\/wp-json\/wp\/v2\/product"}],"about":[{"href":"https:\/\/nordicmart.andreevmaster.com\/sv\/wp-json\/wp\/v2\/types\/product"}],"replies":[{"embeddable":true,"href":"https:\/\/nordicmart.andreevmaster.com\/sv\/wp-json\/wp\/v2\/comments?post=13420"}],"wp:featuredmedia":[{"embeddable":true,"href":"https:\/\/nordicmart.andreevmaster.com\/sv\/wp-json\/wp\/v2\/media\/41559"}],"wp:attachment":[{"href":"https:\/\/nordicmart.andreevmaster.com\/sv\/wp-json\/wp\/v2\/media?parent=13420"}],"wp:term":[{"taxonomy":"product_brand","embeddable":true,"href":"https:\/\/nordicmart.andreevmaster.com\/sv\/wp-json\/wp\/v2\/product_brand?post=13420"},{"taxonomy":"product_cat","embeddable":true,"href":"https:\/\/nordicmart.andreevmaster.com\/sv\/wp-json\/wp\/v2\/product_cat?post=13420"},{"taxonomy":"product_tag","embeddable":true,"href":"https:\/\/nordicmart.andreevmaster.com\/sv\/wp-json\/wp\/v2\/product_tag?post=13420"}],"curies":[{"name":"wp","href":"https:\/\/api.w.org\/{rel}","templated":true}]}}