{"id":13416,"date":"2026-02-27T00:17:52","date_gmt":"2026-02-27T00:17:52","guid":{"rendered":"https:\/\/nordicmart.andreevmaster.com\/product\/vasagle-modern-bokhylla-vit-gra\/"},"modified":"2026-02-27T08:11:05","modified_gmt":"2026-02-27T08:11:05","slug":"vasagle-modern-bokhylla-vit-gra","status":"publish","type":"product","link":"https:\/\/nordicmart.andreevmaster.com\/sv\/produkt\/vasagle-modern-bokhylla-vit-gra\/","title":{"rendered":"VASAGLE Modern bokhylla Vit-gr\u00e5"},"content":{"rendered":"<p>Modern, charmig och praktisk Denna bokhylla har 2 \u00f6ppna och 4 st\u00e4ngda fack. Dessutom g\u00f6r den vit-gr\u00e5 f\u00e4rgkombinationen denna hylla till ett blickf\u00e5ng i ditt hem. K\u00f6p denna st\u00e5ende hylla och den kommer inte bara att ge dig m\u00e5nga f\u00f6rvaringsm\u00f6jligheter, utan ocks\u00e5 ge ditt rum en personlig touch.Om du gillar detta f\u00f6rvaringssk\u00e5p b\u00f6r du inte missa det! Produktdetaljer: &#8211; F\u00e4rg: Vitgr\u00e5 &#8211; Material: Sp\u00e5nskiva med melaminfan\u00e9r &#8211; Storlek: 65,5 x 30 x 99 cm (L x B x H) &#8211; Vikt: 22,9 kg &#8211; Max. statisk belastningskapacitet per fack: 15 kg Leveransomfattning: &#8211; 1 x bokhylla &#8211; 1 x beh\u00e5llare med tillbeh\u00f6r &#8211; 1 x bruksanvisning (DE, EN, FR, ES, IT) VASAGLE Anm\u00e4rkningar: &#8211; Barn f\u00e5r inte kl\u00e4ttra p\u00e5 produkten, dra i den eller leka med den. &#8211; Montera produkten enligt anvisningarna. &#8211; Anv\u00e4nd inte produkten utomhus och uts\u00e4tt den inte f\u00f6r regn. &#8211; F\u00e4st produkten p\u00e5 v\u00e4ggen med den medf\u00f6ljande tippskyddet. &#8211; Lyft bordet om du vill flytta det. Dra det inte \u00f6ver golvet.<\/p>\n","protected":false},"excerpt":{"rendered":"<p>VASAGLE Bokhylla med 6 fack, stativhylla, bokhylla med 4 sk\u00e5pd\u00f6rrar, f\u00f6rvaringssk\u00e5p, modern, vitgr\u00e5 LBC28WG<\/p>\n","protected":false},"featured_media":41555,"comment_status":"open","ping_status":"closed","template":"","meta":[],"product_brand":[],"product_cat":[33],"product_tag":[],"class_list":{"0":"post-13416","1":"product","2":"type-product","3":"status-publish","4":"has-post-thumbnail","6":"product_cat-okategoriserad","8":"first","9":"instock","10":"shipping-taxable","11":"purchasable","12":"product-type-simple"},"_links":{"self":[{"href":"https:\/\/nordicmart.andreevmaster.com\/sv\/wp-json\/wp\/v2\/product\/13416","targetHints":{"allow":["GET"]}}],"collection":[{"href":"https:\/\/nordicmart.andreevmaster.com\/sv\/wp-json\/wp\/v2\/product"}],"about":[{"href":"https:\/\/nordicmart.andreevmaster.com\/sv\/wp-json\/wp\/v2\/types\/product"}],"replies":[{"embeddable":true,"href":"https:\/\/nordicmart.andreevmaster.com\/sv\/wp-json\/wp\/v2\/comments?post=13416"}],"wp:featuredmedia":[{"embeddable":true,"href":"https:\/\/nordicmart.andreevmaster.com\/sv\/wp-json\/wp\/v2\/media\/41555"}],"wp:attachment":[{"href":"https:\/\/nordicmart.andreevmaster.com\/sv\/wp-json\/wp\/v2\/media?parent=13416"}],"wp:term":[{"taxonomy":"product_brand","embeddable":true,"href":"https:\/\/nordicmart.andreevmaster.com\/sv\/wp-json\/wp\/v2\/product_brand?post=13416"},{"taxonomy":"product_cat","embeddable":true,"href":"https:\/\/nordicmart.andreevmaster.com\/sv\/wp-json\/wp\/v2\/product_cat?post=13416"},{"taxonomy":"product_tag","embeddable":true,"href":"https:\/\/nordicmart.andreevmaster.com\/sv\/wp-json\/wp\/v2\/product_tag?post=13416"}],"curies":[{"name":"wp","href":"https:\/\/api.w.org\/{rel}","templated":true}]}}