{"id":13412,"date":"2026-02-27T00:17:51","date_gmt":"2026-02-27T00:17:51","guid":{"rendered":"https:\/\/nordicmart.andreevmaster.com\/product\/vasagle-enkel-bokhylla-7-fack-vit\/"},"modified":"2026-02-27T08:11:04","modified_gmt":"2026-02-27T08:11:04","slug":"vasagle-enkel-bokhylla-7-fack-vit","status":"publish","type":"product","link":"https:\/\/nordicmart.andreevmaster.com\/sv\/produkt\/vasagle-enkel-bokhylla-7-fack-vit\/","title":{"rendered":"VASAGLE Enkel bokhylla 7 fack Vit"},"content":{"rendered":"<p>H\u00f6jdpunkterna i denna bokhylla: &#8211; Raka linjer, r\u00e4tvinklar och enkelt vitt; dessa element ger ditt hem en unik touch &#8211; 3 stora och 4 sm\u00e5 fack; olika f\u00f6rem\u00e5l, stora som sm\u00e5, passar i denna hylla &#8211; Den maximala statiska belastningen per fack \u00e4r 10 kg &#8211; Det L-formade tippskyddet i j\u00e4rn ger \u00f6kad stabilitet &#8211; En tydlig monteringsanvisning och numrerade delar g\u00f6r det enkelt att montera hyllan &#8211; De medf\u00f6ljande f\u00f6tterna skyddar golvet mot repor  Produktdetaljer: &#8211; F\u00e4rg: Vit &#8211; Material: Sp\u00e5nskiva &#8211; Storlek: 50 x 24 x 106 cm (L x B x H) &#8211; Vikt: 16,4 kg &#8211; Maximal statisk belastningskapacitet f\u00f6r ytan: 40 kg &#8211; Maximal statisk belastningskapacitet per hylla: 10 kg Leveransomfattning: &#8211; 1 x bokhylla &#8211; 1 x tillbeh\u00f6rsp\u00e5se &#8211; 1 x instruktioner (DE, EN, FR, ES, IT) VASAGLE Anm\u00e4rkningar:- F\u00e4st produkten p\u00e5 v\u00e4ggen med den medf\u00f6ljande tippskyddet f\u00f6r att s\u00e4kerst\u00e4lla s\u00e4ker anv\u00e4ndning. &#8211; Vi rekommenderar att du monterar produkten p\u00e5 EPE-skumplasten som anv\u00e4ndes som f\u00f6rpackning f\u00f6r att undvika st\u00f6tar och repor.<\/p>\n","protected":false},"excerpt":{"rendered":"<p>VASAGLE Bokhylla med 7 fack, kubhylla, \u00f6ppen stativhylla, f\u00f6r vardagsrum, arbetsrum, kontor, 50 x 24 x 106 cm (L x B x H), ekf\u00e4rgad LBC27NL<\/p>\n","protected":false},"featured_media":41551,"comment_status":"open","ping_status":"closed","template":"","meta":[],"product_brand":[],"product_cat":[33],"product_tag":[],"class_list":{"0":"post-13412","1":"product","2":"type-product","3":"status-publish","4":"has-post-thumbnail","6":"product_cat-okategoriserad","8":"first","9":"instock","10":"shipping-taxable","11":"purchasable","12":"product-type-simple"},"_links":{"self":[{"href":"https:\/\/nordicmart.andreevmaster.com\/sv\/wp-json\/wp\/v2\/product\/13412","targetHints":{"allow":["GET"]}}],"collection":[{"href":"https:\/\/nordicmart.andreevmaster.com\/sv\/wp-json\/wp\/v2\/product"}],"about":[{"href":"https:\/\/nordicmart.andreevmaster.com\/sv\/wp-json\/wp\/v2\/types\/product"}],"replies":[{"embeddable":true,"href":"https:\/\/nordicmart.andreevmaster.com\/sv\/wp-json\/wp\/v2\/comments?post=13412"}],"wp:featuredmedia":[{"embeddable":true,"href":"https:\/\/nordicmart.andreevmaster.com\/sv\/wp-json\/wp\/v2\/media\/41551"}],"wp:attachment":[{"href":"https:\/\/nordicmart.andreevmaster.com\/sv\/wp-json\/wp\/v2\/media?parent=13412"}],"wp:term":[{"taxonomy":"product_brand","embeddable":true,"href":"https:\/\/nordicmart.andreevmaster.com\/sv\/wp-json\/wp\/v2\/product_brand?post=13412"},{"taxonomy":"product_cat","embeddable":true,"href":"https:\/\/nordicmart.andreevmaster.com\/sv\/wp-json\/wp\/v2\/product_cat?post=13412"},{"taxonomy":"product_tag","embeddable":true,"href":"https:\/\/nordicmart.andreevmaster.com\/sv\/wp-json\/wp\/v2\/product_tag?post=13412"}],"curies":[{"name":"wp","href":"https:\/\/api.w.org\/{rel}","templated":true}]}}