{"id":13410,"date":"2026-02-27T00:17:50","date_gmt":"2026-02-27T00:17:50","guid":{"rendered":"https:\/\/nordicmart.andreevmaster.com\/product\/vasagle-bokhylla-med-7-fack\/"},"modified":"2026-02-27T08:11:04","modified_gmt":"2026-02-27T08:11:04","slug":"vasagle-bokhylla-med-7-fack","status":"publish","type":"product","link":"https:\/\/nordicmart.andreevmaster.com\/sv\/produkt\/vasagle-bokhylla-med-7-fack\/","title":{"rendered":"VASAGLE bokhylla med 7 fack"},"content":{"rendered":"<p>H\u00f6jdpunkterna i denna bokhylla: &#8211; Raka linjer, r\u00e4tvinklar och elegant m\u00f6rkbrunt; dessa element ger ditt hem en unik touch &#8211; 3 stora och 4 sm\u00e5 fack; olika f\u00f6rem\u00e5l, stora som sm\u00e5, passar i denna hylla &#8211; Den maximala statiska belastningen per fack \u00e4r 10 kg &#8211; Den L-formade tippskyddet i j\u00e4rn ger \u00f6kad stabilitet &#8211; En tydlig instruktion och numrerade delar underl\u00e4ttar monteringen av denna hylla &#8211; De medf\u00f6ljande f\u00f6tterna skyddar ditt golv fr\u00e5n repor Produktdetaljer: &#8211; F\u00e4rg: M\u00f6rkbrun\/Vintage &#8211; Material: Sp\u00e5nskiva &#8211; Storlek: 50 x 24 x 106 cm (L x B x H) &#8211; Vikt: 16,4 kg &#8211; Max. statisk belastningskapacitet f\u00f6r ytan: 40 kg &#8211; Max. statisk belastningskapacitet per hyllplan: 10 kg Leveransomfattning: &#8211; 1 x bokhylla &#8211; 1 x p\u00e5se med tillbeh\u00f6r &#8211; 1 x instruktioner (DE, EN, FR, ES, IT) VASAGLE Anm\u00e4rkningar:- F\u00e4st produkten p\u00e5 v\u00e4ggen med den medf\u00f6ljande tippskyddet f\u00f6r att s\u00e4kerst\u00e4lla s\u00e4ker anv\u00e4ndning. &#8211; Vi rekommenderar att du monterar produkten p\u00e5 EPE-skumplasten som anv\u00e4ndes som f\u00f6rpackning f\u00f6r att undvika st\u00f6tar och repor.<\/p>\n","protected":false},"excerpt":{"rendered":"<p>VASAGLE Bokhylla med 7 fack, kubhylla, \u00f6ppen stativhylla, f\u00f6r vardagsrum, arbetsrum, kontor, 50 x 24 x 106 cm (L x B x H), ekf\u00e4rgad LBC27NL<\/p>\n","protected":false},"featured_media":41549,"comment_status":"open","ping_status":"closed","template":"","meta":[],"product_brand":[],"product_cat":[33],"product_tag":[],"class_list":{"0":"post-13410","1":"product","2":"type-product","3":"status-publish","4":"has-post-thumbnail","6":"product_cat-okategoriserad","8":"first","9":"instock","10":"shipping-taxable","11":"purchasable","12":"product-type-simple"},"_links":{"self":[{"href":"https:\/\/nordicmart.andreevmaster.com\/sv\/wp-json\/wp\/v2\/product\/13410","targetHints":{"allow":["GET"]}}],"collection":[{"href":"https:\/\/nordicmart.andreevmaster.com\/sv\/wp-json\/wp\/v2\/product"}],"about":[{"href":"https:\/\/nordicmart.andreevmaster.com\/sv\/wp-json\/wp\/v2\/types\/product"}],"replies":[{"embeddable":true,"href":"https:\/\/nordicmart.andreevmaster.com\/sv\/wp-json\/wp\/v2\/comments?post=13410"}],"wp:featuredmedia":[{"embeddable":true,"href":"https:\/\/nordicmart.andreevmaster.com\/sv\/wp-json\/wp\/v2\/media\/41549"}],"wp:attachment":[{"href":"https:\/\/nordicmart.andreevmaster.com\/sv\/wp-json\/wp\/v2\/media?parent=13410"}],"wp:term":[{"taxonomy":"product_brand","embeddable":true,"href":"https:\/\/nordicmart.andreevmaster.com\/sv\/wp-json\/wp\/v2\/product_brand?post=13410"},{"taxonomy":"product_cat","embeddable":true,"href":"https:\/\/nordicmart.andreevmaster.com\/sv\/wp-json\/wp\/v2\/product_cat?post=13410"},{"taxonomy":"product_tag","embeddable":true,"href":"https:\/\/nordicmart.andreevmaster.com\/sv\/wp-json\/wp\/v2\/product_tag?post=13410"}],"curies":[{"name":"wp","href":"https:\/\/api.w.org\/{rel}","templated":true}]}}