{"id":13409,"date":"2026-02-27T00:17:50","date_gmt":"2026-02-27T00:17:50","guid":{"rendered":"https:\/\/nordicmart.andreevmaster.com\/product\/vasagle-bokhylla-med-5-hyllplan-vit\/"},"modified":"2026-02-27T08:11:04","modified_gmt":"2026-02-27T08:11:04","slug":"vasagle-bokhylla-med-5-hyllplan-vit","status":"publish","type":"product","link":"https:\/\/nordicmart.andreevmaster.com\/sv\/produkt\/vasagle-bokhylla-med-5-hyllplan-vit\/","title":{"rendered":"VASAGLE bokhylla med 5 hyllplan Vit"},"content":{"rendered":"<p>Ge \u00e4ntligen dina favoritb\u00f6cker en passande plats i din bostad! V\u00e5r bokhylla \u00e4r det perfekta komplementet till din inredningsstil. Oavsett om du har lantlig stil, vintage, industriell eller shabby chic \u2013 v\u00e5r v\u00e4gghylla kompletterar alla bostadsstilar med sin enkla och moderna design. St\u00e4ll hyllan i barnrummet f\u00f6r att f\u00f6rvara dina barns skolb\u00f6cker. Placera den i vardagsrummet bredvid din l\u00e4sf\u00e5t\u00f6lj. Eller st\u00e4ll bokhyllan i ditt sovrum. Den passar ocks\u00e5 utm\u00e4rkt som TV-sk\u00e5p. Den fasta hyllan \u00e4r mycket enkel att montera, \u00e4ven f\u00f6r personer som inte \u00e4r s\u00e5 h\u00e4ndiga, tack vare den medf\u00f6ljande monteringsanvisningen p\u00e5 flera spr\u00e5k. Dessutom \u00e4r alla delar numrerade s\u00e5 att du snabbt hittar r\u00e4tt. F\u00f6r att underl\u00e4tta monteringen har vi gjort urfr\u00e4sningar f\u00f6r bakv\u00e4ggen i sidopanelerna. Bakv\u00e4ggen kan nu enkelt skjutas in och f\u00e4stas med kopplingar. Detta \u00f6kar ocks\u00e5 stabiliteten avsev\u00e4rt. En reservskruv f\u00f6r framtida behov medf\u00f6ljer ocks\u00e5. Dessutom har vi utrustat v\u00e5r bokhylla med ett tippskydd som ger \u00f6kad s\u00e4kerhet. Vi har \u00e4ven bifogat fotglidare som skyddar ditt golv fr\u00e5n repor och skador. Tveka inte l\u00e4nge, utan sl\u00e5 till redan idag. K\u00f6p v\u00e5r multifunktionella hylla f\u00f6r mysiga l\u00e4sestunder efter jobbet. Produktdetaljer: &#8211; F\u00e4rg: vit &#8211; Material: sp\u00e5nskiva &#8211; Max. belastning per hylla: 8 kg &#8211; M\u00e5tt: 50 x 80 x 24 cm (B x H x D) &#8211; Vikt: 10,5 kg Leveransomfattning: &#8211; 1 x bokhylla &#8211; 1 x monteringsanvisning (DE, EN, FR, IT, ES) &#8211; 1 x p\u00e5se med tillbeh\u00f6r<\/p>\n","protected":false},"excerpt":{"rendered":"<p>VASAGLE bokhylla med 5 fack, boksk\u00e5p, displayhylla, 50 x 80 x 24 cm (B x H x D), vit LBC25WT<\/p>\n","protected":false},"featured_media":41548,"comment_status":"open","ping_status":"closed","template":"","meta":[],"product_brand":[],"product_cat":[33],"product_tag":[],"class_list":{"0":"post-13409","1":"product","2":"type-product","3":"status-publish","4":"has-post-thumbnail","6":"product_cat-okategoriserad","8":"first","9":"instock","10":"shipping-taxable","11":"purchasable","12":"product-type-simple"},"_links":{"self":[{"href":"https:\/\/nordicmart.andreevmaster.com\/sv\/wp-json\/wp\/v2\/product\/13409","targetHints":{"allow":["GET"]}}],"collection":[{"href":"https:\/\/nordicmart.andreevmaster.com\/sv\/wp-json\/wp\/v2\/product"}],"about":[{"href":"https:\/\/nordicmart.andreevmaster.com\/sv\/wp-json\/wp\/v2\/types\/product"}],"replies":[{"embeddable":true,"href":"https:\/\/nordicmart.andreevmaster.com\/sv\/wp-json\/wp\/v2\/comments?post=13409"}],"wp:featuredmedia":[{"embeddable":true,"href":"https:\/\/nordicmart.andreevmaster.com\/sv\/wp-json\/wp\/v2\/media\/41548"}],"wp:attachment":[{"href":"https:\/\/nordicmart.andreevmaster.com\/sv\/wp-json\/wp\/v2\/media?parent=13409"}],"wp:term":[{"taxonomy":"product_brand","embeddable":true,"href":"https:\/\/nordicmart.andreevmaster.com\/sv\/wp-json\/wp\/v2\/product_brand?post=13409"},{"taxonomy":"product_cat","embeddable":true,"href":"https:\/\/nordicmart.andreevmaster.com\/sv\/wp-json\/wp\/v2\/product_cat?post=13409"},{"taxonomy":"product_tag","embeddable":true,"href":"https:\/\/nordicmart.andreevmaster.com\/sv\/wp-json\/wp\/v2\/product_tag?post=13409"}],"curies":[{"name":"wp","href":"https:\/\/api.w.org\/{rel}","templated":true}]}}