{"id":13408,"date":"2026-02-27T00:17:50","date_gmt":"2026-02-27T00:17:50","guid":{"rendered":"https:\/\/nordicmart.andreevmaster.com\/product\/vasagle-bokhylla-med-5-fack-i-tralook\/"},"modified":"2026-02-27T08:11:04","modified_gmt":"2026-02-27T08:11:04","slug":"vasagle-bokhylla-med-5-fack-i-tralook","status":"publish","type":"product","link":"https:\/\/nordicmart.andreevmaster.com\/sv\/produkt\/vasagle-bokhylla-med-5-fack-i-tralook\/","title":{"rendered":"VASAGLE bokhylla med 5 fack i tr\u00e4look"},"content":{"rendered":"<p>Letar du efter ett f\u00f6rvaringsutrymme f\u00f6r att f\u00f6rvara b\u00f6cker eller sm\u00e5 f\u00f6rem\u00e5l p\u00e5 ett snyggt s\u00e4tt? D\u00e5 \u00e4r VASAGLE universalhylla med 6 fack det perfekta valet f\u00f6r dig! Den kan st\u00e4llas upp b\u00e5de p\u00e5 h\u00f6gkant och liggande. Och den passar perfekt i vardagsrummet, t.ex. under en telefon. Perfekt \u00e4ven f\u00f6r att f\u00f6rvara CD-skivor eller DVD-skivor, eller helt enkelt som dekorhylla. Hyllan kan omvandlas till ett dockhus. En riktig prydnad f\u00f6r vardagsrummet. VASAGLE \u00e4r alltid kundorienterat och arbetar h\u00e5rt f\u00f6r att erbjuda produkter av h\u00f6g kvalitet till ett bra pris. Vi har en utm\u00e4rkt kundservice och g\u00f6r allt f\u00f6r att l\u00f6sa dina problem. Med VASAGLE-hyllan kommer du att ha gl\u00e4dje av ditt k\u00f6p i m\u00e5nga \u00e5r. Leveransomfattning: &#8211; 1 x hylla med 6 fack &#8211; 1 x instruktioner &#8211; 1 x beslagsp\u00e5se Produktdetaljer: &#8211; M\u00e5tt: 24 x 50 x 80 cm (D x B x H)  &#8211; Hyllh\u00f6jd: 30,5 cm &#8211; Material: sp\u00e5nskiva (PB) + melaminbel\u00e4ggning &#8211; F\u00e4rg: ekf\u00e4rgad &#8211; F\u00f6rpackningsm\u00e5tt: 105,5 x 38 x 12,5 cm &#8211; Bruttovikt: 20,5 kg Anm\u00e4rkningar: &#8211; Detta \u00e4r en tr\u00e4produkt, skydda den d\u00e4rf\u00f6r mot fukt och h\u00e5ll den torr. Vid f\u00f6r h\u00f6g fuktighet kan hyllan m\u00f6gla och skadas. &#8211; DINA 4-b\u00f6cker\/p\u00e4rmar passar inte in.<\/p>\n","protected":false},"excerpt":{"rendered":"<p>VASAGLE bokhylla med 5 fack, boksk\u00e5p, displayhylla, 50 x 80 x 24 cm (B x H x D), vit LBC25WT<\/p>\n","protected":false},"featured_media":41547,"comment_status":"open","ping_status":"closed","template":"","meta":[],"product_brand":[],"product_cat":[33],"product_tag":[],"class_list":{"0":"post-13408","1":"product","2":"type-product","3":"status-publish","4":"has-post-thumbnail","6":"product_cat-okategoriserad","8":"first","9":"instock","10":"shipping-taxable","11":"purchasable","12":"product-type-simple"},"_links":{"self":[{"href":"https:\/\/nordicmart.andreevmaster.com\/sv\/wp-json\/wp\/v2\/product\/13408","targetHints":{"allow":["GET"]}}],"collection":[{"href":"https:\/\/nordicmart.andreevmaster.com\/sv\/wp-json\/wp\/v2\/product"}],"about":[{"href":"https:\/\/nordicmart.andreevmaster.com\/sv\/wp-json\/wp\/v2\/types\/product"}],"replies":[{"embeddable":true,"href":"https:\/\/nordicmart.andreevmaster.com\/sv\/wp-json\/wp\/v2\/comments?post=13408"}],"wp:featuredmedia":[{"embeddable":true,"href":"https:\/\/nordicmart.andreevmaster.com\/sv\/wp-json\/wp\/v2\/media\/41547"}],"wp:attachment":[{"href":"https:\/\/nordicmart.andreevmaster.com\/sv\/wp-json\/wp\/v2\/media?parent=13408"}],"wp:term":[{"taxonomy":"product_brand","embeddable":true,"href":"https:\/\/nordicmart.andreevmaster.com\/sv\/wp-json\/wp\/v2\/product_brand?post=13408"},{"taxonomy":"product_cat","embeddable":true,"href":"https:\/\/nordicmart.andreevmaster.com\/sv\/wp-json\/wp\/v2\/product_cat?post=13408"},{"taxonomy":"product_tag","embeddable":true,"href":"https:\/\/nordicmart.andreevmaster.com\/sv\/wp-json\/wp\/v2\/product_tag?post=13408"}],"curies":[{"name":"wp","href":"https:\/\/api.w.org\/{rel}","templated":true}]}}