{"id":13406,"date":"2026-02-27T00:17:49","date_gmt":"2026-02-27T00:17:49","guid":{"rendered":"https:\/\/nordicmart.andreevmaster.com\/product\/vasagle-enkel-hylla-med-8-fack-i-tralook\/"},"modified":"2026-02-27T08:11:03","modified_gmt":"2026-02-27T08:11:03","slug":"vasagle-enkel-hylla-med-8-fack-i-tralook","status":"publish","type":"product","link":"https:\/\/nordicmart.andreevmaster.com\/sv\/produkt\/vasagle-enkel-hylla-med-8-fack-i-tralook\/","title":{"rendered":"VASAGLE Enkel hylla med 8 fack i tr\u00e4look"},"content":{"rendered":"<p>Ge din boksamling en passande plats i ditt hem! V\u00e5r bokhylla \u00e4r det perfekta komplementet till din inredningsstil och dess ekf\u00e4rg skapar en naturlig atmosf\u00e4r. Oavsett vilken inredningsstil du har hemma, om det \u00e4r lantlig stil, vintage, industriell eller shabby chic, kommer v\u00e5r enkla och moderna frist\u00e5ende hylla definitivt att komplettera din stil. St\u00e4ll denna bokhylla i barnrummet f\u00f6r barnb\u00f6ckerna eller i vardagsrummet bredvid din l\u00e4sf\u00e5t\u00f6lj eller st\u00e4ll den helt enkelt i ditt sovrum. Det \u00e4r ocks\u00e5 ett utm\u00e4rkt TV-st\u00e4ll. Med den medf\u00f6ljande detaljerade monteringsanvisningen p\u00e5 flera spr\u00e5k \u00e4r detta st\u00e4ll mycket enkelt att montera \u00e4ven f\u00f6r en nyb\u00f6rjare. Dessutom \u00e4r alla delar numrerade s\u00e5 att du snabbt hittar det du beh\u00f6ver. Sidobr\u00e4dorna \u00e4r f\u00f6rsedda med sp\u00e5r s\u00e5 att det \u00e4r enkelt att s\u00e4tta in bakv\u00e4ggen. Clips kan f\u00e4stas p\u00e5 bakv\u00e4ggen f\u00f6r \u00f6kad stabilitet. En reservskruv ing\u00e5r ocks\u00e5 i leveransen. Dessutom \u00e4r v\u00e5r bokhylla utrustad med tippskydd f\u00f6r \u00f6kad s\u00e4kerhet. Kuddarna f\u00f6r hyllplanet skyddar ditt golv fr\u00e5n repor och skador. Tveka inte f\u00f6r l\u00e4nge och k\u00f6p din hylla idag f\u00f6r bekv\u00e4mare l\u00e4sning efter jobbet. Produktdetaljer: &#8211; F\u00e4rg: ekf\u00e4rgad &#8211; Material: sp\u00e5nskivor, melaminfan\u00e9r &#8211; M\u00e5tt: 65,5 x 30 x 129,5 cm (B x D x H) &#8211; Vikt: 22,5 kg &#8211; Belastningskapacitet per hylla: 15 kg &#8211; Belastningskapacitet f\u00f6r den \u00f6vre hyllan: 40 kg Leveransomfattning: &#8211; 1 x bokhylla &#8211; 1 x beslagsp\u00e5se &#8211; 1 x instruktioner (DE, EN, FR, ES, IT) VASAGLE Anm\u00e4rkningar: &#8211; Reng\u00f6r med en fuktig, mjuk trasa och torka av med en ren trasa. &#8211; DINA 4-b\u00f6cker\/p\u00e4rmar passar inte in.<\/p>\n","protected":false},"excerpt":{"rendered":"<p>VASAGLE hylla med 8 fack, bokhylla i tr\u00e4, som dekorhylla, frist\u00e5ende sk\u00e5p, f\u00f6r kontoret, hemmet, vit LBC24WT<\/p>\n","protected":false},"featured_media":0,"comment_status":"open","ping_status":"closed","template":"","meta":[],"product_brand":[],"product_cat":[33],"product_tag":[],"class_list":{"0":"post-13406","1":"product","2":"type-product","3":"status-publish","5":"product_cat-okategoriserad","7":"first","8":"instock","9":"shipping-taxable","10":"purchasable","11":"product-type-simple"},"_links":{"self":[{"href":"https:\/\/nordicmart.andreevmaster.com\/sv\/wp-json\/wp\/v2\/product\/13406","targetHints":{"allow":["GET"]}}],"collection":[{"href":"https:\/\/nordicmart.andreevmaster.com\/sv\/wp-json\/wp\/v2\/product"}],"about":[{"href":"https:\/\/nordicmart.andreevmaster.com\/sv\/wp-json\/wp\/v2\/types\/product"}],"replies":[{"embeddable":true,"href":"https:\/\/nordicmart.andreevmaster.com\/sv\/wp-json\/wp\/v2\/comments?post=13406"}],"wp:attachment":[{"href":"https:\/\/nordicmart.andreevmaster.com\/sv\/wp-json\/wp\/v2\/media?parent=13406"}],"wp:term":[{"taxonomy":"product_brand","embeddable":true,"href":"https:\/\/nordicmart.andreevmaster.com\/sv\/wp-json\/wp\/v2\/product_brand?post=13406"},{"taxonomy":"product_cat","embeddable":true,"href":"https:\/\/nordicmart.andreevmaster.com\/sv\/wp-json\/wp\/v2\/product_cat?post=13406"},{"taxonomy":"product_tag","embeddable":true,"href":"https:\/\/nordicmart.andreevmaster.com\/sv\/wp-json\/wp\/v2\/product_tag?post=13406"}],"curies":[{"name":"wp","href":"https:\/\/api.w.org\/{rel}","templated":true}]}}