{"id":13402,"date":"2026-02-27T00:17:48","date_gmt":"2026-02-27T00:17:48","guid":{"rendered":"https:\/\/nordicmart.andreevmaster.com\/product\/vasagle-flytande-hornhylla-i-tralook\/"},"modified":"2026-02-27T08:11:02","modified_gmt":"2026-02-27T08:11:02","slug":"vasagle-flytande-hornhylla-i-tralook","status":"publish","type":"product","link":"https:\/\/nordicmart.andreevmaster.com\/sv\/produkt\/vasagle-flytande-hornhylla-i-tralook\/","title":{"rendered":"VASAGLE Flytande h\u00f6rnhylla i tr\u00e4look"},"content":{"rendered":"<p>Ett m\u00e5ste f\u00f6r ditt hem Denna eleganta och praktiska bokhylla fr\u00e5n VASAGLE erbjuder gott om plats f\u00f6r dina dekorationsf\u00f6rem\u00e5l och hush\u00e5llsartiklar samtidigt som den passar perfekt in i din heminredning.   Elegant och unik look Den konstn\u00e4rliga och rundade formen \u00e4r det som f\u00e5ngar blicken hos denna h\u00f6rnhylla. Alla kanter \u00e4r f\u00f6rseglade, sl\u00e4ta vid ber\u00f6ring och filigrana i utseendet; varje skruv levereras med en klisterm\u00e4rke s\u00e5 att den kan t\u00e4ckas.  Tillfredsst\u00e4ll alla dina f\u00f6rvaringsbehov Anv\u00e4nd bokhyllan f\u00f6r leksaker eller b\u00f6cker i barnrummet; st\u00e4ll den bredvid din l\u00e4sf\u00e5t\u00f6lj i vardagsrummet eller anv\u00e4nd den i sovrummet f\u00f6r dina accessoarer.  Produktdetaljer: &#8211; F\u00e4rg: M\u00f6rkbrun\/vintage &#8211; Material: Sp\u00e5nskiva med melaminfan\u00e9r &#8211; Storlek: 20 x 20 x 127,5 cm (L x B x H) &#8211; Vikt: 4,5 kg &#8211; B\u00e4rf\u00f6rm\u00e5ga per hylla: 15 kg  Leveransomfattning: &#8211; 1 x bokhylla &#8211; 1 x tillbeh\u00f6rsp\u00e5se &#8211; 1 x instruktioner (DE, EN, FR, ES, IT)  VASAGLE Anm\u00e4rkningar: &#8211; Reng\u00f6r bokhyllan med en fuktig trasa och torka sedan av den.<\/p>\n","protected":false},"excerpt":{"rendered":"<p>VASAGLE h\u00f6rnhylla, 5 niv\u00e5er, v\u00e4gghylla, bokhylla, zickzack-design, 20 x 20 x 127,5 cm, vit LBC20WT<\/p>\n","protected":false},"featured_media":41542,"comment_status":"open","ping_status":"closed","template":"","meta":[],"product_brand":[],"product_cat":[33],"product_tag":[],"class_list":{"0":"post-13402","1":"product","2":"type-product","3":"status-publish","4":"has-post-thumbnail","6":"product_cat-okategoriserad","8":"first","9":"instock","10":"shipping-taxable","11":"purchasable","12":"product-type-simple"},"_links":{"self":[{"href":"https:\/\/nordicmart.andreevmaster.com\/sv\/wp-json\/wp\/v2\/product\/13402","targetHints":{"allow":["GET"]}}],"collection":[{"href":"https:\/\/nordicmart.andreevmaster.com\/sv\/wp-json\/wp\/v2\/product"}],"about":[{"href":"https:\/\/nordicmart.andreevmaster.com\/sv\/wp-json\/wp\/v2\/types\/product"}],"replies":[{"embeddable":true,"href":"https:\/\/nordicmart.andreevmaster.com\/sv\/wp-json\/wp\/v2\/comments?post=13402"}],"wp:featuredmedia":[{"embeddable":true,"href":"https:\/\/nordicmart.andreevmaster.com\/sv\/wp-json\/wp\/v2\/media\/41542"}],"wp:attachment":[{"href":"https:\/\/nordicmart.andreevmaster.com\/sv\/wp-json\/wp\/v2\/media?parent=13402"}],"wp:term":[{"taxonomy":"product_brand","embeddable":true,"href":"https:\/\/nordicmart.andreevmaster.com\/sv\/wp-json\/wp\/v2\/product_brand?post=13402"},{"taxonomy":"product_cat","embeddable":true,"href":"https:\/\/nordicmart.andreevmaster.com\/sv\/wp-json\/wp\/v2\/product_cat?post=13402"},{"taxonomy":"product_tag","embeddable":true,"href":"https:\/\/nordicmart.andreevmaster.com\/sv\/wp-json\/wp\/v2\/product_tag?post=13402"}],"curies":[{"name":"wp","href":"https:\/\/api.w.org\/{rel}","templated":true}]}}