{"id":13399,"date":"2026-02-27T00:17:47","date_gmt":"2026-02-27T00:17:47","guid":{"rendered":"https:\/\/nordicmart.andreevmaster.com\/product\/vasagle-bokhylla-6-fack-vit\/"},"modified":"2026-02-27T08:11:01","modified_gmt":"2026-02-27T08:11:01","slug":"vasagle-bokhylla-6-fack-vit","status":"publish","type":"product","link":"https:\/\/nordicmart.andreevmaster.com\/sv\/produkt\/vasagle-bokhylla-6-fack-vit\/","title":{"rendered":"VASAGLE bokhylla 6 fack vit"},"content":{"rendered":"<p>Letar du efter ett f\u00f6rvaringsutrymme f\u00f6r att f\u00f6rvara b\u00f6cker eller sm\u00e5 f\u00f6rem\u00e5l p\u00e5 ett snyggt s\u00e4tt? D\u00e5 \u00e4r VASAGLE universalhylla med 6 fack det perfekta valet f\u00f6r dig! Den kan st\u00e4llas upp b\u00e5de p\u00e5 h\u00f6gkant och liggande. Och den passar perfekt i vardagsrummet, t.ex. under en telefon. Perfekt \u00e4ven f\u00f6r att f\u00f6rvara CD-skivor eller DVD-skivor, eller helt enkelt som dekorhylla. Hyllan kan omvandlas till ett dockhus. En riktig prydnad f\u00f6r vardagsrummet. VASAGLE \u00e4r alltid kundorienterat och g\u00f6r sitt yttersta f\u00f6r att erbjuda produkter av h\u00f6g kvalitet till ett bra pris. Vi har en utm\u00e4rkt kundservice och g\u00f6r allt f\u00f6r att l\u00f6sa dina problem. Med VASAGLE-hyllan kommer du att ha gl\u00e4dje av ditt k\u00f6p i m\u00e5nga \u00e5r. Obs! &#8211; De gr\u00f6na kornen som finns i sp\u00e5nskivornas k\u00e4rna \u00e4r INTE m\u00f6gel, utan ett fuktavvisande, s\u00e4kert och giftfritt material som \u00f6kar hyllans livsl\u00e4ngd och stabilitet. &#8211; Det \u00e4r ett tr\u00e4produkt, s\u00e5 skydda det fr\u00e5n fukt och h\u00e5ll det torrt. F\u00f6r mycket fukt kan g\u00f6ra att hyllan m\u00f6glar och skadas. &#8211; DINA 4-b\u00f6cker\/p\u00e4rmar passar inte in. Leveransomfattning: &#8211; 1 x hylla med 6 fack &#8211; 1 x instruktioner &#8211; 1 x beslagsp\u00e5se Produktdetaljer: &#8211; M\u00e5tt: 65,5 x 97,5 x 30,5 cm (B x H x D) &#8211; Hyllh\u00f6jd: 28,5 cm &#8211; Material: Sp\u00e5nskiva (PB) + melaminbel\u00e4ggning &#8211; F\u00f6rpackningsm\u00e5tt: 105,5 x 38 x 12,5 cm &#8211; Vikt: 20,5 kg<\/p>\n","protected":false},"excerpt":{"rendered":"<p>VASAGLE bokhylla med 6 fack, tr\u00e4hylla, hallhylla, f\u00f6rvaringshylla, 65,5 x 97,5 x 30 cm (B x H x D), ek-look LBC203H<\/p>\n","protected":false},"featured_media":41539,"comment_status":"open","ping_status":"closed","template":"","meta":[],"product_brand":[],"product_cat":[33],"product_tag":[],"class_list":{"0":"post-13399","1":"product","2":"type-product","3":"status-publish","4":"has-post-thumbnail","6":"product_cat-okategoriserad","8":"first","9":"instock","10":"shipping-taxable","11":"purchasable","12":"product-type-simple"},"_links":{"self":[{"href":"https:\/\/nordicmart.andreevmaster.com\/sv\/wp-json\/wp\/v2\/product\/13399","targetHints":{"allow":["GET"]}}],"collection":[{"href":"https:\/\/nordicmart.andreevmaster.com\/sv\/wp-json\/wp\/v2\/product"}],"about":[{"href":"https:\/\/nordicmart.andreevmaster.com\/sv\/wp-json\/wp\/v2\/types\/product"}],"replies":[{"embeddable":true,"href":"https:\/\/nordicmart.andreevmaster.com\/sv\/wp-json\/wp\/v2\/comments?post=13399"}],"wp:featuredmedia":[{"embeddable":true,"href":"https:\/\/nordicmart.andreevmaster.com\/sv\/wp-json\/wp\/v2\/media\/41539"}],"wp:attachment":[{"href":"https:\/\/nordicmart.andreevmaster.com\/sv\/wp-json\/wp\/v2\/media?parent=13399"}],"wp:term":[{"taxonomy":"product_brand","embeddable":true,"href":"https:\/\/nordicmart.andreevmaster.com\/sv\/wp-json\/wp\/v2\/product_brand?post=13399"},{"taxonomy":"product_cat","embeddable":true,"href":"https:\/\/nordicmart.andreevmaster.com\/sv\/wp-json\/wp\/v2\/product_cat?post=13399"},{"taxonomy":"product_tag","embeddable":true,"href":"https:\/\/nordicmart.andreevmaster.com\/sv\/wp-json\/wp\/v2\/product_tag?post=13399"}],"curies":[{"name":"wp","href":"https:\/\/api.w.org\/{rel}","templated":true}]}}