{"id":13398,"date":"2026-02-27T00:17:47","date_gmt":"2026-02-27T00:17:47","guid":{"rendered":"https:\/\/nordicmart.andreevmaster.com\/product\/vasagle-bokhylla-655-x-30-x-975-cm-morkbrun\/"},"modified":"2026-02-27T08:11:01","modified_gmt":"2026-02-27T08:11:01","slug":"vasagle-bokhylla-655-x-30-x-975-cm-morkbrun","status":"publish","type":"product","link":"https:\/\/nordicmart.andreevmaster.com\/sv\/produkt\/vasagle-bokhylla-655-x-30-x-975-cm-morkbrun\/","title":{"rendered":"VASAGLE bokhylla 65,5 x 30 x 97,5 cm m\u00f6rkbrun"},"content":{"rendered":"<p>Om du \u00e4lskar lantlig stil, retrostil eller industriell stil \u00e4r v\u00e5r bokhylla det perfekta komplementet till din inredning!  Denna enkla men eleganta bokhylla passar garanterat in n\u00e5gonstans: St\u00e4ll den i barnrummet s\u00e5 att ditt barn kan f\u00f6rvara sina skolb\u00f6cker snyggt och prydligt. Eller st\u00e4ll den bredvid din \u00f6ronstol i vardagsrummet och l\u00e4s en sp\u00e4nnande deckare efter jobbet. Eller st\u00e4ll den i sovrummet och v\u00e4lj en fascinerande fantasyroman att l\u00e4sa innan du somnar, som du kan dr\u00f6mma om senare. Denna flexibla m\u00f6bel kan till och med anv\u00e4ndas som TV-hylla.  F\u00f6r att underl\u00e4tta installationen av bakplattan \u00e4r hyllorna p\u00e5 sidorna f\u00f6rsedda med sp\u00e5r. Detta g\u00f6r att bakv\u00e4ggen enkelt kan s\u00e4ttas in och f\u00e4stas. Detta \u00f6kar ocks\u00e5 hyllans stabilitet, som levereras med reservskruvar. I leveransen ing\u00e5r dessutom golvskydd som skyddar ditt golv fr\u00e5n repor. Produktdetaljer: &#8211; F\u00e4rg: M\u00f6rkbrun\/vintage &#8211; Material: Sp\u00e5nskiva med melaminfan\u00e9r &#8211; Storlek: 65,5 x 30 x 97,5 cm (L x B x H) &#8211; H\u00f6jd per hyllplan: 30,5 cm &#8211; Vikt: 20,5 kg &#8211; Max. statisk belastningsf\u00f6rm\u00e5ga per hyllplan: 15 kg Leveransomfattning: &#8211; 1 x bokhylla &#8211; 1 x tillbeh\u00f6rspaket &#8211; 1 x bruksanvisning (DE, EN, FR, ES, IT) VASAGLE Anm\u00e4rkningar: &#8211; Placera inte denna produkt i en fuktig milj\u00f6 f\u00f6r att undvika m\u00f6gel och skador. &#8211; Ej l\u00e4mplig f\u00f6r A4-p\u00e4rmar.<\/p>\n","protected":false},"excerpt":{"rendered":"<p>VASAGLE bokhylla med 6 fack, tr\u00e4hylla, hallhylla, f\u00f6rvaringshylla, 65,5 x 97,5 x 30 cm (B x H x D), ek-look LBC203H<\/p>\n","protected":false},"featured_media":41538,"comment_status":"open","ping_status":"closed","template":"","meta":[],"product_brand":[],"product_cat":[33],"product_tag":[],"class_list":{"0":"post-13398","1":"product","2":"type-product","3":"status-publish","4":"has-post-thumbnail","6":"product_cat-okategoriserad","8":"first","9":"instock","10":"shipping-taxable","11":"purchasable","12":"product-type-simple"},"_links":{"self":[{"href":"https:\/\/nordicmart.andreevmaster.com\/sv\/wp-json\/wp\/v2\/product\/13398","targetHints":{"allow":["GET"]}}],"collection":[{"href":"https:\/\/nordicmart.andreevmaster.com\/sv\/wp-json\/wp\/v2\/product"}],"about":[{"href":"https:\/\/nordicmart.andreevmaster.com\/sv\/wp-json\/wp\/v2\/types\/product"}],"replies":[{"embeddable":true,"href":"https:\/\/nordicmart.andreevmaster.com\/sv\/wp-json\/wp\/v2\/comments?post=13398"}],"wp:featuredmedia":[{"embeddable":true,"href":"https:\/\/nordicmart.andreevmaster.com\/sv\/wp-json\/wp\/v2\/media\/41538"}],"wp:attachment":[{"href":"https:\/\/nordicmart.andreevmaster.com\/sv\/wp-json\/wp\/v2\/media?parent=13398"}],"wp:term":[{"taxonomy":"product_brand","embeddable":true,"href":"https:\/\/nordicmart.andreevmaster.com\/sv\/wp-json\/wp\/v2\/product_brand?post=13398"},{"taxonomy":"product_cat","embeddable":true,"href":"https:\/\/nordicmart.andreevmaster.com\/sv\/wp-json\/wp\/v2\/product_cat?post=13398"},{"taxonomy":"product_tag","embeddable":true,"href":"https:\/\/nordicmart.andreevmaster.com\/sv\/wp-json\/wp\/v2\/product_tag?post=13398"}],"curies":[{"name":"wp","href":"https:\/\/api.w.org\/{rel}","templated":true}]}}