{"id":13396,"date":"2026-02-27T00:17:47","date_gmt":"2026-02-27T00:17:47","guid":{"rendered":"https:\/\/nordicmart.andreevmaster.com\/product\/songmics-home-bokhylla-med-6-fack-27-x-83-x-616-cm-snovit\/"},"modified":"2026-02-27T08:11:01","modified_gmt":"2026-02-27T08:11:01","slug":"songmics-home-bokhylla-med-6-fack-27-x-83-x-616-cm-snovit","status":"publish","type":"product","link":"https:\/\/nordicmart.andreevmaster.com\/sv\/produkt\/songmics-home-bokhylla-med-6-fack-27-x-83-x-616-cm-snovit\/","title":{"rendered":"SONGMICS HOME Bokhylla med 6 fack 27 x 83 x 61,6 cm sn\u00f6vit"},"content":{"rendered":"<p>M\u00e4rke: SONGMICS HOME<br \/>\nF\u00e4rg: Sn\u00f6vit<br \/>\nF\u00f6rpackningsm\u00e5tt: 99 x 41 x 15,5 cm; 17,4 kg<br \/>\nArtikelvikt: 17,4 kg<\/p>\n","protected":false},"excerpt":{"rendered":"<p>M\u00e4rke: SONGMICS HOME F\u00e4rg: Sn\u00f6vit F\u00f6rpackningsm\u00e5tt: 99 x 41 x 15,5 cm; 17,4 kg Artikelvikt: 17,4 kg<\/p>\n","protected":false},"featured_media":41536,"comment_status":"open","ping_status":"closed","template":"","meta":[],"product_brand":[],"product_cat":[33],"product_tag":[],"class_list":{"0":"post-13396","1":"product","2":"type-product","3":"status-publish","4":"has-post-thumbnail","6":"product_cat-okategoriserad","8":"first","9":"instock","10":"shipping-taxable","11":"purchasable","12":"product-type-simple"},"_links":{"self":[{"href":"https:\/\/nordicmart.andreevmaster.com\/sv\/wp-json\/wp\/v2\/product\/13396","targetHints":{"allow":["GET"]}}],"collection":[{"href":"https:\/\/nordicmart.andreevmaster.com\/sv\/wp-json\/wp\/v2\/product"}],"about":[{"href":"https:\/\/nordicmart.andreevmaster.com\/sv\/wp-json\/wp\/v2\/types\/product"}],"replies":[{"embeddable":true,"href":"https:\/\/nordicmart.andreevmaster.com\/sv\/wp-json\/wp\/v2\/comments?post=13396"}],"wp:featuredmedia":[{"embeddable":true,"href":"https:\/\/nordicmart.andreevmaster.com\/sv\/wp-json\/wp\/v2\/media\/41536"}],"wp:attachment":[{"href":"https:\/\/nordicmart.andreevmaster.com\/sv\/wp-json\/wp\/v2\/media?parent=13396"}],"wp:term":[{"taxonomy":"product_brand","embeddable":true,"href":"https:\/\/nordicmart.andreevmaster.com\/sv\/wp-json\/wp\/v2\/product_brand?post=13396"},{"taxonomy":"product_cat","embeddable":true,"href":"https:\/\/nordicmart.andreevmaster.com\/sv\/wp-json\/wp\/v2\/product_cat?post=13396"},{"taxonomy":"product_tag","embeddable":true,"href":"https:\/\/nordicmart.andreevmaster.com\/sv\/wp-json\/wp\/v2\/product_tag?post=13396"}],"curies":[{"name":"wp","href":"https:\/\/api.w.org\/{rel}","templated":true}]}}