{"id":13395,"date":"2026-02-27T00:17:46","date_gmt":"2026-02-27T00:17:46","guid":{"rendered":"https:\/\/nordicmart.andreevmaster.com\/product\/vasagle-smal-bokhylla-vit\/"},"modified":"2026-02-27T08:11:01","modified_gmt":"2026-02-27T08:11:01","slug":"vasagle-smal-bokhylla-vit","status":"publish","type":"product","link":"https:\/\/nordicmart.andreevmaster.com\/sv\/produkt\/vasagle-smal-bokhylla-vit\/","title":{"rendered":"VASAGLE Smal bokhylla Vit"},"content":{"rendered":"<p>Enkel och modern Denna bokhylla fr\u00e5n VASAGLE imponerar med sitt enkla utseende och ger ditt hem en fr\u00e4sch k\u00e4nsla. De tv\u00e5 \u00f6ppna facken erbjuder en l\u00e4mplig f\u00f6rvaringsplats f\u00f6r dina b\u00f6cker och dekorationsartiklar. Dessutom skyddar sk\u00e5pd\u00f6rren dina personliga f\u00f6rem\u00e5l fr\u00e5n nyfikna blickar och damm.Om du gillar detta f\u00f6rvaringssk\u00e5p b\u00f6r du inte missa det! Produktdetaljer: &#8211; F\u00e4rg: Vit, ben i tr\u00e4f\u00e4rg &#8211; Material: Sp\u00e5nskiva med melaminfan\u00e9r, ben i massivt tr\u00e4 &#8211; Storlek: 40 x 30 x 120 cm (L x B x H) &#8211; Vikt: 14,5 kg &#8211; Max. statisk belastningskapacitet per fack: 15 kg Leveransomfattning: &#8211; 1 x bokhylla &#8211; 1 x beh\u00e5llare med tillbeh\u00f6r &#8211; 1 x instruktioner (DE, EN, FR, ES, IT) VASAGLE Anm\u00e4rkningar: &#8211; Barn f\u00e5r inte kl\u00e4ttra p\u00e5 produkten, dra i den eller leka med den. &#8211; Montera produkten enligt anvisningarna. &#8211; Anv\u00e4nd inte produkten utomhus och uts\u00e4tt den inte f\u00f6r regn. &#8211; F\u00e4st produkten p\u00e5 v\u00e4ggen med den medf\u00f6ljande tippskyddet. &#8211; Lyft bordet om du vill flytta det. Dra det inte \u00f6ver golvet.<\/p>\n","protected":false},"excerpt":{"rendered":"<p>VASAGLE Bokhylla med 3 hyllplan, stativhylla med d\u00f6rr, bokhylla, f\u00f6r fotoramar, f\u00f6rvaringssk\u00e5p med tr\u00e4ben, dekoration, vardagsrum, kontor, modern, vit LBC18WT<\/p>\n","protected":false},"featured_media":41535,"comment_status":"open","ping_status":"closed","template":"","meta":[],"product_brand":[],"product_cat":[33],"product_tag":[],"class_list":{"0":"post-13395","1":"product","2":"type-product","3":"status-publish","4":"has-post-thumbnail","6":"product_cat-okategoriserad","8":"first","9":"instock","10":"shipping-taxable","11":"purchasable","12":"product-type-simple"},"_links":{"self":[{"href":"https:\/\/nordicmart.andreevmaster.com\/sv\/wp-json\/wp\/v2\/product\/13395","targetHints":{"allow":["GET"]}}],"collection":[{"href":"https:\/\/nordicmart.andreevmaster.com\/sv\/wp-json\/wp\/v2\/product"}],"about":[{"href":"https:\/\/nordicmart.andreevmaster.com\/sv\/wp-json\/wp\/v2\/types\/product"}],"replies":[{"embeddable":true,"href":"https:\/\/nordicmart.andreevmaster.com\/sv\/wp-json\/wp\/v2\/comments?post=13395"}],"wp:featuredmedia":[{"embeddable":true,"href":"https:\/\/nordicmart.andreevmaster.com\/sv\/wp-json\/wp\/v2\/media\/41535"}],"wp:attachment":[{"href":"https:\/\/nordicmart.andreevmaster.com\/sv\/wp-json\/wp\/v2\/media?parent=13395"}],"wp:term":[{"taxonomy":"product_brand","embeddable":true,"href":"https:\/\/nordicmart.andreevmaster.com\/sv\/wp-json\/wp\/v2\/product_brand?post=13395"},{"taxonomy":"product_cat","embeddable":true,"href":"https:\/\/nordicmart.andreevmaster.com\/sv\/wp-json\/wp\/v2\/product_cat?post=13395"},{"taxonomy":"product_tag","embeddable":true,"href":"https:\/\/nordicmart.andreevmaster.com\/sv\/wp-json\/wp\/v2\/product_tag?post=13395"}],"curies":[{"name":"wp","href":"https:\/\/api.w.org\/{rel}","templated":true}]}}