{"id":13394,"date":"2026-02-27T00:17:46","date_gmt":"2026-02-27T00:17:46","guid":{"rendered":"https:\/\/nordicmart.andreevmaster.com\/product\/vasagle-bokhylla-med-3-lador-i-olika-storlekar-snovit\/"},"modified":"2026-02-27T08:11:00","modified_gmt":"2026-02-27T08:11:00","slug":"vasagle-bokhylla-med-3-lador-i-olika-storlekar-snovit","status":"publish","type":"product","link":"https:\/\/nordicmart.andreevmaster.com\/sv\/produkt\/vasagle-bokhylla-med-3-lador-i-olika-storlekar-snovit\/","title":{"rendered":"VASAGLE bokhylla med 3 l\u00e5dor i olika storlekar sn\u00f6vit"},"content":{"rendered":"<p>VASAGLE bokhylla, h\u00f6g sk\u00e5p, 3 l\u00e5dor i olika storlekar, justerbara hyllor, 180 cm h\u00f6g, f\u00f6r vardagsrum, sovrum, arbetsrum, modern, platsbesparande, sn\u00f6vit LBC188W01<br \/>\nF\u00e4rg: Sn\u00f6vit<br \/>\nMaterial: Sp\u00e5nskiva<br \/>\nStorlek: 30 x 57,1 x 180 cm (D x B x H)<br \/>\nVikt: 30,6 kg<br \/>\nMax. statisk belastningskapacitet per fack: 10 kg<br \/>\nMax. statisk belastningskapacitet per l\u00e5da: 5 kg<br \/>\nMax. statisk belastningskapacitet totalt: 50 kg<\/p>\n","protected":false},"excerpt":{"rendered":"<p>VASAGLE bokhylla, h\u00f6g sk\u00e5p, 3 l\u00e5dor i olika storlekar, justerbara hyllor, 180 cm h\u00f6g, f\u00f6r vardagsrum, sovrum, arbetsrum, modern, platsbesparande, sn\u00f6vit LBC188W01<\/p>\n","protected":false},"featured_media":41534,"comment_status":"open","ping_status":"closed","template":"","meta":[],"product_brand":[],"product_cat":[33],"product_tag":[],"class_list":{"0":"post-13394","1":"product","2":"type-product","3":"status-publish","4":"has-post-thumbnail","6":"product_cat-okategoriserad","8":"first","9":"instock","10":"shipping-taxable","11":"purchasable","12":"product-type-simple"},"_links":{"self":[{"href":"https:\/\/nordicmart.andreevmaster.com\/sv\/wp-json\/wp\/v2\/product\/13394","targetHints":{"allow":["GET"]}}],"collection":[{"href":"https:\/\/nordicmart.andreevmaster.com\/sv\/wp-json\/wp\/v2\/product"}],"about":[{"href":"https:\/\/nordicmart.andreevmaster.com\/sv\/wp-json\/wp\/v2\/types\/product"}],"replies":[{"embeddable":true,"href":"https:\/\/nordicmart.andreevmaster.com\/sv\/wp-json\/wp\/v2\/comments?post=13394"}],"wp:featuredmedia":[{"embeddable":true,"href":"https:\/\/nordicmart.andreevmaster.com\/sv\/wp-json\/wp\/v2\/media\/41534"}],"wp:attachment":[{"href":"https:\/\/nordicmart.andreevmaster.com\/sv\/wp-json\/wp\/v2\/media?parent=13394"}],"wp:term":[{"taxonomy":"product_brand","embeddable":true,"href":"https:\/\/nordicmart.andreevmaster.com\/sv\/wp-json\/wp\/v2\/product_brand?post=13394"},{"taxonomy":"product_cat","embeddable":true,"href":"https:\/\/nordicmart.andreevmaster.com\/sv\/wp-json\/wp\/v2\/product_cat?post=13394"},{"taxonomy":"product_tag","embeddable":true,"href":"https:\/\/nordicmart.andreevmaster.com\/sv\/wp-json\/wp\/v2\/product_tag?post=13394"}],"curies":[{"name":"wp","href":"https:\/\/api.w.org\/{rel}","templated":true}]}}