{"id":13392,"date":"2026-02-27T00:17:46","date_gmt":"2026-02-27T00:17:46","guid":{"rendered":"https:\/\/nordicmart.andreevmaster.com\/product\/vasagle-bokhylla-i-tradform-platsbesparande-molnvit\/"},"modified":"2026-02-27T08:11:00","modified_gmt":"2026-02-27T08:11:00","slug":"vasagle-bokhylla-i-tradform-platsbesparande-molnvit","status":"publish","type":"product","link":"https:\/\/nordicmart.andreevmaster.com\/sv\/produkt\/vasagle-bokhylla-i-tradform-platsbesparande-molnvit\/","title":{"rendered":"VASAGLE Bokhylla i tr\u00e4dform, platsbesparande, molnvit"},"content":{"rendered":"<p>VASAGLE Bokhyllan har en tr\u00e4dformad, geometrisk struktur som ger dina b\u00f6cker ett hem och din inredning en scen d\u00e4r de kan gl\u00e4nsa.<br \/>\nF\u00e4rg: molnvit<br \/>\nMaterial: Sp\u00e5nskiva<br \/>\nStorlek: 17,2 x 30 x 51 cm (D x B x H)<br \/>\nVikt: 3,2 kg<br \/>\nMax. total statisk belastningskapacitet: 3,7 kg<\/p>\n","protected":false},"excerpt":{"rendered":"<p>VASAGLE Bokhyllan har en tr\u00e4dformad, geometrisk struktur som ger dina b\u00f6cker ett hem och din inredning en scen d\u00e4r de kan gl\u00e4nsa.<\/p>\n","protected":false},"featured_media":41532,"comment_status":"open","ping_status":"closed","template":"","meta":[],"product_brand":[],"product_cat":[33],"product_tag":[],"class_list":{"0":"post-13392","1":"product","2":"type-product","3":"status-publish","4":"has-post-thumbnail","6":"product_cat-okategoriserad","8":"first","9":"instock","10":"shipping-taxable","11":"purchasable","12":"product-type-simple"},"_links":{"self":[{"href":"https:\/\/nordicmart.andreevmaster.com\/sv\/wp-json\/wp\/v2\/product\/13392","targetHints":{"allow":["GET"]}}],"collection":[{"href":"https:\/\/nordicmart.andreevmaster.com\/sv\/wp-json\/wp\/v2\/product"}],"about":[{"href":"https:\/\/nordicmart.andreevmaster.com\/sv\/wp-json\/wp\/v2\/types\/product"}],"replies":[{"embeddable":true,"href":"https:\/\/nordicmart.andreevmaster.com\/sv\/wp-json\/wp\/v2\/comments?post=13392"}],"wp:featuredmedia":[{"embeddable":true,"href":"https:\/\/nordicmart.andreevmaster.com\/sv\/wp-json\/wp\/v2\/media\/41532"}],"wp:attachment":[{"href":"https:\/\/nordicmart.andreevmaster.com\/sv\/wp-json\/wp\/v2\/media?parent=13392"}],"wp:term":[{"taxonomy":"product_brand","embeddable":true,"href":"https:\/\/nordicmart.andreevmaster.com\/sv\/wp-json\/wp\/v2\/product_brand?post=13392"},{"taxonomy":"product_cat","embeddable":true,"href":"https:\/\/nordicmart.andreevmaster.com\/sv\/wp-json\/wp\/v2\/product_cat?post=13392"},{"taxonomy":"product_tag","embeddable":true,"href":"https:\/\/nordicmart.andreevmaster.com\/sv\/wp-json\/wp\/v2\/product_tag?post=13392"}],"curies":[{"name":"wp","href":"https:\/\/api.w.org\/{rel}","templated":true}]}}