{"id":13391,"date":"2026-02-27T00:17:45","date_gmt":"2026-02-27T00:17:45","guid":{"rendered":"https:\/\/nordicmart.andreevmaster.com\/product\/vasagle-fristaende-bokhylla-med-metallram\/"},"modified":"2026-02-27T08:11:00","modified_gmt":"2026-02-27T08:11:00","slug":"vasagle-fristaende-bokhylla-med-metallram","status":"publish","type":"product","link":"https:\/\/nordicmart.andreevmaster.com\/sv\/produkt\/vasagle-fristaende-bokhylla-med-metallram\/","title":{"rendered":"VASAGLE Frist\u00e5ende bokhylla med metallram"},"content":{"rendered":"<p>Lite vintage h\u00e4r, lite industriell design d\u00e4r Stilen p\u00e5 denna vardagsrumsreol kan beskrivas som en komposition av ett j\u00e4rnstativ med den trendiga industriella looken och precisionsbearbetade vintageplattor av tr\u00e4material. De ovanligt placerade hyllplanerna ger dessutom en helt speciell touch. Detta skapar en sp\u00e4nnande bild och ett m\u00f6bel som \u00e4r robust, snyggt och funktionellt p\u00e5 samma g\u00e5ng. En boktr\u00e4d f\u00f6r bokmalar Om du gillar att slappa p\u00e5 soffan eller i s\u00e4ngen med en bra bok p\u00e5 gr\u00e5a regniga dagar eller alltid m\u00e5ste ha tillg\u00e5ng till hj\u00e4lpsam facklitteratur p\u00e5 ditt kontor, \u00e4r denna extraordin\u00e4ra bokhylla precis r\u00e4tt. P\u00e5 de m\u00e5nga sneda hyllplan kan b\u00e5de tjocka b\u00f6cker, k\u00e4rleksromaner och uppslagsverk f\u00f6rvaras snyggt.  Den tr\u00e4dliknande hyllan kan f\u00f6r \u00f6vrigt kombineras utm\u00e4rkt med andra m\u00f6bler i VASAGLE:s industriella designserie! Produktdetaljer: &#8211; F\u00e4rg: Vintage &#8211; Material: Sp\u00e5nskiva, j\u00e4rnstativ &#8211; Storlek: 76,3 x 33,6 x 178,5 cm (L x B x H) &#8211; Vikt: 19,4 kg &#8211; Max. belastbarhet: Totalt 120 kg &#8211; Max. belastningskapacitet per hyllplan: 20 kg Leveransomfattning: &#8211; 1 x bokhylla &#8211; 1 x beh\u00e5llare med tillbeh\u00f6r (inklusive monteringsverktyg) &#8211; 1 x bruksanvisning (DE, EN, FR, ES, IT) VASAGLE Anm\u00e4rkningar: &#8211; Uts\u00e4tt inte produkten f\u00f6r direkt solljus.<\/p>\n","protected":false},"excerpt":{"rendered":"<p>VASAGLE bokhylla, vardagsrumshylla i tr\u00e4dform, asymmetrisk stativhylla i industriell design, stege-hylla, rumsavdelare, sned, enkel montering, 178,5 cm h\u00f6g, j\u00e4rn, vintage LBC17BX<\/p>\n","protected":false},"featured_media":41531,"comment_status":"open","ping_status":"closed","template":"","meta":[],"product_brand":[],"product_cat":[33],"product_tag":[],"class_list":{"0":"post-13391","1":"product","2":"type-product","3":"status-publish","4":"has-post-thumbnail","6":"product_cat-okategoriserad","8":"first","9":"instock","10":"shipping-taxable","11":"purchasable","12":"product-type-simple"},"_links":{"self":[{"href":"https:\/\/nordicmart.andreevmaster.com\/sv\/wp-json\/wp\/v2\/product\/13391","targetHints":{"allow":["GET"]}}],"collection":[{"href":"https:\/\/nordicmart.andreevmaster.com\/sv\/wp-json\/wp\/v2\/product"}],"about":[{"href":"https:\/\/nordicmart.andreevmaster.com\/sv\/wp-json\/wp\/v2\/types\/product"}],"replies":[{"embeddable":true,"href":"https:\/\/nordicmart.andreevmaster.com\/sv\/wp-json\/wp\/v2\/comments?post=13391"}],"wp:featuredmedia":[{"embeddable":true,"href":"https:\/\/nordicmart.andreevmaster.com\/sv\/wp-json\/wp\/v2\/media\/41531"}],"wp:attachment":[{"href":"https:\/\/nordicmart.andreevmaster.com\/sv\/wp-json\/wp\/v2\/media?parent=13391"}],"wp:term":[{"taxonomy":"product_brand","embeddable":true,"href":"https:\/\/nordicmart.andreevmaster.com\/sv\/wp-json\/wp\/v2\/product_brand?post=13391"},{"taxonomy":"product_cat","embeddable":true,"href":"https:\/\/nordicmart.andreevmaster.com\/sv\/wp-json\/wp\/v2\/product_cat?post=13391"},{"taxonomy":"product_tag","embeddable":true,"href":"https:\/\/nordicmart.andreevmaster.com\/sv\/wp-json\/wp\/v2\/product_tag?post=13391"}],"curies":[{"name":"wp","href":"https:\/\/api.w.org\/{rel}","templated":true}]}}