{"id":13387,"date":"2026-02-27T00:17:44","date_gmt":"2026-02-27T00:17:44","guid":{"rendered":"https:\/\/nordicmart.andreevmaster.com\/product\/vasagle-bokhylla-med-10-hyllplan\/"},"modified":"2026-02-27T08:10:59","modified_gmt":"2026-02-27T08:10:59","slug":"vasagle-bokhylla-med-10-hyllplan","status":"publish","type":"product","link":"https:\/\/nordicmart.andreevmaster.com\/sv\/produkt\/vasagle-bokhylla-med-10-hyllplan\/","title":{"rendered":"VASAGLE bokhylla med 10 hyllplan"},"content":{"rendered":"<p>Dekorera efter din smak: Ge dina favoritb\u00f6cker, viktiga foton eller andra v\u00e4rdefulla f\u00f6rem\u00e5l en passande scen med denna bokhylla! Med sitt enkla och moderna utseende kommer den att presentera dina f\u00f6rem\u00e5l p\u00e5 ett elegant s\u00e4tt. Fler sk\u00e4l till varf\u00f6r du kommer att \u00e4lska denna bokhylla: &#8211; 10 hyllplan ger gott om utrymme; &#8211; Med sitt enkla utseende passar denna hylla in i m\u00e5nga inredningsstilar; &#8211; L\u00e4mplig f\u00f6r vardagsrum, arbetsrum, sovrum och andra rum; &#8211; Tillverkad av h\u00f6gkvalitativ sp\u00e5nskiva och varje hyllplan t\u00e5l en belastning p\u00e5 upp till 5 kg; &#8211; Enkel montering tack vare m\u00e4rkta delar och tydliga instruktioner; &#8211; En medf\u00f6ljande tippskydd g\u00f6r det m\u00f6jligt att f\u00e4sta denna hylla p\u00e5 v\u00e4ggen f\u00f6r extra s\u00e4kerhet. Produktdetaljer: &#8211; F\u00e4rg: Vit &#8211; Material: Sp\u00e5nskiva &#8211; Storlek: 30 x 65,5 x 161,5 cm (D x B x H) &#8211; Vikt: 26,7 kg &#8211; Max. statisk belastningskapacitet per niv\u00e5: 5 kg Leveransomfattning:- 1 x stativhylla &#8211; 1 x tillbeh\u00f6rspaket &#8211; 1 x tippskydd &#8211; 1 x instruktioner VASAGLE Anm\u00e4rkningar: &#8211; Av s\u00e4kerhetssk\u00e4l \u00e4r det f\u00f6rbjudet f\u00f6r barn att kl\u00e4ttra p\u00e5 eller leka med produkten. &#8211; F\u00e4st denna produkt p\u00e5 v\u00e4ggen med det medf\u00f6ljande tippskyddet f\u00f6r att garantera s\u00e4ker anv\u00e4ndning.<\/p>\n","protected":false},"excerpt":{"rendered":"<p>VASAGLE  bokhylla, med 10 fack, stativhylla, f\u00f6rvaringshylla, hylla, f\u00f6r vardagsrum, kontor, sovrum, arbetsrum, skandinavisk stil, som rumsavdelare, vit LBC168T14<\/p>\n","protected":false},"featured_media":41527,"comment_status":"open","ping_status":"closed","template":"","meta":[],"product_brand":[],"product_cat":[33],"product_tag":[],"class_list":{"0":"post-13387","1":"product","2":"type-product","3":"status-publish","4":"has-post-thumbnail","6":"product_cat-okategoriserad","8":"first","9":"instock","10":"shipping-taxable","11":"purchasable","12":"product-type-simple"},"_links":{"self":[{"href":"https:\/\/nordicmart.andreevmaster.com\/sv\/wp-json\/wp\/v2\/product\/13387","targetHints":{"allow":["GET"]}}],"collection":[{"href":"https:\/\/nordicmart.andreevmaster.com\/sv\/wp-json\/wp\/v2\/product"}],"about":[{"href":"https:\/\/nordicmart.andreevmaster.com\/sv\/wp-json\/wp\/v2\/types\/product"}],"replies":[{"embeddable":true,"href":"https:\/\/nordicmart.andreevmaster.com\/sv\/wp-json\/wp\/v2\/comments?post=13387"}],"wp:featuredmedia":[{"embeddable":true,"href":"https:\/\/nordicmart.andreevmaster.com\/sv\/wp-json\/wp\/v2\/media\/41527"}],"wp:attachment":[{"href":"https:\/\/nordicmart.andreevmaster.com\/sv\/wp-json\/wp\/v2\/media?parent=13387"}],"wp:term":[{"taxonomy":"product_brand","embeddable":true,"href":"https:\/\/nordicmart.andreevmaster.com\/sv\/wp-json\/wp\/v2\/product_brand?post=13387"},{"taxonomy":"product_cat","embeddable":true,"href":"https:\/\/nordicmart.andreevmaster.com\/sv\/wp-json\/wp\/v2\/product_cat?post=13387"},{"taxonomy":"product_tag","embeddable":true,"href":"https:\/\/nordicmart.andreevmaster.com\/sv\/wp-json\/wp\/v2\/product_tag?post=13387"}],"curies":[{"name":"wp","href":"https:\/\/api.w.org\/{rel}","templated":true}]}}