{"id":13384,"date":"2026-02-27T00:17:43","date_gmt":"2026-02-27T00:17:43","guid":{"rendered":"https:\/\/nordicmart.andreevmaster.com\/product\/vasagle-6-hylligt-bokhyllestall-24-x-40-x-1785-cm-naturbeige\/"},"modified":"2026-02-27T08:10:58","modified_gmt":"2026-02-27T08:10:58","slug":"vasagle-6-hylligt-bokhyllestall-24-x-40-x-1785-cm-naturbeige","status":"publish","type":"product","link":"https:\/\/nordicmart.andreevmaster.com\/sv\/produkt\/vasagle-6-hylligt-bokhyllestall-24-x-40-x-1785-cm-naturbeige\/","title":{"rendered":"VASAGLE 6-hylligt bokhyllest\u00e4ll 24 x 40 x 178,5 cm naturbeige"},"content":{"rendered":"<p>VASAGLE bokhylla, med 6 hyllplan, stativhylla, f\u00f6rvaringshylla, f\u00f6r vardagsrum, kontor, sovrum, arbetsrum, skandinavisk stil, 40 x 24 x 178,5 cm, vit LBC167T14<br \/>\nF\u00e4rg: Naturbeige<br \/>\nMaterial: Sp\u00e5nskiva<br \/>\nStorlek: 24 x 40 x 178,5 cm (D x B x H)<br \/>\nVikt: 17,2 kg<br \/>\nMax. statisk belastningskapacitet per fack: 10 kg<br \/>\nMax. statisk belastningskapacitet totalt: 70 kg<\/p>\n","protected":false},"excerpt":{"rendered":"<p>VASAGLE bokhylla, med 6 hyllplan, stativhylla, f\u00f6rvaringshylla, f\u00f6r vardagsrum, kontor, sovrum, arbetsrum, skandinavisk stil, 40 x 24 x 178,5 cm, vit LBC167T14<\/p>\n","protected":false},"featured_media":41525,"comment_status":"open","ping_status":"closed","template":"","meta":[],"product_brand":[],"product_cat":[33],"product_tag":[],"class_list":{"0":"post-13384","1":"product","2":"type-product","3":"status-publish","4":"has-post-thumbnail","6":"product_cat-okategoriserad","8":"first","9":"instock","10":"shipping-taxable","11":"purchasable","12":"product-type-simple"},"_links":{"self":[{"href":"https:\/\/nordicmart.andreevmaster.com\/sv\/wp-json\/wp\/v2\/product\/13384","targetHints":{"allow":["GET"]}}],"collection":[{"href":"https:\/\/nordicmart.andreevmaster.com\/sv\/wp-json\/wp\/v2\/product"}],"about":[{"href":"https:\/\/nordicmart.andreevmaster.com\/sv\/wp-json\/wp\/v2\/types\/product"}],"replies":[{"embeddable":true,"href":"https:\/\/nordicmart.andreevmaster.com\/sv\/wp-json\/wp\/v2\/comments?post=13384"}],"wp:featuredmedia":[{"embeddable":true,"href":"https:\/\/nordicmart.andreevmaster.com\/sv\/wp-json\/wp\/v2\/media\/41525"}],"wp:attachment":[{"href":"https:\/\/nordicmart.andreevmaster.com\/sv\/wp-json\/wp\/v2\/media?parent=13384"}],"wp:term":[{"taxonomy":"product_brand","embeddable":true,"href":"https:\/\/nordicmart.andreevmaster.com\/sv\/wp-json\/wp\/v2\/product_brand?post=13384"},{"taxonomy":"product_cat","embeddable":true,"href":"https:\/\/nordicmart.andreevmaster.com\/sv\/wp-json\/wp\/v2\/product_cat?post=13384"},{"taxonomy":"product_tag","embeddable":true,"href":"https:\/\/nordicmart.andreevmaster.com\/sv\/wp-json\/wp\/v2\/product_tag?post=13384"}],"curies":[{"name":"wp","href":"https:\/\/api.w.org\/{rel}","templated":true}]}}