{"id":13377,"date":"2026-02-27T00:17:41","date_gmt":"2026-02-27T00:17:41","guid":{"rendered":"https:\/\/nordicmart.andreevmaster.com\/product\/trahylla-golvstaende-bokhylla-i-8-nivaer-med-trahyllor-for-vardagsrummet-hemmakontoret-vit\/"},"modified":"2026-02-27T08:10:56","modified_gmt":"2026-02-27T08:10:56","slug":"trahylla-golvstaende-bokhylla-i-8-nivaer-med-trahyllor-for-vardagsrummet-hemmakontoret-vit","status":"publish","type":"product","link":"https:\/\/nordicmart.andreevmaster.com\/sv\/produkt\/trahylla-golvstaende-bokhylla-i-8-nivaer-med-trahyllor-for-vardagsrummet-hemmakontoret-vit\/","title":{"rendered":"Tr\u00e4hylla, golvst\u00e5ende bokhylla i 8 niv\u00e5er med tr\u00e4hyllor f\u00f6r vardagsrummet, hemmakontoret, vit"},"content":{"rendered":"<p>BOKHYLDA F\u00d6R BOK\u00c4LSKARE: Med en geometrisk silhuett och enast\u00e5ende funktion \u00e4r denna tr\u00e4formade bokhylla ett ljust inslag i ditt hemmakontor; fyll de m\u00e5nga grenarna med dina favoritb\u00f6cker f\u00f6r att skapa en i\u00f6gonfallande utst\u00e4llning.<\/p>\n<p>F\u00d6R SM\u00c5 RUM: Bokhyllan har 8 \u00f6ppna hyllor och rymmer massor av b\u00f6cker (A4- och A5-storlek) och andra prydnadsf\u00f6rem\u00e5l, samtidigt som den bara tar upp en liten golvyta. Storleken 50 x 25 x 141,5 cm (L x B x H) \u00e4r perfekt f\u00f6r l\u00e4genheter, smala rum, klassrum eller h\u00f6rn.ENAST\u00c5ENDE STABILITET: Kvalitetssp\u00e5nplade och h\u00e5rdvara s\u00e4kerst\u00e4ller en robust och h\u00e5llbar struktur; inkluderar anti-v\u00e4ltsanordning f\u00f6r extra stabilitet, varje hylla kan b\u00e4ra upp till 10 kg. L\u00c4TT ATT MONTERA: Levereras med numrerade delar och illustrerade instruktioner, s\u00e5 det \u00e4r enkelt f\u00f6r en person att montera denna bokhylla utan hj\u00e4lp. <\/p>\n<p>100 % N\u00d6JDHET: Vi levererar alltid professionell kundservice f\u00f6re och efter ditt k\u00f6p, s\u00e5 v\u00e4nta inte l\u00e4ngre och njut av det redan nu.<\/p>\n<p>Unikt design f\u00f6r modern inredning Med sin unika tr\u00e4formade design har bokhyllan 8 hyllor som ger gott om plats f\u00f6r en stor m\u00e4ngd b\u00f6cker, samtidigt som den \u00e4r ett stilfullt och attraktivt m\u00f6bel f\u00f6r ditt rum.Stabil och s\u00e4ker Sp\u00e5nskivramen med medf\u00f6ljande tippskydd s\u00e4kerst\u00e4ller stabilitet och robusthet, \u00e4ven n\u00e4r den \u00e4r fullastad med b\u00f6cker. M\u00e5ngsidigDen \u00f6ppna bokhyllan ger en tydlig \u00f6verblick och enkel \u00e5tkomst till b\u00f6ckerna, och den passar in i alla rum: vardagsrum, sovrum, lekrum, hall och altan (inte v\u00e4derbest\u00e4ndig).Produktdetaljer:- F\u00e4rg: vit- Material: sp\u00e5nskiva- M\u00e5tt: 50 x 141,5 x 25 cm (B x H x D)- Vikt: 13 kg- Max. belastningskapacitet: 10 kg per hylla. B\u00e4rkraft: 10 kg per hylla. Leveransomfattning: &#8211; 1 x bokhylla &#8211; 1 x tillbeh\u00f6rsv\u00e4ska &#8211; 1 x bruksanvisning (DE, EN, FR, IT, ES) VASAGLE Anm\u00e4rkningar: &#8211; Reng\u00f6r bokhyllan med en fuktig trasa och torka av den.- F\u00e4st produkten p\u00e5 v\u00e4ggen med tippskyddet f\u00f6r s\u00e4kerhets skull.<\/p>\n","protected":false},"excerpt":{"rendered":"<p>BOKHYLDA F\u00d6R BOK\u00c4LSKARE: Med en geometrisk silhuett och enast\u00e5ende funktion \u00e4r denna tr\u00e4formade bokhylla ett ljust inslag i ditt hemmakontor; fyll de m\u00e5nga grenarna med dina favoritb\u00f6cker f\u00f6r att skapa en i\u00f6gonfallande utst\u00e4llning. F\u00d6R SM\u00c5 RUM: Bokhyllan har 8 \u00f6ppna hyllor och rymmer massor av b\u00f6cker (A4- och A5-storlek) och andra prydnadsf\u00f6rem\u00e5l, samtidigt som den [&hellip;]<\/p>\n","protected":false},"featured_media":0,"comment_status":"open","ping_status":"closed","template":"","meta":[],"product_brand":[],"product_cat":[33],"product_tag":[],"class_list":{"0":"post-13377","1":"product","2":"type-product","3":"status-publish","5":"product_cat-okategoriserad","7":"first","8":"instock","9":"shipping-taxable","10":"product-type-simple"},"_links":{"self":[{"href":"https:\/\/nordicmart.andreevmaster.com\/sv\/wp-json\/wp\/v2\/product\/13377","targetHints":{"allow":["GET"]}}],"collection":[{"href":"https:\/\/nordicmart.andreevmaster.com\/sv\/wp-json\/wp\/v2\/product"}],"about":[{"href":"https:\/\/nordicmart.andreevmaster.com\/sv\/wp-json\/wp\/v2\/types\/product"}],"replies":[{"embeddable":true,"href":"https:\/\/nordicmart.andreevmaster.com\/sv\/wp-json\/wp\/v2\/comments?post=13377"}],"wp:attachment":[{"href":"https:\/\/nordicmart.andreevmaster.com\/sv\/wp-json\/wp\/v2\/media?parent=13377"}],"wp:term":[{"taxonomy":"product_brand","embeddable":true,"href":"https:\/\/nordicmart.andreevmaster.com\/sv\/wp-json\/wp\/v2\/product_brand?post=13377"},{"taxonomy":"product_cat","embeddable":true,"href":"https:\/\/nordicmart.andreevmaster.com\/sv\/wp-json\/wp\/v2\/product_cat?post=13377"},{"taxonomy":"product_tag","embeddable":true,"href":"https:\/\/nordicmart.andreevmaster.com\/sv\/wp-json\/wp\/v2\/product_tag?post=13377"}],"curies":[{"name":"wp","href":"https:\/\/api.w.org\/{rel}","templated":true}]}}