{"id":13376,"date":"2026-02-27T00:17:41","date_gmt":"2026-02-27T00:17:41","guid":{"rendered":"https:\/\/nordicmart.andreevmaster.com\/product\/vasagle-bokhylla-i-tradform-med-8-fack\/"},"modified":"2026-02-27T08:10:56","modified_gmt":"2026-02-27T08:10:56","slug":"vasagle-bokhylla-i-tradform-med-8-fack","status":"publish","type":"product","link":"https:\/\/nordicmart.andreevmaster.com\/sv\/produkt\/vasagle-bokhylla-i-tradform-med-8-fack\/","title":{"rendered":"VASAGLE bokhylla i tr\u00e4dform med 8 fack"},"content":{"rendered":"<p>Unik design f\u00f6r modern inredning Med sin unika tr\u00e4dformade design har bokhyllan 8 hyllplan som erbjuder gott om plats f\u00f6r en stor m\u00e4ngd b\u00f6cker och samtidigt \u00e4r den ett stilfullt och attraktivt m\u00f6bel f\u00f6r ditt rum.   Stabil och s\u00e4ker Sp\u00e5nskivramen med medf\u00f6ljande tippskydd garanterar stabilitet och robusthet \u00e4ven n\u00e4r den \u00e4r fullastad med b\u00f6cker. S\u00e4ker f\u00f6r barn.  M\u00e5ngsidig Den \u00f6ppna bokhyllan ger fri sikt och enkel \u00e5tkomst till b\u00f6ckerna och passar i alla rum: vardagsrum, sovrum, lekrum, entr\u00e9 och balkong (inte v\u00e4derbest\u00e4ndig).  Produktdetaljer: &#8211; F\u00e4rg: M\u00f6rkbrun\/vintage &#8211; Material: Sp\u00e5nskiva &#8211; M\u00e5tt: 50 x 25 x 141,5 cm (L x B x H) &#8211; Vikt: 13 kg &#8211; Max. belastning: 10 kg per hylla  Leveransomfattning: &#8211; 1 x bokhylla &#8211; 1 x tillbeh\u00f6rsp\u00e5se &#8211; 1 x bruksanvisning (DE, EN, FR, IT, ES)  VASAGLE Anm\u00e4rkningar: &#8211; Reng\u00f6r bokhyllan med en fuktig trasa och torka den torr. &#8211; F\u00f6r s\u00e4kerhets skull, f\u00e4st produkten p\u00e5 v\u00e4ggen med tippskyddet.<\/p>\n","protected":false},"excerpt":{"rendered":"<p>VASAGLE Bokhyllan har en tr\u00e4dformad, geometrisk struktur som ger dina b\u00f6cker ett hem och din inredning en scen d\u00e4r de kan gl\u00e4nsa.<\/p>\n","protected":false},"featured_media":41518,"comment_status":"open","ping_status":"closed","template":"","meta":[],"product_brand":[],"product_cat":[33],"product_tag":[],"class_list":{"0":"post-13376","1":"product","2":"type-product","3":"status-publish","4":"has-post-thumbnail","6":"product_cat-okategoriserad","8":"first","9":"instock","10":"shipping-taxable","11":"purchasable","12":"product-type-simple"},"_links":{"self":[{"href":"https:\/\/nordicmart.andreevmaster.com\/sv\/wp-json\/wp\/v2\/product\/13376","targetHints":{"allow":["GET"]}}],"collection":[{"href":"https:\/\/nordicmart.andreevmaster.com\/sv\/wp-json\/wp\/v2\/product"}],"about":[{"href":"https:\/\/nordicmart.andreevmaster.com\/sv\/wp-json\/wp\/v2\/types\/product"}],"replies":[{"embeddable":true,"href":"https:\/\/nordicmart.andreevmaster.com\/sv\/wp-json\/wp\/v2\/comments?post=13376"}],"wp:featuredmedia":[{"embeddable":true,"href":"https:\/\/nordicmart.andreevmaster.com\/sv\/wp-json\/wp\/v2\/media\/41518"}],"wp:attachment":[{"href":"https:\/\/nordicmart.andreevmaster.com\/sv\/wp-json\/wp\/v2\/media?parent=13376"}],"wp:term":[{"taxonomy":"product_brand","embeddable":true,"href":"https:\/\/nordicmart.andreevmaster.com\/sv\/wp-json\/wp\/v2\/product_brand?post=13376"},{"taxonomy":"product_cat","embeddable":true,"href":"https:\/\/nordicmart.andreevmaster.com\/sv\/wp-json\/wp\/v2\/product_cat?post=13376"},{"taxonomy":"product_tag","embeddable":true,"href":"https:\/\/nordicmart.andreevmaster.com\/sv\/wp-json\/wp\/v2\/product_tag?post=13376"}],"curies":[{"name":"wp","href":"https:\/\/api.w.org\/{rel}","templated":true}]}}