{"id":13372,"date":"2026-02-27T00:17:40","date_gmt":"2026-02-27T00:17:40","guid":{"rendered":"https:\/\/nordicmart.andreevmaster.com\/product\/bokhylla-trapporganisator-10-oppna-kuber-utstallningshylla-i-tra-fristaende-hylla-1295-x-29-x-1295-cm-rumsavdelare-vit-lbc10wtv1\/"},"modified":"2026-02-27T08:10:55","modified_gmt":"2026-02-27T08:10:55","slug":"bokhylla-trapporganisator-10-oppna-kuber-utstallningshylla-i-tra-fristaende-hylla-1295-x-29-x-1295-cm-rumsavdelare-vit-lbc10wtv1","status":"publish","type":"product","link":"https:\/\/nordicmart.andreevmaster.com\/sv\/produkt\/bokhylla-trapporganisator-10-oppna-kuber-utstallningshylla-i-tra-fristaende-hylla-1295-x-29-x-1295-cm-rumsavdelare-vit-lbc10wtv1\/","title":{"rendered":"Bokhylla, trapporganisator, 10 \u00f6ppna kuber, utst\u00e4llningshylla i tr\u00e4, frist\u00e5ende hylla, 129,5 x 29 x 129,5 cm, rumsavdelare, vit LBC10WTV1"},"content":{"rendered":"<p>Raffinerad hylla: anv\u00e4nd den till dina b\u00f6cker, st\u00e4ll ut dina favoritsamlarobjekt eller anv\u00e4nd den som rumsavdelare<\/p>\n<p>Platsbesparande och \u00e4nd\u00e5 rymlig: med 129,5 x 129,5 x 29 cm (B x H x D) och 10 kubikmeter ger massor av plats f\u00f6r mappar eller b\u00f6cker; \u00f6ppen hylla f\u00f6r enkel anv\u00e4ndning fr\u00e5n b\u00e5da sidor<\/p>\n<p>TUNGA GOLVHYLLOR &#8211; 15 mm sp\u00e5nskiva s\u00e4kerst\u00e4ller att varje kub kan h\u00e5lla upp till 10 kg. Den medf\u00f6ljande tippskyddet ger \u00e4nnu mer stabilitet och s\u00e4kerhet. Ytan \u00e4r ocks\u00e5 rept\u00e5lig och slitstark. Professionell finish: alla kanter \u00e4r f\u00f6rseglade, sl\u00e4ta att ta p\u00e5 och eleganta i utseendet; varje skruv levereras med en klisterm\u00e4rke f\u00f6r att d\u00f6lja skruven. 100 % n\u00f6jdhet: Vasagle erbjuder dig kundservice b\u00e5de f\u00f6re och efter best\u00e4llningen. T\u00e4nk inte f\u00f6r l\u00e4nge, prova bara!<\/p>\n<p>Chic och praktisk Denna hylla ger massor av plats f\u00f6r dekorativa f\u00f6rem\u00e5l, hush\u00e5llsartiklar och b\u00f6cker och passar vackert in i din bostadsmilj\u00f6.  Den frist\u00e5ende hyllan \u00e4r ocks\u00e5 l\u00e4mplig f\u00f6r f\u00f6rvaring av en l\u00e5ng rad saker som leksaker, kl\u00e4der, mappar, b\u00f6cker osv. Placera den p\u00e5 barnrummet, i vardagsrummet, p\u00e5 kontoret eller hemmakontoret.  Enkel montering Alla hyllans delar \u00e4r numrerade och en detaljerad monteringsanvisning medf\u00f6ljer. Det g\u00f6r monteringen snabb och enkel. Dessutom \u00e4r alla kanter f\u00f6rseglade, s\u00e5 du beh\u00f6ver inte oroa dig f\u00f6r splitter. Produktdetaljer: &#8211; F\u00e4rg: vit &#8211; Material: sp\u00e5nskiva med melaminfan\u00e9r &#8211; Produktm\u00e5tt: 129,5 x 29 cm x 129,5 (L x B x H) &#8211; Vikt: 27,3 kg &#8211; Statisk belastningskapacitet per kub: 15 kg Leveransomf\u00e5ng: &#8211; 1 x bokhylla &#8211; 1 x tillbeh\u00f6rspaket &#8211; 1 x bruksanvisning (DE, EN, FR, ES, IT) VASAGLE Anm\u00e4rkningar: &#8211; Reng\u00f6r hyllan med en fuktig trasa och torka sedan av den. &#8211; F\u00e4st produkten p\u00e5 v\u00e4ggen med den medf\u00f6ljande tippskyddsanordningen f\u00f6r att s\u00e4kerst\u00e4lla s\u00e4ker anv\u00e4ndning.<\/p>\n","protected":false},"excerpt":{"rendered":"<p>Raffinerad hylla: anv\u00e4nd den till dina b\u00f6cker, st\u00e4ll ut dina favoritsamlarobjekt eller anv\u00e4nd den som rumsavdelare Platsbesparande och \u00e4nd\u00e5 rymlig: med 129,5 x 129,5 x 29 cm (B x H x D) och 10 kubikmeter ger massor av plats f\u00f6r mappar eller b\u00f6cker; \u00f6ppen hylla f\u00f6r enkel anv\u00e4ndning fr\u00e5n b\u00e5da sidor TUNGA GOLVHYLLOR &#8211; 15 [&hellip;]<\/p>\n","protected":false},"featured_media":0,"comment_status":"open","ping_status":"closed","template":"","meta":[],"product_brand":[],"product_cat":[33],"product_tag":[],"class_list":{"0":"post-13372","1":"product","2":"type-product","3":"status-publish","5":"product_cat-okategoriserad","7":"first","8":"instock","9":"shipping-taxable","10":"product-type-simple"},"_links":{"self":[{"href":"https:\/\/nordicmart.andreevmaster.com\/sv\/wp-json\/wp\/v2\/product\/13372","targetHints":{"allow":["GET"]}}],"collection":[{"href":"https:\/\/nordicmart.andreevmaster.com\/sv\/wp-json\/wp\/v2\/product"}],"about":[{"href":"https:\/\/nordicmart.andreevmaster.com\/sv\/wp-json\/wp\/v2\/types\/product"}],"replies":[{"embeddable":true,"href":"https:\/\/nordicmart.andreevmaster.com\/sv\/wp-json\/wp\/v2\/comments?post=13372"}],"wp:attachment":[{"href":"https:\/\/nordicmart.andreevmaster.com\/sv\/wp-json\/wp\/v2\/media?parent=13372"}],"wp:term":[{"taxonomy":"product_brand","embeddable":true,"href":"https:\/\/nordicmart.andreevmaster.com\/sv\/wp-json\/wp\/v2\/product_brand?post=13372"},{"taxonomy":"product_cat","embeddable":true,"href":"https:\/\/nordicmart.andreevmaster.com\/sv\/wp-json\/wp\/v2\/product_cat?post=13372"},{"taxonomy":"product_tag","embeddable":true,"href":"https:\/\/nordicmart.andreevmaster.com\/sv\/wp-json\/wp\/v2\/product_tag?post=13372"}],"curies":[{"name":"wp","href":"https:\/\/api.w.org\/{rel}","templated":true}]}}