{"id":13371,"date":"2026-02-27T00:17:40","date_gmt":"2026-02-27T00:17:40","guid":{"rendered":"https:\/\/nordicmart.andreevmaster.com\/product\/vasagle-bokhylla-med-10-kuber\/"},"modified":"2026-02-27T08:10:55","modified_gmt":"2026-02-27T08:10:55","slug":"vasagle-bokhylla-med-10-kuber","status":"publish","type":"product","link":"https:\/\/nordicmart.andreevmaster.com\/sv\/produkt\/vasagle-bokhylla-med-10-kuber\/","title":{"rendered":"VASAGLE bokhylla med 10 kuber"},"content":{"rendered":"<p>Chic och praktisk Denna bokhylla erbjuder gott om plats f\u00f6r dekorationsf\u00f6rem\u00e5l, hush\u00e5llsartiklar och b\u00f6cker och passar perfekt in i ditt hem.  Mycket f\u00f6rvaringsutrymme Den frist\u00e5ende hyllan \u00e4r ocks\u00e5 l\u00e4mplig f\u00f6r f\u00f6rvaring av olika f\u00f6rem\u00e5l som leksaker, kl\u00e4der, dokument, b\u00f6cker etc. Placera den i barnrummet, vardagsrummet, kontoret eller hemmakontoret.  Enkel montering Alla delar till denna hylla \u00e4r numrerade och en detaljerad monteringsanvisning medf\u00f6ljer. Detta g\u00f6r monteringen snabb och enkel. Dessutom \u00e4r alla kanter f\u00f6rseglade, s\u00e5 du beh\u00f6ver inte oroa dig f\u00f6r splitter. Produktdetaljer: &#8211; F\u00e4rg: M\u00f6rkbrun\/vintage &#8211; Material: Sp\u00e5nskiva &#8211; Produktm\u00e5tt: 129,5 x 29 cm x 129,5 (L x B x H) &#8211; Vikt: 27,3 kg &#8211; Statisk belastningskapacitet per kub: 15 kg Leveransomfattning:- 1 x bokhylla &#8211; 1 x tillbeh\u00f6rspaket &#8211; 1 x instruktioner (DE, EN, FR, ES, IT) VASAGLE Anm\u00e4rkningar: &#8211; Reng\u00f6r bokhyllan med en fuktig trasa och torka sedan av den. &#8211; F\u00e4st denna produkt p\u00e5 v\u00e4ggen med den medf\u00f6ljande tippskyddet f\u00f6r att s\u00e4kerst\u00e4lla s\u00e4ker anv\u00e4ndning.<\/p>\n","protected":false},"excerpt":{"rendered":"<p>VASAGLE bokhylla, trappa, 10 kubformade fack, utst\u00e4llningshylla i tr\u00e4, frist\u00e5ende hylla, rumsavdelare, vit LBC10WTV1<\/p>\n","protected":false},"featured_media":41514,"comment_status":"open","ping_status":"closed","template":"","meta":[],"product_brand":[],"product_cat":[33],"product_tag":[],"class_list":{"0":"post-13371","1":"product","2":"type-product","3":"status-publish","4":"has-post-thumbnail","6":"product_cat-okategoriserad","8":"first","9":"instock","10":"shipping-taxable","11":"purchasable","12":"product-type-simple"},"_links":{"self":[{"href":"https:\/\/nordicmart.andreevmaster.com\/sv\/wp-json\/wp\/v2\/product\/13371","targetHints":{"allow":["GET"]}}],"collection":[{"href":"https:\/\/nordicmart.andreevmaster.com\/sv\/wp-json\/wp\/v2\/product"}],"about":[{"href":"https:\/\/nordicmart.andreevmaster.com\/sv\/wp-json\/wp\/v2\/types\/product"}],"replies":[{"embeddable":true,"href":"https:\/\/nordicmart.andreevmaster.com\/sv\/wp-json\/wp\/v2\/comments?post=13371"}],"wp:featuredmedia":[{"embeddable":true,"href":"https:\/\/nordicmart.andreevmaster.com\/sv\/wp-json\/wp\/v2\/media\/41514"}],"wp:attachment":[{"href":"https:\/\/nordicmart.andreevmaster.com\/sv\/wp-json\/wp\/v2\/media?parent=13371"}],"wp:term":[{"taxonomy":"product_brand","embeddable":true,"href":"https:\/\/nordicmart.andreevmaster.com\/sv\/wp-json\/wp\/v2\/product_brand?post=13371"},{"taxonomy":"product_cat","embeddable":true,"href":"https:\/\/nordicmart.andreevmaster.com\/sv\/wp-json\/wp\/v2\/product_cat?post=13371"},{"taxonomy":"product_tag","embeddable":true,"href":"https:\/\/nordicmart.andreevmaster.com\/sv\/wp-json\/wp\/v2\/product_tag?post=13371"}],"curies":[{"name":"wp","href":"https:\/\/api.w.org\/{rel}","templated":true}]}}