{"id":13368,"date":"2026-02-27T00:17:39","date_gmt":"2026-02-27T00:17:39","guid":{"rendered":"https:\/\/nordicmart.andreevmaster.com\/product\/vasagle-bokhylla-med-3-hyllplan-i-skandinavisk-stil\/"},"modified":"2026-02-27T08:10:54","modified_gmt":"2026-02-27T08:10:54","slug":"vasagle-bokhylla-med-3-hyllplan-i-skandinavisk-stil","status":"publish","type":"product","link":"https:\/\/nordicmart.andreevmaster.com\/sv\/produkt\/vasagle-bokhylla-med-3-hyllplan-i-skandinavisk-stil\/","title":{"rendered":"VASAGLE bokhylla med 3 hyllplan i skandinavisk stil"},"content":{"rendered":"<p>VASAGLE bokhylla, hylla med 3 fack, st\u00e5ende hylla, med h\u00f6j- och s\u00e4nkbara hyllplan, f\u00f6r vardagsrum, barnrum, kontor<br \/>\nF\u00e4rg: Vit<br \/>\nMaterial: Sp\u00e5nskiva<br \/>\nStorlek: 24 x 80 x 93 cm (D x B x H)<br \/>\nVikt: 15,4 kg<br \/>\nMax. statisk belastningskapacitet per niv\u00e5: 10 kg<\/p>\n","protected":false},"excerpt":{"rendered":"<p>VASAGLE bokhylla, hylla med 3 fack, st\u00e5ende hylla, med h\u00f6j- och s\u00e4nkbara hyllplan, f\u00f6r vardagsrum, barnrum, kontor<\/p>\n","protected":false},"featured_media":41511,"comment_status":"open","ping_status":"closed","template":"","meta":[],"product_brand":[],"product_cat":[33],"product_tag":[],"class_list":{"0":"post-13368","1":"product","2":"type-product","3":"status-publish","4":"has-post-thumbnail","6":"product_cat-okategoriserad","8":"first","9":"instock","10":"shipping-taxable","11":"purchasable","12":"product-type-simple"},"_links":{"self":[{"href":"https:\/\/nordicmart.andreevmaster.com\/sv\/wp-json\/wp\/v2\/product\/13368","targetHints":{"allow":["GET"]}}],"collection":[{"href":"https:\/\/nordicmart.andreevmaster.com\/sv\/wp-json\/wp\/v2\/product"}],"about":[{"href":"https:\/\/nordicmart.andreevmaster.com\/sv\/wp-json\/wp\/v2\/types\/product"}],"replies":[{"embeddable":true,"href":"https:\/\/nordicmart.andreevmaster.com\/sv\/wp-json\/wp\/v2\/comments?post=13368"}],"wp:featuredmedia":[{"embeddable":true,"href":"https:\/\/nordicmart.andreevmaster.com\/sv\/wp-json\/wp\/v2\/media\/41511"}],"wp:attachment":[{"href":"https:\/\/nordicmart.andreevmaster.com\/sv\/wp-json\/wp\/v2\/media?parent=13368"}],"wp:term":[{"taxonomy":"product_brand","embeddable":true,"href":"https:\/\/nordicmart.andreevmaster.com\/sv\/wp-json\/wp\/v2\/product_brand?post=13368"},{"taxonomy":"product_cat","embeddable":true,"href":"https:\/\/nordicmart.andreevmaster.com\/sv\/wp-json\/wp\/v2\/product_cat?post=13368"},{"taxonomy":"product_tag","embeddable":true,"href":"https:\/\/nordicmart.andreevmaster.com\/sv\/wp-json\/wp\/v2\/product_tag?post=13368"}],"curies":[{"name":"wp","href":"https:\/\/api.w.org\/{rel}","templated":true}]}}