{"id":13364,"date":"2026-02-27T00:17:38","date_gmt":"2026-02-27T00:17:38","guid":{"rendered":"https:\/\/nordicmart.andreevmaster.com\/product\/vasagle-enkel-bokhylla-med-3-hyllor-vit\/"},"modified":"2026-02-27T08:10:53","modified_gmt":"2026-02-27T08:10:53","slug":"vasagle-enkel-bokhylla-med-3-hyllor-vit","status":"publish","type":"product","link":"https:\/\/nordicmart.andreevmaster.com\/sv\/produkt\/vasagle-enkel-bokhylla-med-3-hyllor-vit\/","title":{"rendered":"VASAGLE Enkel bokhylla med 3 hyllor, vit"},"content":{"rendered":"<p>V\u00e5r bokhylla erbjuder tillr\u00e4ckligt med f\u00f6rvaringsutrymme f\u00f6r dina favoritb\u00f6cker eller DVD-skivor. St\u00e4ll bokhyllan i barnrummet f\u00f6r att f\u00f6rvara dina barns skolb\u00f6cker, placera den i vardagsrummet bredvid din l\u00e4sf\u00e5t\u00f6lj eller st\u00e4ll upp bokhyllan i ditt sovrum. Den medf\u00f6ljande monteringsanvisningen p\u00e5 flera spr\u00e5k g\u00f6r det enkelt \u00e4ven f\u00f6r personer som inte \u00e4r s\u00e5 h\u00e4ndiga att montera bokhyllan. Dessutom \u00e4r alla delar numrerade s\u00e5 att du snabbt hittar r\u00e4tt. F\u00f6r att underl\u00e4tta monteringen har vi gjort urtag f\u00f6r bakv\u00e4ggen i sidopanelerna. Bakv\u00e4ggen kan nu enkelt skjutas in och f\u00e4stas med bakv\u00e4ggsf\u00e4sten. Detta \u00f6kar ocks\u00e5 stabiliteten avsev\u00e4rt. En reservskruv f\u00f6r framtida behov medf\u00f6ljer ocks\u00e5. Dessutom har vi utrustat v\u00e5r bokhylla med ett tippskydd som ger \u00f6kad s\u00e4kerhet. Vi har ocks\u00e5 bifogat fotglidare som skyddar ditt golv fr\u00e5n repor och skador. Tveka inte l\u00e4nge, sl\u00e5 till redan idag. K\u00f6p v\u00e5r multifunktionella hylla f\u00f6r mysiga l\u00e4sstunder efter jobbet. Produktdetaljer: &#8211; F\u00e4rg: vit &#8211; Material: sp\u00e5nskiva och MDF-skiva (klass E1) med melaminfan\u00e9r &#8211; M\u00e5tt: 40 x 93 x 24 cm (B x H x D) &#8211; Vikt: 9,5 kg &#8211; Max. belastningskapacitet: 30 kg \u00f6vre hyllplan; 15 kg per fack Leveransomfattning: &#8211; 1 x bokhylla &#8211; 1 x tillbeh\u00f6rsp\u00e5se &#8211; 1 x bruksanvisning (DE, EN, FR, IT, ES)<\/p>\n","protected":false},"excerpt":{"rendered":"<p>VASAGLE bokhylla med 3 fack, justerbara hyllplan, vit hylla, arkivhylla f\u00f6r vardagsrum, barnrum och hemmakontor, 40 x 93 x 24 cm (B x H x D) LBC103W<\/p>\n","protected":false},"featured_media":41507,"comment_status":"open","ping_status":"closed","template":"","meta":[],"product_brand":[],"product_cat":[33],"product_tag":[],"class_list":{"0":"post-13364","1":"product","2":"type-product","3":"status-publish","4":"has-post-thumbnail","6":"product_cat-okategoriserad","8":"first","9":"instock","10":"shipping-taxable","11":"purchasable","12":"product-type-simple"},"_links":{"self":[{"href":"https:\/\/nordicmart.andreevmaster.com\/sv\/wp-json\/wp\/v2\/product\/13364","targetHints":{"allow":["GET"]}}],"collection":[{"href":"https:\/\/nordicmart.andreevmaster.com\/sv\/wp-json\/wp\/v2\/product"}],"about":[{"href":"https:\/\/nordicmart.andreevmaster.com\/sv\/wp-json\/wp\/v2\/types\/product"}],"replies":[{"embeddable":true,"href":"https:\/\/nordicmart.andreevmaster.com\/sv\/wp-json\/wp\/v2\/comments?post=13364"}],"wp:featuredmedia":[{"embeddable":true,"href":"https:\/\/nordicmart.andreevmaster.com\/sv\/wp-json\/wp\/v2\/media\/41507"}],"wp:attachment":[{"href":"https:\/\/nordicmart.andreevmaster.com\/sv\/wp-json\/wp\/v2\/media?parent=13364"}],"wp:term":[{"taxonomy":"product_brand","embeddable":true,"href":"https:\/\/nordicmart.andreevmaster.com\/sv\/wp-json\/wp\/v2\/product_brand?post=13364"},{"taxonomy":"product_cat","embeddable":true,"href":"https:\/\/nordicmart.andreevmaster.com\/sv\/wp-json\/wp\/v2\/product_cat?post=13364"},{"taxonomy":"product_tag","embeddable":true,"href":"https:\/\/nordicmart.andreevmaster.com\/sv\/wp-json\/wp\/v2\/product_tag?post=13364"}],"curies":[{"name":"wp","href":"https:\/\/api.w.org\/{rel}","templated":true}]}}