{"id":13360,"date":"2026-02-27T00:17:37","date_gmt":"2026-02-27T00:17:37","guid":{"rendered":"https:\/\/nordicmart.andreevmaster.com\/product\/vasagle-bokhylla-skandinavisk-vit\/"},"modified":"2026-02-27T08:10:52","modified_gmt":"2026-02-27T08:10:52","slug":"vasagle-bokhylla-skandinavisk-vit","status":"publish","type":"product","link":"https:\/\/nordicmart.andreevmaster.com\/sv\/produkt\/vasagle-bokhylla-skandinavisk-vit\/","title":{"rendered":"VASAGLE bokhylla skandinavisk vit"},"content":{"rendered":"<p>Moderna m\u00f6bler f\u00f6r ditt hem Det finns en anledning till varf\u00f6r moderna m\u00f6bler \u00e4r s\u00e5 popul\u00e4ra: de ser alltid bra ut, oavsett var de st\u00e5r. Denna bokhylla passar till m\u00e5nga inredningsstilar och g\u00f6r sig utm\u00e4rkt i ditt vardagsrum, arbetsrum eller kontor. 2 h\u00f6ga hyllplan och 2 sk\u00e5pd\u00f6rrar som \u00f6ppnas med ett l\u00e4tt tryck \u2013 denna bokhylla erbjuder gott om plats f\u00f6r m\u00e5nga olika f\u00f6rem\u00e5l och ger dig snabb \u00e5tkomst till dina b\u00f6cker. Bepr\u00f6vad VASAGLE-kvalitet Denna vardagsrumssk\u00e5p \u00e4r tillverkad av E1-sp\u00e5nskivor och t\u00e5l en belastning p\u00e5 upp till 50 kg \u2013 perfekt f\u00f6r b\u00f6cker, spel, v\u00e4xter, dekorationer och mycket mer. De ut\u00e5tst\u00e5ende benen \u00e4r tillverkade av gummitr\u00e4, vilket g\u00f6r dem extra stabila. Om du gillar denna moderna bokhylla b\u00f6r du ocks\u00e5 titta p\u00e5 de andra matchande m\u00f6blerna fr\u00e5n VASAGLE! Produktdetaljer: &#8211; F\u00e4rg: Vit &#8211; Material: CARB E1 sp\u00e5nskiva, ben i massivt tr\u00e4 &#8211; Storlek: 60 x 30 x 120 cm (L x B x H) &#8211; Vikt: 16,8 kg &#8211; Max. statisk belastningskapacitet: 50 kg Leveransomfattning: &#8211; 1 x vardagsrumssk\u00e5p &#8211; 1 x instruktioner (DE, EN, FR, ES, IT) VASAGLE Anm\u00e4rkningar: &#8211; H\u00e5ll barn borta fr\u00e5n sk\u00e5pets h\u00f6rn, eftersom det annars kan leda till skador. &#8211; Lyft sk\u00e5pet om du vill flytta det. Dra det inte \u00f6ver golvet. &#8211; Tryck inte f\u00f6r h\u00e5rt p\u00e5 d\u00f6rrarna till denna produkt. &#8211; Barn b\u00f6r endast anv\u00e4nda detta sk\u00e5p under uppsikt av en vuxen.<\/p>\n","protected":false},"excerpt":{"rendered":"<p>VASAGLE Denna bokhylla kombinerar stil och f\u00f6rvaringsutrymme i ett, d\u00e4r det svarta bryts av med en rustik brun f\u00e4rg f\u00f6r en mer romantisk touch och skapar en elegant hylla med f\u00f6rvaringsutrymme f\u00f6r dekorationer och n\u00f6dv\u00e4ndigheter.<\/p>\n","protected":false},"featured_media":41503,"comment_status":"open","ping_status":"closed","template":"","meta":[],"product_brand":[],"product_cat":[33],"product_tag":[],"class_list":{"0":"post-13360","1":"product","2":"type-product","3":"status-publish","4":"has-post-thumbnail","6":"product_cat-okategoriserad","8":"first","9":"instock","10":"shipping-taxable","11":"purchasable","12":"product-type-simple"},"_links":{"self":[{"href":"https:\/\/nordicmart.andreevmaster.com\/sv\/wp-json\/wp\/v2\/product\/13360","targetHints":{"allow":["GET"]}}],"collection":[{"href":"https:\/\/nordicmart.andreevmaster.com\/sv\/wp-json\/wp\/v2\/product"}],"about":[{"href":"https:\/\/nordicmart.andreevmaster.com\/sv\/wp-json\/wp\/v2\/types\/product"}],"replies":[{"embeddable":true,"href":"https:\/\/nordicmart.andreevmaster.com\/sv\/wp-json\/wp\/v2\/comments?post=13360"}],"wp:featuredmedia":[{"embeddable":true,"href":"https:\/\/nordicmart.andreevmaster.com\/sv\/wp-json\/wp\/v2\/media\/41503"}],"wp:attachment":[{"href":"https:\/\/nordicmart.andreevmaster.com\/sv\/wp-json\/wp\/v2\/media?parent=13360"}],"wp:term":[{"taxonomy":"product_brand","embeddable":true,"href":"https:\/\/nordicmart.andreevmaster.com\/sv\/wp-json\/wp\/v2\/product_brand?post=13360"},{"taxonomy":"product_cat","embeddable":true,"href":"https:\/\/nordicmart.andreevmaster.com\/sv\/wp-json\/wp\/v2\/product_cat?post=13360"},{"taxonomy":"product_tag","embeddable":true,"href":"https:\/\/nordicmart.andreevmaster.com\/sv\/wp-json\/wp\/v2\/product_tag?post=13360"}],"curies":[{"name":"wp","href":"https:\/\/api.w.org\/{rel}","templated":true}]}}