{"id":13350,"date":"2026-02-27T00:17:34","date_gmt":"2026-02-27T00:17:34","guid":{"rendered":"https:\/\/nordicmart.andreevmaster.com\/product\/echo-collection-ulbc090b01-barstolar-2-st-koksstolar-frukoststolar-sydda-i-konstlader-30-hoga-for-hemmet-baren-matsalen-enkla-att-montera-helt-svarta\/"},"modified":"2026-02-27T08:10:50","modified_gmt":"2026-02-27T08:10:50","slug":"echo-collection-ulbc090b01-barstolar-2-st-koksstolar-frukoststolar-sydda-i-konstlader-30-hoga-for-hemmet-baren-matsalen-enkla-att-montera-helt-svarta","status":"publish","type":"product","link":"https:\/\/nordicmart.andreevmaster.com\/sv\/produkt\/echo-collection-ulbc090b01-barstolar-2-st-koksstolar-frukoststolar-sydda-i-konstlader-30-hoga-for-hemmet-baren-matsalen-enkla-att-montera-helt-svarta\/","title":{"rendered":"Echo Collection ULBC090B01 Barstolar, 2 st, k\u00f6ksstolar, frukoststolar, sydda i konstl\u00e4der, 30&#8243; h\u00f6ga, f\u00f6r hemmet, baren, matsalen, enkla att montera, helt svarta"},"content":{"rendered":"<p>[F\u00f6rb\u00e4ttra ditt utrymme] Upplev en lockande blandning av konstl\u00e4der, elegant s\u00f6mnad och stilrena koniska ben i dessa barstolar fr\u00e5n ECHO Collection, en konkret hyllning till hantverksskicklighet som lyfter ditt hem till nya h\u00f6jder av elegans.Komfort \u00f6verallt: L\u00e4gg handen p\u00e5 det sl\u00e4ta \u00f6verdraget och njut sedan av den 3,1 tum tjocka, extremt flexibla skumplastens stabila lyx. Dessa barstolar erbjuder en bekv\u00e4m sittupplevelse som h\u00e5ller och t\u00e5l tidens tand.[Anpassningsbar elegans] Denna serie med 2 barstolar med unika stegvisa fotst\u00f6d \u00e4r det senaste inom spelv\u00e4rlden. De passar enkelt v\u00e4nner i alla l\u00e4ngder och erbjuder en o\u00f6vertr\u00e4ffad kombination av komfort och m\u00e5ngsidighet.Stabil stabilitet, mjuk p\u00e5 golvet: Dessa k\u00f6ksstolar garanterar stabilitet p\u00e5 oj\u00e4mna ytor och en j\u00e4mn, repfri kontakt, vilket ger sinnesro f\u00f6r lugna drycker eller livliga fester.[Enkel att reng\u00f6ra och elegant] Oavsiktliga spill? Oroa dig inte! Vattent\u00e4tt \u00f6verdrag av syntetiskt l\u00e4der som kan reng\u00f6ras p\u00e5 ett \u00f6gonblick. Matt yta p\u00e5 st\u00e5lben som t\u00e5l repor och beh\u00e5ller sin eleganta charm \u00e4ven vid daglig anv\u00e4ndning.<\/p>\n","protected":false},"excerpt":{"rendered":"<p>[F\u00f6rb\u00e4ttra ditt utrymme] Upplev en lockande blandning av konstl\u00e4der, elegant s\u00f6mnad och stilrena koniska ben i dessa barstolar fr\u00e5n ECHO Collection, en konkret hyllning till hantverksskicklighet som lyfter ditt hem till nya h\u00f6jder av elegans.Komfort \u00f6verallt: L\u00e4gg handen p\u00e5 det sl\u00e4ta \u00f6verdraget och njut sedan av den 3,1 tum tjocka, extremt flexibla skumplastens stabila lyx. [&hellip;]<\/p>\n","protected":false},"featured_media":0,"comment_status":"open","ping_status":"closed","template":"","meta":[],"product_brand":[],"product_cat":[33],"product_tag":[],"class_list":{"0":"post-13350","1":"product","2":"type-product","3":"status-publish","5":"product_cat-okategoriserad","7":"first","8":"instock","9":"shipping-taxable","10":"product-type-simple"},"_links":{"self":[{"href":"https:\/\/nordicmart.andreevmaster.com\/sv\/wp-json\/wp\/v2\/product\/13350","targetHints":{"allow":["GET"]}}],"collection":[{"href":"https:\/\/nordicmart.andreevmaster.com\/sv\/wp-json\/wp\/v2\/product"}],"about":[{"href":"https:\/\/nordicmart.andreevmaster.com\/sv\/wp-json\/wp\/v2\/types\/product"}],"replies":[{"embeddable":true,"href":"https:\/\/nordicmart.andreevmaster.com\/sv\/wp-json\/wp\/v2\/comments?post=13350"}],"wp:attachment":[{"href":"https:\/\/nordicmart.andreevmaster.com\/sv\/wp-json\/wp\/v2\/media?parent=13350"}],"wp:term":[{"taxonomy":"product_brand","embeddable":true,"href":"https:\/\/nordicmart.andreevmaster.com\/sv\/wp-json\/wp\/v2\/product_brand?post=13350"},{"taxonomy":"product_cat","embeddable":true,"href":"https:\/\/nordicmart.andreevmaster.com\/sv\/wp-json\/wp\/v2\/product_cat?post=13350"},{"taxonomy":"product_tag","embeddable":true,"href":"https:\/\/nordicmart.andreevmaster.com\/sv\/wp-json\/wp\/v2\/product_tag?post=13350"}],"curies":[{"name":"wp","href":"https:\/\/api.w.org\/{rel}","templated":true}]}}