{"id":13347,"date":"2026-02-27T00:17:33","date_gmt":"2026-02-27T00:17:33","guid":{"rendered":"https:\/\/nordicmart.andreevmaster.com\/product\/vasagle-ekho-kollektion-barstolar-2-pack-konstlader-black-svart\/"},"modified":"2026-02-27T08:10:50","modified_gmt":"2026-02-27T08:10:50","slug":"vasagle-ekho-kollektion-barstolar-2-pack-konstlader-black-svart","status":"publish","type":"product","link":"https:\/\/nordicmart.andreevmaster.com\/sv\/produkt\/vasagle-ekho-kollektion-barstolar-2-pack-konstlader-black-svart\/","title":{"rendered":"VASAGLE EKHO-kollektion \u2013 barstolar, 2-pack, konstl\u00e4der, bl\u00e4ck svart"},"content":{"rendered":"<p>VASAGLE EKHO-kollektion \u2013 2-pack barstolar, vridbara barstolar med ryggst\u00f6d, konstl\u00e4der, med s\u00f6mmar, mid-century modern stil, 65 cm h\u00f6ga, k\u00f6k, hembar<br \/>\n&#8211; F\u00e4rg: bl\u00e4ck svart<br \/>\n&#8211; Material: st\u00e5l, 58D formskum, PU-konstl\u00e4der (polyuretan), plywood<br \/>\n&#8211; Storlek per pall: 54 x 54 x 91 cm (D x B x H\uff09<br \/>\n&#8211; Sitth\u00f6jd: 65 cm<br \/>\n&#8211; Totalvikt: 13,6 kg<br \/>\n&#8211; Max. statisk belastningskapacitet per pall: 120 kg<\/p>\n","protected":false},"excerpt":{"rendered":"<p>VASAGLE EKHO-kollektion \u2013 2-pack barstolar, vridbara barstolar med ryggst\u00f6d, konstl\u00e4der, med s\u00f6mmar, mid-century modern stil, 65 cm h\u00f6ga, k\u00f6k, hembar<\/p>\n","protected":false},"featured_media":0,"comment_status":"open","ping_status":"closed","template":"","meta":[],"product_brand":[],"product_cat":[33],"product_tag":[],"class_list":{"0":"post-13347","1":"product","2":"type-product","3":"status-publish","5":"product_cat-okategoriserad","7":"first","8":"instock","9":"shipping-taxable","10":"purchasable","11":"product-type-simple"},"_links":{"self":[{"href":"https:\/\/nordicmart.andreevmaster.com\/sv\/wp-json\/wp\/v2\/product\/13347","targetHints":{"allow":["GET"]}}],"collection":[{"href":"https:\/\/nordicmart.andreevmaster.com\/sv\/wp-json\/wp\/v2\/product"}],"about":[{"href":"https:\/\/nordicmart.andreevmaster.com\/sv\/wp-json\/wp\/v2\/types\/product"}],"replies":[{"embeddable":true,"href":"https:\/\/nordicmart.andreevmaster.com\/sv\/wp-json\/wp\/v2\/comments?post=13347"}],"wp:attachment":[{"href":"https:\/\/nordicmart.andreevmaster.com\/sv\/wp-json\/wp\/v2\/media?parent=13347"}],"wp:term":[{"taxonomy":"product_brand","embeddable":true,"href":"https:\/\/nordicmart.andreevmaster.com\/sv\/wp-json\/wp\/v2\/product_brand?post=13347"},{"taxonomy":"product_cat","embeddable":true,"href":"https:\/\/nordicmart.andreevmaster.com\/sv\/wp-json\/wp\/v2\/product_cat?post=13347"},{"taxonomy":"product_tag","embeddable":true,"href":"https:\/\/nordicmart.andreevmaster.com\/sv\/wp-json\/wp\/v2\/product_tag?post=13347"}],"curies":[{"name":"wp","href":"https:\/\/api.w.org\/{rel}","templated":true}]}}