{"id":13344,"date":"2026-02-27T00:17:32","date_gmt":"2026-02-27T00:17:32","guid":{"rendered":"https:\/\/nordicmart.andreevmaster.com\/product\/vasagle-barstolar-2-st-hoga-stolar-for-kok-och-frukost-med-bojt-ryggstod\/"},"modified":"2026-02-27T08:10:49","modified_gmt":"2026-02-27T08:10:49","slug":"vasagle-barstolar-2-st-hoga-stolar-for-kok-och-frukost-med-bojt-ryggstod","status":"publish","type":"product","link":"https:\/\/nordicmart.andreevmaster.com\/sv\/produkt\/vasagle-barstolar-2-st-hoga-stolar-for-kok-och-frukost-med-bojt-ryggstod\/","title":{"rendered":"VASAGLE Barstolar 2 st h\u00f6ga stolar f\u00f6r k\u00f6k och frukost med b\u00f6jt ryggst\u00f6d"},"content":{"rendered":"<p>VASAGLE LBC087B01 Barstolar, barstolar, h\u00f6g bar, k\u00f6ksstolar med b\u00f6jt ryggst\u00f6d, tillverkade av PE-rotting, Boho, 48,2 x 45,7 x 92 cm, svart, 2 stycken<br \/>\n&#8211; F\u00e4rg: Karamellbrun<br \/>\n&#8211; Material: St\u00e5l, PE (polyeten), konstl\u00e4der, 58D formskum, plywood<br \/>\n&#8211; Storlek: 48,2 x 45,7 x 92 cm (D x B x H)<br \/>\n&#8211; Kuddens storlek: 42,1 d, 8 cm H<br \/>\n&#8211; Totalvikt: 11,4 kg<br \/>\n&#8211; Max. statisk belastningskapacitet per pall: 120 kg<\/p>\n","protected":false},"excerpt":{"rendered":"<p>VASAGLE LBC087B01 Barstolar, barstolar, h\u00f6g bar, k\u00f6ksstolar med b\u00f6jt ryggst\u00f6d, tillverkade av PE-rotting, Boho, 48,2 x 45,7 x 92 cm, svart, 2 stycken<\/p>\n","protected":false},"featured_media":41496,"comment_status":"open","ping_status":"closed","template":"","meta":[],"product_brand":[],"product_cat":[33],"product_tag":[],"class_list":{"0":"post-13344","1":"product","2":"type-product","3":"status-publish","4":"has-post-thumbnail","6":"product_cat-okategoriserad","8":"first","9":"instock","10":"shipping-taxable","11":"purchasable","12":"product-type-simple"},"_links":{"self":[{"href":"https:\/\/nordicmart.andreevmaster.com\/sv\/wp-json\/wp\/v2\/product\/13344","targetHints":{"allow":["GET"]}}],"collection":[{"href":"https:\/\/nordicmart.andreevmaster.com\/sv\/wp-json\/wp\/v2\/product"}],"about":[{"href":"https:\/\/nordicmart.andreevmaster.com\/sv\/wp-json\/wp\/v2\/types\/product"}],"replies":[{"embeddable":true,"href":"https:\/\/nordicmart.andreevmaster.com\/sv\/wp-json\/wp\/v2\/comments?post=13344"}],"wp:featuredmedia":[{"embeddable":true,"href":"https:\/\/nordicmart.andreevmaster.com\/sv\/wp-json\/wp\/v2\/media\/41496"}],"wp:attachment":[{"href":"https:\/\/nordicmart.andreevmaster.com\/sv\/wp-json\/wp\/v2\/media?parent=13344"}],"wp:term":[{"taxonomy":"product_brand","embeddable":true,"href":"https:\/\/nordicmart.andreevmaster.com\/sv\/wp-json\/wp\/v2\/product_brand?post=13344"},{"taxonomy":"product_cat","embeddable":true,"href":"https:\/\/nordicmart.andreevmaster.com\/sv\/wp-json\/wp\/v2\/product_cat?post=13344"},{"taxonomy":"product_tag","embeddable":true,"href":"https:\/\/nordicmart.andreevmaster.com\/sv\/wp-json\/wp\/v2\/product_tag?post=13344"}],"curies":[{"name":"wp","href":"https:\/\/api.w.org\/{rel}","templated":true}]}}