{"id":13343,"date":"2026-02-27T00:17:32","date_gmt":"2026-02-27T00:17:32","guid":{"rendered":"https:\/\/nordicmart.andreevmaster.com\/product\/vasagle-barstolar-hoga-barstolar-kokspallar-med-bojt-ryggstod\/"},"modified":"2026-02-27T08:10:49","modified_gmt":"2026-02-27T08:10:49","slug":"vasagle-barstolar-hoga-barstolar-kokspallar-med-bojt-ryggstod","status":"publish","type":"product","link":"https:\/\/nordicmart.andreevmaster.com\/sv\/produkt\/vasagle-barstolar-hoga-barstolar-kokspallar-med-bojt-ryggstod\/","title":{"rendered":"VASAGLE Barstolar h\u00f6ga barstolar k\u00f6kspallar med b\u00f6jt ryggst\u00f6d"},"content":{"rendered":"<p>VASAGLE LBC087B01 Barstolar, barstolar, h\u00f6g bar, k\u00f6ksstolar med b\u00f6jt ryggst\u00f6d, tillverkade av PE-rotting, Boho, 48,2 x 45,7 x 92 cm, svart, 2 stycken<br \/>\nF\u00e4rg: bl\u00e4ksvart<br \/>\nF\u00f6rpackningsm\u00e5tt: 84,5 x 45,5 x 27,5 cm; 11,4 kg<br \/>\nArtikelvikt: \u200e11,4 kg<\/p>\n","protected":false},"excerpt":{"rendered":"<p>VASAGLE LBC087B01 Barstolar, barstolar, h\u00f6g bar, k\u00f6ksstolar med b\u00f6jt ryggst\u00f6d, tillverkade av PE-rotting, Boho, 48,2 x 45,7 x 92 cm, svart, 2 stycken<\/p>\n","protected":false},"featured_media":41495,"comment_status":"open","ping_status":"closed","template":"","meta":[],"product_brand":[],"product_cat":[33],"product_tag":[],"class_list":{"0":"post-13343","1":"product","2":"type-product","3":"status-publish","4":"has-post-thumbnail","6":"product_cat-okategoriserad","8":"first","9":"instock","10":"shipping-taxable","11":"purchasable","12":"product-type-simple"},"_links":{"self":[{"href":"https:\/\/nordicmart.andreevmaster.com\/sv\/wp-json\/wp\/v2\/product\/13343","targetHints":{"allow":["GET"]}}],"collection":[{"href":"https:\/\/nordicmart.andreevmaster.com\/sv\/wp-json\/wp\/v2\/product"}],"about":[{"href":"https:\/\/nordicmart.andreevmaster.com\/sv\/wp-json\/wp\/v2\/types\/product"}],"replies":[{"embeddable":true,"href":"https:\/\/nordicmart.andreevmaster.com\/sv\/wp-json\/wp\/v2\/comments?post=13343"}],"wp:featuredmedia":[{"embeddable":true,"href":"https:\/\/nordicmart.andreevmaster.com\/sv\/wp-json\/wp\/v2\/media\/41495"}],"wp:attachment":[{"href":"https:\/\/nordicmart.andreevmaster.com\/sv\/wp-json\/wp\/v2\/media?parent=13343"}],"wp:term":[{"taxonomy":"product_brand","embeddable":true,"href":"https:\/\/nordicmart.andreevmaster.com\/sv\/wp-json\/wp\/v2\/product_brand?post=13343"},{"taxonomy":"product_cat","embeddable":true,"href":"https:\/\/nordicmart.andreevmaster.com\/sv\/wp-json\/wp\/v2\/product_cat?post=13343"},{"taxonomy":"product_tag","embeddable":true,"href":"https:\/\/nordicmart.andreevmaster.com\/sv\/wp-json\/wp\/v2\/product_tag?post=13343"}],"curies":[{"name":"wp","href":"https:\/\/api.w.org\/{rel}","templated":true}]}}